{"id":3280,"date":"2022-12-08T08:40:56","date_gmt":"2022-12-08T08:40:56","guid":{"rendered":"http:\/\/site2.easyceotech.com\/?post_type=product&#038;p=3280"},"modified":"2024-03-12T08:00:07","modified_gmt":"2024-03-12T08:00:07","slug":"glabridin","status":"publish","type":"product","link":"https:\/\/wpachem.com\/vi\/product\/glabridin\/","title":{"rendered":"Glabridin"},"content":{"rendered":"<p>T\u00ednh n\u0103ng s\u1ea3n ph\u1ea9m:<\/p>\n<p>M\u1ed9t th\u00e0nh ph\u1ea7n isoflavone \u0111\u1eb7c hi\u1ec7u c\u00f3 trong r\u1ec5 cam th\u1ea3o glycyrrhiza glabra, h\u00f2a tan trong propylene glycol, butanediol v\u00e0 c\u00e1c dung m\u00f4i h\u1eefu c\u01a1 kh\u00e1c, c\u00f3 kh\u1ea3 n\u0103ng \u1ee9c ch\u1ebf ho\u1ea1t \u0111\u1ed9ng v\u00e0 t\u1ea1o ra tyrosinase m\u1ea1nh, \u0111\u01b0\u1ee3c bi\u1ebft \u0111\u1ebfn l\u00e0 m\u1ed9t trong nh\u1eefng ch\u1ea5t l\u00e0m tr\u1eafng t\u1ef1 nhi\u00ean t\u1ed1t nh\u1ea5t.<\/p>\n<p>&nbsp;<\/p>\n<p>Li\u1ec1u l\u01b0\u1ee3ng v\u00e0 ph\u1ea1m vi s\u1eed d\u1ee5ng: l\u00e0m tr\u1eafng, ch\u1ed1ng n\u1eafng, ch\u1ed1ng t\u00e0n nhang, ph\u1ee5c h\u1ed3i t\u1ed5n th\u01b0\u01a1ng do tia c\u1ef1c t\u00edm, ch\u1ed1ng vi\u00eam, ch\u1ed1ng oxy h\u00f3a, ch\u1ed1ng l\u00e3o h\u00f3a.<\/p>\n<p>&nbsp;<\/p>\n<p>Li\u1ec1u l\u01b0\u1ee3ng \u0111\u1ec1 xu\u1ea5t: 0,05-5,0%, ng\u01b0\u1eddi ti\u00eau th\u1ee5 c\u00f3 th\u1ec3 \u0111i\u1ec1u ch\u1ec9nh ph\u00f9 h\u1ee3p theo y\u00eau c\u1ea7u s\u1ea3n xu\u1ea5t.<\/p>","protected":false},"excerpt":{"rendered":"<p>T\u00ean INCI: Chi\u1ebft xu\u1ea5t r\u1ec5 c\u00e2y Glycyrrhiza Glabra (Cam th\u1ea3o) (Glabridin)<\/p>\n<p>S\u1ed1 CAS: 59870-68-7<\/p>\n<p>Ngo\u1ea1i quan: B\u1ed9t m\u00e0u n\u00e2u ho\u1eb7c tr\u1eafng<\/p>\n<p>&nbsp;<\/p>","protected":false},"featured_media":2104,"template":"","meta":{"_acf_changed":false,"_gspb_post_css":""},"product_brand":[],"product_cat":[60],"product_tag":[],"class_list":{"0":"post-3280","1":"product","2":"type-product","3":"status-publish","4":"has-post-thumbnail","6":"product_cat-cosmetic-ingredients","8":"first","9":"instock","10":"shipping-taxable","11":"product-type-simple"},"acf":[],"_links":{"self":[{"href":"https:\/\/wpachem.com\/vi\/wp-json\/wp\/v2\/product\/3280","targetHints":{"allow":["GET"]}}],"collection":[{"href":"https:\/\/wpachem.com\/vi\/wp-json\/wp\/v2\/product"}],"about":[{"href":"https:\/\/wpachem.com\/vi\/wp-json\/wp\/v2\/types\/product"}],"version-history":[{"count":0,"href":"https:\/\/wpachem.com\/vi\/wp-json\/wp\/v2\/product\/3280\/revisions"}],"wp:featuredmedia":[{"embeddable":true,"href":"https:\/\/wpachem.com\/vi\/wp-json\/wp\/v2\/media\/2104"}],"wp:attachment":[{"href":"https:\/\/wpachem.com\/vi\/wp-json\/wp\/v2\/media?parent=3280"}],"wp:term":[{"taxonomy":"product_brand","embeddable":true,"href":"https:\/\/wpachem.com\/vi\/wp-json\/wp\/v2\/product_brand?post=3280"},{"taxonomy":"product_cat","embeddable":true,"href":"https:\/\/wpachem.com\/vi\/wp-json\/wp\/v2\/product_cat?post=3280"},{"taxonomy":"product_tag","embeddable":true,"href":"https:\/\/wpachem.com\/vi\/wp-json\/wp\/v2\/product_tag?post=3280"}],"curies":[{"name":"wp","href":"https:\/\/api.w.org\/{rel}","templated":true}]}}