{"id":3283,"date":"2022-12-08T09:10:20","date_gmt":"2022-12-08T09:10:20","guid":{"rendered":"http:\/\/site2.easyceotech.com\/?post_type=product&#038;p=3283"},"modified":"2024-03-12T08:00:01","modified_gmt":"2024-03-12T08:00:01","slug":"nicotinamide","status":"publish","type":"product","link":"https:\/\/wpachem.com\/vi\/product\/nicotinamide\/","title":{"rendered":"Nicotinamid"},"content":{"rendered":"<p>Nicotinamide, c\u00f2n \u0111\u01b0\u1ee3c g\u1ecdi l\u00e0 nicotinamide, vitamin B3 ho\u1eb7c vitamin PP, l\u00e0 m\u1ed9t lo\u1ea1i vitamin tan trong n\u01b0\u1edbc, thu\u1ed9c nh\u00f3m vitamin B, c\u00f3 t\u00ednh h\u00fat \u1ea9m y\u1ebfu. \u1ed4n \u0111\u1ecbnh, c\u00f3 th\u1ec3 ch\u1ed1ng l\u1ea1i axit, ki\u1ec1m v\u00e0 nhi\u1ec7t \u0111\u1ed9 cao trong kh\u00f4ng kh\u00ed kh\u00f4, \u1ed5n \u0111\u1ecbnh \u00e1nh s\u00e1ng v\u00e0 nhi\u1ec7t.<\/p>\n<p>1. D\u01b0\u1ee1ng \u1ea9m, ki\u1ec3m so\u00e1t d\u1ea7u v\u00e0 gi\u1ea3m m\u1ee5n \u0111\u1ea7u \u0111en<br \/>\nNicotinamide c\u00f3 t\u00e1c d\u1ee5ng l\u00e0m gi\u1ea3m hi\u1ec7u qu\u1ea3 t\u00ecnh tr\u1ea1ng m\u1ea5t n\u01b0\u1edbc qua da, ki\u1ec3m so\u00e1t d\u1ea7u, gi\u1ea3m m\u1ee5n \u0111\u1ea7u \u0111en, m\u1ee5n tr\u1ee9ng c\u00e1.<\/p>\n<p>2. Ch\u1ed1ng nh\u0103n t\u1ed1t<br \/>\nKh\u1ea3 n\u0103ng ch\u1ed1ng nh\u0103n c\u1ee7a nicotinamide n\u1eb1m \u1edf kh\u1ea3 n\u0103ng ho\u1ea1t h\u00f3a ATP, cung c\u1ea5p s\u1ee9c s\u1ed1ng cho t\u1ebf b\u00e0o keratin, t\u0103ng t\u1ed5ng h\u1ee3p collagen v\u00e0 c\u00f3 kh\u1ea3 n\u0103ng hi\u1ec7p \u0111\u1ed3ng t\u1ed1t. C\u00f3 th\u1ec3 s\u1eed d\u1ee5ng c\u00f9ng v\u1edbi c\u00e1c th\u00e0nh ph\u1ea7n ch\u1ed1ng nh\u0103n kh\u00e1c.<\/p>\n<p>3. Hi\u1ec7u qu\u1ea3 ch\u1ed1ng n\u1eafng ph\u1ee5 tr\u1ee3 t\u1ed1t<br \/>\nNicotinamide c\u00f3 hi\u1ec7u qu\u1ea3 trong vi\u1ec7c l\u00e0m gi\u1ea3m t\u00ecnh tr\u1ea1ng suy gi\u1ea3m mi\u1ec5n d\u1ecbch do \u00e1nh s\u00e1ng tr\u00ean da d\u01b0\u1edbi t\u00e1c \u0111\u1ed9ng c\u1ee7a tia c\u1ef1c t\u00edm.<\/p>\n<p>4. S\u1ef1 d\u1ecbu d\u00e0ng t\u1ed1t \u0111\u1eb9p<br \/>\nSo v\u1edbi vitamin C, d\u1eabn xu\u1ea5t resorcinol v\u00e0 c\u00e1c th\u00e0nh ph\u1ea7n kh\u00e1c, nicotinamide nh\u1eb9 kh\u00f4ng t\u1ec7.<\/p>\n<p>&nbsp;<\/p>\n<p><strong>\u1ee8ng d\u1ee5ng:\u00a0<\/strong><\/p>\n<p>\u0110\u01b0\u1ee3c s\u1eed d\u1ee5ng trong c\u00e1c s\u1ea3n ph\u1ea9m ch\u0103m s\u00f3c da \u0111\u1ec3 ng\u0103n ng\u1eeba da th\u00f4 r\u00e1p, duy tr\u00ec t\u1ebf b\u00e0o da kh\u1ecfe m\u1ea1nh v\u00e0 th\u00fac \u0111\u1ea9y l\u00e0m tr\u1eafng da. \u0110\u01b0\u1ee3c s\u1eed d\u1ee5ng trong ch\u0103m s\u00f3c t\u00f3c c\u00f3 th\u1ec3 th\u00fac \u0111\u1ea9y l\u01b0u th\u00f4ng m\u00e1u da \u0111\u1ea7u, nang t\u00f3c kh\u1ecfe m\u1ea1nh, th\u00fac \u0111\u1ea9y m\u1ecdc t\u00f3c, ng\u0103n ng\u1eeba h\u00f3i \u0111\u1ea7u.<\/p>","protected":false},"excerpt":{"rendered":"<p>T\u00ean INCI: Nicotinamide<\/p>\n<p>S\u1ed1 CAS: 98-92-0<\/p>\n<p>Ngo\u1ea1i quan: B\u1ed9t tinh th\u1ec3 m\u00e0u tr\u1eafng<\/p>","protected":false},"featured_media":2147,"template":"","meta":{"_acf_changed":false,"_gspb_post_css":""},"product_brand":[],"product_cat":[60],"product_tag":[],"class_list":{"0":"post-3283","1":"product","2":"type-product","3":"status-publish","4":"has-post-thumbnail","6":"product_cat-cosmetic-ingredients","8":"first","9":"instock","10":"shipping-taxable","11":"product-type-simple"},"acf":[],"_links":{"self":[{"href":"https:\/\/wpachem.com\/vi\/wp-json\/wp\/v2\/product\/3283","targetHints":{"allow":["GET"]}}],"collection":[{"href":"https:\/\/wpachem.com\/vi\/wp-json\/wp\/v2\/product"}],"about":[{"href":"https:\/\/wpachem.com\/vi\/wp-json\/wp\/v2\/types\/product"}],"version-history":[{"count":0,"href":"https:\/\/wpachem.com\/vi\/wp-json\/wp\/v2\/product\/3283\/revisions"}],"wp:featuredmedia":[{"embeddable":true,"href":"https:\/\/wpachem.com\/vi\/wp-json\/wp\/v2\/media\/2147"}],"wp:attachment":[{"href":"https:\/\/wpachem.com\/vi\/wp-json\/wp\/v2\/media?parent=3283"}],"wp:term":[{"taxonomy":"product_brand","embeddable":true,"href":"https:\/\/wpachem.com\/vi\/wp-json\/wp\/v2\/product_brand?post=3283"},{"taxonomy":"product_cat","embeddable":true,"href":"https:\/\/wpachem.com\/vi\/wp-json\/wp\/v2\/product_cat?post=3283"},{"taxonomy":"product_tag","embeddable":true,"href":"https:\/\/wpachem.com\/vi\/wp-json\/wp\/v2\/product_tag?post=3283"}],"curies":[{"name":"wp","href":"https:\/\/api.w.org\/{rel}","templated":true}]}}