{"id":3286,"date":"2022-12-08T09:22:07","date_gmt":"2022-12-08T09:22:07","guid":{"rendered":"http:\/\/site2.easyceotech.com\/?post_type=product&#038;p=3286"},"modified":"2024-03-12T07:59:58","modified_gmt":"2024-03-12T07:59:58","slug":"ceramides","status":"publish","type":"product","link":"https:\/\/wpachem.com\/vi\/product\/ceramides\/","title":{"rendered":"Ceramide"},"content":{"rendered":"<p>Ceramide l\u00e0 m\u1ed9t lo\u1ea1i phospholipid c\u00f3 ceramide l\u00e0 b\u1ed9 x\u01b0\u01a1ng, c\u00f3 kh\u1ea3 n\u0103ng li\u00ean k\u1ebft c\u00e1c ph\u00e2n t\u1eed n\u01b0\u1edbc m\u1ea1nh m\u1ebd v\u00e0 duy tr\u00ec \u0111\u1ed9 \u1ea9m cho da b\u1eb1ng c\u00e1ch h\u00ecnh th\u00e0nh c\u1ea5u tr\u00fac m\u1ea1ng l\u01b0\u1edbi trong l\u1edbp bi\u1ec3u b\u00ec. Do \u0111\u00f3, ceramide gi\u1eef \u0111\u1ed9 \u1ea9m cho da. Ceramide l\u00e0 th\u1ebf h\u1ec7 ch\u1ea5t gi\u1eef \u1ea9m m\u1edbi nh\u1ea5t \u0111\u01b0\u1ee3c ph\u00e1t tri\u1ec3n trong nh\u1eefng n\u0103m g\u1ea7n \u0111\u00e2y. \u0110\u00e2y l\u00e0 m\u1ed9t ch\u1ea5t lipid h\u00f2a tan trong n\u01b0\u1edbc. N\u00f3 t\u01b0\u01a1ng t\u1ef1 nh\u01b0 c\u1ea5u tr\u00fac ch\u1ea5t c\u1ee7a l\u1edbp bi\u1ec3u b\u00ec da v\u00e0 c\u00f3 th\u1ec3 th\u1ea9m th\u1ea5u v\u00e0o da nhanh ch\u00f3ng.<\/p>\n<p><strong>\u0110\u1eb7c tr\u01b0ng:<\/strong><\/p>\n<p>1. Hi\u1ec7u qu\u1ea3 d\u01b0\u1ee1ng \u1ea9m: Ceramide l\u00e0 th\u00e0nh ph\u1ea7n ch\u00ednh c\u1ee7a lipid trong l\u1edbp bi\u1ec3u b\u00ec da, c\u00f3 th\u1ec3 gi\u00fap ph\u1ee5c h\u1ed3i h\u00e0ng r\u00e0o b\u1ea3o v\u1ec7 da v\u00e0 l\u00e0m cho da m\u1ec1m m\u1ea1i v\u00e0 s\u00e1ng b\u00f3ng.<br \/>\n2. Hi\u1ec7u \u1ee9ng r\u00e0o c\u1ea3n: l\u01b0\u1ee3ng ceramide \u0111\u1ee7 trong da c\u00f3 th\u1ec3 ch\u1ed1ng l\u1ea1i c\u00e1c k\u00edch th\u00edch b\u00ean ngo\u00e0i<br \/>\n3, T\u00e1c d\u1ee5ng ch\u1ed1ng d\u1ecb \u1ee9ng: ceramide c\u00f3 th\u1ec3 gi\u00fap l\u00e0m d\u00e0y l\u1edbp bi\u1ec3u b\u00ec, c\u1ea3i thi\u1ec7n kh\u1ea3 n\u0103ng ch\u1ecbu \u0111\u1ef1ng c\u1ee7a da, b\u1ea3o v\u1ec7 da kh\u1ecfi s\u1ef1 x\u00e2m nh\u1eadp c\u00f3 h\u1ea1i t\u1eeb b\u00ean ngo\u00e0i, tr\u00e1nh t\u00ecnh tr\u1ea1ng nh\u1ea1y c\u1ea3m v\u00e0 ph\u1ee5c h\u1ed3i vai tr\u00f2 c\u1ee7a h\u1ed3ng c\u1ea7u.<br \/>\n4. Ngo\u00e0i ra, ceramide c\u00f2n c\u00f3 t\u00e1c d\u1ee5ng ch\u1ed1ng l\u00e3o h\u00f3a, l\u00e0m tr\u1eafng v\u00e0 ch\u1ed1ng oxy h\u00f3a r\u1ea5t t\u1ed1t.<\/p>","protected":false},"excerpt":{"rendered":"<p><strong>T\u00ean INCI:<\/strong> Ceramide<\/p>\n<p><strong>S\u1ed1 CAS:<\/strong> 100403-19-8<\/p>\n<p><strong>V\u1ebb b\u1ec1 ngo\u00e0i:<\/strong> Ch\u1ea5t l\u1ecfng trong su\u1ed1t<\/p>","protected":false},"featured_media":2081,"template":"","meta":{"_acf_changed":false,"_gspb_post_css":""},"product_brand":[],"product_cat":[60],"product_tag":[],"class_list":{"0":"post-3286","1":"product","2":"type-product","3":"status-publish","4":"has-post-thumbnail","6":"product_cat-cosmetic-ingredients","8":"first","9":"instock","10":"shipping-taxable","11":"product-type-simple"},"acf":[],"_links":{"self":[{"href":"https:\/\/wpachem.com\/vi\/wp-json\/wp\/v2\/product\/3286","targetHints":{"allow":["GET"]}}],"collection":[{"href":"https:\/\/wpachem.com\/vi\/wp-json\/wp\/v2\/product"}],"about":[{"href":"https:\/\/wpachem.com\/vi\/wp-json\/wp\/v2\/types\/product"}],"version-history":[{"count":0,"href":"https:\/\/wpachem.com\/vi\/wp-json\/wp\/v2\/product\/3286\/revisions"}],"wp:featuredmedia":[{"embeddable":true,"href":"https:\/\/wpachem.com\/vi\/wp-json\/wp\/v2\/media\/2081"}],"wp:attachment":[{"href":"https:\/\/wpachem.com\/vi\/wp-json\/wp\/v2\/media?parent=3286"}],"wp:term":[{"taxonomy":"product_brand","embeddable":true,"href":"https:\/\/wpachem.com\/vi\/wp-json\/wp\/v2\/product_brand?post=3286"},{"taxonomy":"product_cat","embeddable":true,"href":"https:\/\/wpachem.com\/vi\/wp-json\/wp\/v2\/product_cat?post=3286"},{"taxonomy":"product_tag","embeddable":true,"href":"https:\/\/wpachem.com\/vi\/wp-json\/wp\/v2\/product_tag?post=3286"}],"curies":[{"name":"wp","href":"https:\/\/api.w.org\/{rel}","templated":true}]}}