{"id":3289,"date":"2022-12-09T05:39:06","date_gmt":"2022-12-09T05:39:06","guid":{"rendered":"http:\/\/site2.easyceotech.com\/?post_type=product&#038;p=3289"},"modified":"2024-03-12T07:59:54","modified_gmt":"2024-03-12T07:59:54","slug":"ethylhexyl-methoxycinnamate-octinoxate","status":"publish","type":"product","link":"https:\/\/wpachem.com\/vi\/product\/ethylhexyl-methoxycinnamate-octinoxate\/","title":{"rendered":"Ethylhexyl Methoxycinnamate (Octinoxate)"},"content":{"rendered":"<p><strong>Th\u00f4ng tin \u1ee9ng d\u1ee5ng:<\/strong><\/p>\n<p>Ethylhexyl Methoxycinnamate (Octinoxate) l\u00e0 ch\u1ea5t h\u1ea5p th\u1ee5 UVB m\u1ea1nh. \u0110\u00e2y l\u00e0 ch\u1ea5t l\u1ecfng tan trong d\u1ea7u, kh\u00f4ng m\u00e0u, h\u1ea7u nh\u01b0 kh\u00f4ng m\u00f9i, v\u1eabn \u1edf d\u1ea1ng l\u1ecfng \u1edf nhi\u1ec7t \u0111\u1ed9 th\u1ea5p t\u1edbi -10\u2103 v\u00e0 c\u00f3 th\u1ec3 d\u1ec5 d\u00e0ng k\u1ebft h\u1ee3p v\u00e0o pha d\u1ea7u c\u1ee7a c\u00f4ng th\u1ee9c kem ch\u1ed1ng n\u1eafng. Ethylhexyl Methoxycinnamate (Octinoxate) l\u00e0m t\u0103ng SPF khi s\u1eed d\u1ee5ng k\u1ebft h\u1ee3p v\u1edbi c\u00e1c b\u1ed9 l\u1ecdc UV kh\u00e1c.<\/p>\n<p>N\u00f3 l\u00fd t\u01b0\u1edfng cho vi\u1ec7c t\u1ea1o th\u00e0nh c\u00e1c s\u1ea3n ph\u1ea9m kem ch\u1ed1ng n\u1eafng ch\u1ed1ng n\u01b0\u1edbc. Ethylhexyl Methoxycinnamate (Octinoxate) l\u00e0 ch\u1ea5t h\u00f2a tan tuy\u1ec7t v\u1eddi cho c\u00e1c ch\u1ea5t h\u1ea5p th\u1ee5 tia UV d\u1ea1ng tinh th\u1ec3, ch\u1eb3ng h\u1ea1n nh\u01b0 Ethylhexyl Methoxycinnamate (Octinoxate), Diethylhexyl Butamido Triazone, Diethylamino Hydroxybenzoyl Hexyl Benzoate v\u00e0 Bis-Ethylhexyloxyphenol Methoxyphenyl Triazine. Ethylhexyl Methoxycinnamate (Octinoxate) \u0111\u01b0\u1ee3c ch\u1ea5p thu\u1eadn tr\u00ean to\u00e0n th\u1ebf gi\u1edbi \u1edf nhi\u1ec1u n\u1ed3ng \u0111\u1ed9 kh\u00e1c nhau.<\/p>\n<p>&nbsp;<\/p>\n<p><strong>B\u01b0\u1edbc s\u00f3ng h\u1ea5p th\u1ee5:<\/strong> tia c\u1ef1c t\u00edm UVB<\/p>\n<p><strong>H\u1ea5p th\u1ee5 t\u1ed1i \u0111a:<\/strong> 311nm<\/p>\n<p><strong>\u0110\u1ed9 h\u00f2a tan:<\/strong> h\u00f2a tan trong d\u1ea7u<\/p>\n<p><strong>Th\u00eam v\u00e0o pha:<\/strong> pha d\u1ea7u<\/p>","protected":false},"excerpt":{"rendered":"<p><strong>T\u00ean INCI:<\/strong> Ethylhexyl Methoxycinnamate (Octinoxate)<\/p>\n<p><strong>CAS HNo.:<\/strong> 5466-77-3<\/p>\n<p><strong>M\u1ee5c l\u1ee5c:<\/strong> C18H26O3<\/p>\n<p><strong>V\u1ebb b\u1ec1 ngo\u00e0i:<\/strong> Ch\u1ea5t l\u1ecfng kh\u00f4ng m\u00e0u ho\u1eb7c v\u00e0ng nh\u1ea1t<\/p>","protected":false},"featured_media":2090,"template":"","meta":{"_acf_changed":false,"_gspb_post_css":""},"product_brand":[],"product_cat":[60],"product_tag":[],"class_list":{"0":"post-3289","1":"product","2":"type-product","3":"status-publish","4":"has-post-thumbnail","6":"product_cat-cosmetic-ingredients","8":"first","9":"instock","10":"shipping-taxable","11":"product-type-simple"},"acf":[],"_links":{"self":[{"href":"https:\/\/wpachem.com\/vi\/wp-json\/wp\/v2\/product\/3289","targetHints":{"allow":["GET"]}}],"collection":[{"href":"https:\/\/wpachem.com\/vi\/wp-json\/wp\/v2\/product"}],"about":[{"href":"https:\/\/wpachem.com\/vi\/wp-json\/wp\/v2\/types\/product"}],"version-history":[{"count":0,"href":"https:\/\/wpachem.com\/vi\/wp-json\/wp\/v2\/product\/3289\/revisions"}],"wp:featuredmedia":[{"embeddable":true,"href":"https:\/\/wpachem.com\/vi\/wp-json\/wp\/v2\/media\/2090"}],"wp:attachment":[{"href":"https:\/\/wpachem.com\/vi\/wp-json\/wp\/v2\/media?parent=3289"}],"wp:term":[{"taxonomy":"product_brand","embeddable":true,"href":"https:\/\/wpachem.com\/vi\/wp-json\/wp\/v2\/product_brand?post=3289"},{"taxonomy":"product_cat","embeddable":true,"href":"https:\/\/wpachem.com\/vi\/wp-json\/wp\/v2\/product_cat?post=3289"},{"taxonomy":"product_tag","embeddable":true,"href":"https:\/\/wpachem.com\/vi\/wp-json\/wp\/v2\/product_tag?post=3289"}],"curies":[{"name":"wp","href":"https:\/\/api.w.org\/{rel}","templated":true}]}}