{"id":3293,"date":"2022-12-09T06:13:36","date_gmt":"2022-12-09T06:13:36","guid":{"rendered":"http:\/\/site2.easyceotech.com\/?post_type=product&#038;p=3293"},"modified":"2024-03-12T07:59:51","modified_gmt":"2024-03-12T07:59:51","slug":"ascorbyl-palmitate","status":"publish","type":"product","link":"https:\/\/wpachem.com\/vi\/product\/ascorbyl-palmitate\/","title":{"rendered":"Ascorbyl Palmitate"},"content":{"rendered":"<p><strong>\u0110\u1eb7c tr\u01b0ng:<\/strong><\/p>\n<p>Ascorbyl Palmitate, c\u00f2n \u0111\u01b0\u1ee3c g\u1ecdi l\u00e0 axit ascorbic 6-palmitate v\u00e0 axit palmitic este axit ascorbic, l\u00e0 m\u1ed9t lo\u1ea1i b\u1ed9t m\u00e0u tr\u1eafng ho\u1eb7c tr\u1eafng v\u00e0ng. Ascorbyl Palmitate l\u00e0 m\u1ed9t trong nh\u1eefng ch\u1ea5t ch\u1ed1ng oxy h\u00f3a m\u1ea1nh nh\u1ea5t. N\u00f3 c\u00f3 th\u1ec3 ng\u0103n ng\u1eeba s\u1ef1 h\u00ecnh th\u00e0nh c\u1ee7a peroxide d\u1ea7u v\u00e0 l\u00e0m ch\u1eadm qu\u00e1 tr\u00ecnh oxy h\u00f3a c\u1ee7a d\u1ea7u \u0111\u1ed9ng v\u1eadt, d\u1ea7u th\u1ef1c v\u1eadt, c\u00e1, b\u01a1 th\u1ef1c v\u1eadt, s\u1eefa v\u00e0 carotenoid, t\u1ed1t h\u01a1n BHA v\u00e0 BHT. N\u1ebfu s\u1eed d\u1ee5ng k\u1ebft h\u1ee3p v\u1edbi vE v\u00e0 c\u00e1c ch\u1ea5t ch\u1ed1ng oxy h\u00f3a kh\u00e1c, hi\u1ec7u qu\u1ea3 ch\u1ed1ng oxy h\u00f3a s\u1ebd r\u00f5 r\u1ec7t h\u01a1n. Ch\u1ee7 y\u1ebfu l\u00e0 ch\u1ea5t ch\u1ed1ng oxy h\u00f3a, \u0111\u01b0\u1ee3c s\u1eed d\u1ee5ng r\u1ed9ng r\u00e3i trong th\u1ef1c ph\u1ea9m, y h\u1ecdc v\u00e0 c\u00e1c l\u0129nh v\u1ef1c kh\u00e1c.<\/p>","protected":false},"excerpt":{"rendered":"<p><strong>T\u00ean INCI:<\/strong> Ascorbyl Palmitate<\/p>\n<p><strong>S\u1ed1 CAS:<\/strong> 137-66-6<\/p>\n<p><strong>M\u1ee5c l\u1ee5c:<\/strong> C22H38O7<\/p>\n<p><strong>V\u1ebb b\u1ec1 ngo\u00e0i:<\/strong> B\u1ed9t m\u00e0u tr\u1eafng ho\u1eb7c v\u00e0ng nh\u1ea1t<\/p>","protected":false},"featured_media":2173,"template":"","meta":{"_acf_changed":false,"_gspb_post_css":""},"product_brand":[],"product_cat":[60],"product_tag":[],"class_list":{"0":"post-3293","1":"product","2":"type-product","3":"status-publish","4":"has-post-thumbnail","6":"product_cat-cosmetic-ingredients","8":"first","9":"instock","10":"shipping-taxable","11":"product-type-simple"},"acf":[],"_links":{"self":[{"href":"https:\/\/wpachem.com\/vi\/wp-json\/wp\/v2\/product\/3293","targetHints":{"allow":["GET"]}}],"collection":[{"href":"https:\/\/wpachem.com\/vi\/wp-json\/wp\/v2\/product"}],"about":[{"href":"https:\/\/wpachem.com\/vi\/wp-json\/wp\/v2\/types\/product"}],"version-history":[{"count":0,"href":"https:\/\/wpachem.com\/vi\/wp-json\/wp\/v2\/product\/3293\/revisions"}],"wp:featuredmedia":[{"embeddable":true,"href":"https:\/\/wpachem.com\/vi\/wp-json\/wp\/v2\/media\/2173"}],"wp:attachment":[{"href":"https:\/\/wpachem.com\/vi\/wp-json\/wp\/v2\/media?parent=3293"}],"wp:term":[{"taxonomy":"product_brand","embeddable":true,"href":"https:\/\/wpachem.com\/vi\/wp-json\/wp\/v2\/product_brand?post=3293"},{"taxonomy":"product_cat","embeddable":true,"href":"https:\/\/wpachem.com\/vi\/wp-json\/wp\/v2\/product_cat?post=3293"},{"taxonomy":"product_tag","embeddable":true,"href":"https:\/\/wpachem.com\/vi\/wp-json\/wp\/v2\/product_tag?post=3293"}],"curies":[{"name":"wp","href":"https:\/\/api.w.org\/{rel}","templated":true}]}}