{"id":3297,"date":"2022-12-09T09:05:54","date_gmt":"2022-12-09T09:05:54","guid":{"rendered":"http:\/\/site2.easyceotech.com\/?post_type=product&#038;p=3297"},"modified":"2024-03-12T07:59:44","modified_gmt":"2024-03-12T07:59:44","slug":"ascorbyl-glucoside","status":"publish","type":"product","link":"https:\/\/wpachem.com\/vi\/product\/ascorbyl-glucoside\/","title":{"rendered":"Glucoside Ascorbyl"},"content":{"rendered":"<p><strong>\u0110\u1eb7c tr\u01b0ng:<\/strong><\/p>\n<p>Ascorbate glucoside l\u00e0 m\u1ed9t d\u1ea1ng vitamin C, c\u00f2n \u0111\u01b0\u1ee3c g\u1ecdi l\u00e0 VC glucoside, Sau khi \u0111\u01b0\u1ee3c da h\u1ea5p th\u1ee5, n\u00f3 c\u00f3 th\u1ec3 \u0111\u01b0\u1ee3c chuy\u1ec3n \u0111\u1ed5i th\u00e0nh vitamin C. N\u00f3 l\u00e0m gi\u1ea3m chu\u1ed7i oxy h\u00f3a c\u1ee7a qu\u00e1 tr\u00ecnh s\u1ea3n xu\u1ea5t melanin th\u00e0nh dopa v\u00e0 do \u0111\u00f3 \u1ee9c ch\u1ebf s\u1ef1 h\u00ecnh th\u00e0nh melanin v\u00e0 c\u00f3 t\u00e1c d\u1ee5ng l\u00e0m tr\u1eafng. N\u00f3 c\u0169ng \u0111i\u1ec1u ch\u1ec9nh qu\u00e1 tr\u00ecnh t\u1ed5ng h\u1ee3p collagen. \u1ed4n \u0111\u1ecbnh trong nhi\u1ec1u \u0111i\u1ec1u ki\u1ec7n PH. c\u00f3 th\u1ec3 thay th\u1ebf VC nh\u01b0 m\u1ed9t t\u00e1c nh\u00e2n axit, ch\u1ea5t kh\u1eed, ch\u1ea5t ch\u1ed1ng oxy h\u00f3a, ch\u1ea5t t\u1ea9y tr\u1eafng v\u00e0 ch\u1ea5t \u1ed5n \u0111\u1ecbnh, \u0111\u01b0\u1ee3c s\u1eed d\u1ee5ng r\u1ed9ng r\u00e3i trong m\u1ef9 ph\u1ea9m, th\u1ef1c ph\u1ea9m v\u00e0 y h\u1ecdc v\u00e0 c\u00e1c l\u0129nh v\u1ef1c kh\u00e1c. L\u00e0 m\u1ed9t trong nh\u1eefng ch\u1ea5t ph\u1ee5 gia l\u00e0m tr\u1eafng \u0111\u01b0\u1ee3c c\u00f4ng nh\u1eadn nh\u1ea5t v\u00e0 l\u00e0 d\u1eabn xu\u1ea5t vitamin C \u1ed5n \u0111\u1ecbnh nh\u1ea5t, n\u00f3 c\u0169ng l\u00e0 th\u00e0nh ph\u1ea7n l\u00e0m tr\u1eafng \u0111\u01b0\u1ee3c s\u1eed d\u1ee5ng ph\u1ed5 bi\u1ebfn nh\u1ea5t cho c\u00e1c th\u01b0\u01a1ng hi\u1ec7u l\u1edbn. Ascorbate glucoside kh\u00f4ng ch\u1ec9 c\u00f3 t\u00e1c d\u1ee5ng l\u00e0m tr\u1eafng t\u1ed1t m\u00e0 c\u00f2n c\u00f3 t\u00ednh ch\u1ea5t h\u00f3a h\u1ecdc \u1ed5n \u0111\u1ecbnh v\u00e0 kh\u00f4ng g\u00e2y k\u00edch \u1ee9ng cho da. N\u00f3 \u0111\u01b0\u1ee3c s\u1eed d\u1ee5ng r\u1ed9ng r\u00e3i trong m\u1ef9 ph\u1ea9m trong v\u00e0 ngo\u00e0i n\u01b0\u1edbc<\/p>\n<p>&nbsp;<\/p>\n<p><strong>\u1ee8ng d\u1ee5ng:<\/strong> Kem d\u01b0\u1ee1ng da, s\u1eefa r\u1eeda m\u1eb7t, thu\u1ed1c nhu\u1ed9m t\u00f3c, kem l\u00e0m tr\u1eafng da<\/p>\n<p><strong>Ch\u1ee9c n\u0103ng:<\/strong> L\u00e0m tr\u1eafng, x\u00f3a t\u00e0n nhang, \u1ee9c ch\u1ebf melanin, th\u00fac \u0111\u1ea9y t\u1ed5ng h\u1ee3p collagen, d\u01b0\u1ee1ng \u1ea9m sau khi r\u00e1m n\u1eafng, ph\u1ee5c h\u1ed3i ban \u0111\u1ecf tr\u00ean da<\/p>","protected":false},"excerpt":{"rendered":"<p>T\u00ean INCI: Ascorbyl Glucoside<\/p>\n<p>S\u1ed1 CAS: 129499-78-1<\/p>\n<p>Ngo\u1ea1i quan: B\u1ed9t m\u00e0u tr\u1eafng<\/p>","protected":false},"featured_media":2217,"template":"","meta":{"_acf_changed":false,"_gspb_post_css":""},"product_brand":[],"product_cat":[60],"product_tag":[],"class_list":{"0":"post-3297","1":"product","2":"type-product","3":"status-publish","4":"has-post-thumbnail","6":"product_cat-cosmetic-ingredients","8":"first","9":"instock","10":"shipping-taxable","11":"product-type-simple"},"acf":[],"_links":{"self":[{"href":"https:\/\/wpachem.com\/vi\/wp-json\/wp\/v2\/product\/3297","targetHints":{"allow":["GET"]}}],"collection":[{"href":"https:\/\/wpachem.com\/vi\/wp-json\/wp\/v2\/product"}],"about":[{"href":"https:\/\/wpachem.com\/vi\/wp-json\/wp\/v2\/types\/product"}],"version-history":[{"count":0,"href":"https:\/\/wpachem.com\/vi\/wp-json\/wp\/v2\/product\/3297\/revisions"}],"wp:featuredmedia":[{"embeddable":true,"href":"https:\/\/wpachem.com\/vi\/wp-json\/wp\/v2\/media\/2217"}],"wp:attachment":[{"href":"https:\/\/wpachem.com\/vi\/wp-json\/wp\/v2\/media?parent=3297"}],"wp:term":[{"taxonomy":"product_brand","embeddable":true,"href":"https:\/\/wpachem.com\/vi\/wp-json\/wp\/v2\/product_brand?post=3297"},{"taxonomy":"product_cat","embeddable":true,"href":"https:\/\/wpachem.com\/vi\/wp-json\/wp\/v2\/product_cat?post=3297"},{"taxonomy":"product_tag","embeddable":true,"href":"https:\/\/wpachem.com\/vi\/wp-json\/wp\/v2\/product_tag?post=3297"}],"curies":[{"name":"wp","href":"https:\/\/api.w.org\/{rel}","templated":true}]}}