{"id":3314,"date":"2022-12-16T02:40:21","date_gmt":"2022-12-16T02:40:21","guid":{"rendered":"http:\/\/site2.easyceotech.com\/?post_type=product&#038;p=3314"},"modified":"2024-03-12T07:59:40","modified_gmt":"2024-03-12T07:59:40","slug":"cinnamic-acid","status":"publish","type":"product","link":"https:\/\/wpachem.com\/vi\/product\/cinnamic-acid\/","title":{"rendered":"Axit cinnamic"},"content":{"rendered":"<p><strong>\u0110\u1eb7c tr\u01b0ng:<\/strong><\/p>\n<p>Axit cinnamic l\u00e0 m\u1ed9t h\u1ee3p ch\u1ea5t h\u1eefu c\u01a1 c\u00f3 c\u00f4ng th\u1ee9c C6H5CH=CHCOOH. \u0110\u00e2y l\u00e0 m\u1ed9t h\u1ee3p ch\u1ea5t tinh th\u1ec3 m\u00e0u tr\u1eafng, \u00edt tan trong n\u01b0\u1edbc v\u00e0 tan t\u1ef1 do trong nhi\u1ec1u dung m\u00f4i h\u1eefu c\u01a1. \u0110\u01b0\u1ee3c ph\u00e2n lo\u1ea1i l\u00e0 m\u1ed9t axit cacboxylic kh\u00f4ng no, n\u00f3 c\u00f3 trong t\u1ef1 nhi\u00ean \u1edf m\u1ed9t s\u1ed1 lo\u1ea1i th\u1ef1c v\u1eadt. N\u00f3 t\u1ed3n t\u1ea1i d\u01b0\u1edbi d\u1ea1ng \u0111\u1ed3ng ph\u00e2n cis v\u00e0 trans, m\u1eb7c d\u00f9 d\u1ea1ng sau ph\u1ed5 bi\u1ebfn h\u01a1n.<\/p>\n<p>Axit cinnamic l\u00e0 ch\u1ea5t trung gian trung t\u00e2m trong qu\u00e1 tr\u00ecnh t\u1ed5ng h\u1ee3p sinh h\u1ecdc c\u1ee7a v\u00f4 s\u1ed1 s\u1ea3n ph\u1ea9m t\u1ef1 nhi\u00ean bao g\u1ed3m lignolsto lignin v\u00e0 ignocellulose, flavonoid, isoflavonoid, coumarin, aurones, stilbenes, catechin v\u00e0 phenylpropanoids. Qu\u00e1 tr\u00ecnh t\u1ed5ng h\u1ee3p sinh h\u1ecdc c\u1ee7a n\u00f3 \u0111\u01b0\u1ee3c th\u1ef1c hi\u1ec7n th\u00f4ng qua t\u00e1c \u0111\u1ed9ng c\u1ee7a enzyme phenylalanine ammonia-lyase (PAL) l\u00ean phenylalanine.<\/p>\n<p>Axit cinnamic l\u00e0 ti\u1ec1n ch\u1ea5t \u0111\u1ec3 t\u1ed5ng h\u1ee3p m\u1ed9t l\u01b0\u1ee3ng l\u1edbn c\u00e1c ch\u1ea5t th\u1ef1c v\u1eadt, bao g\u1ed3m lignin, tannin, flavonoid, s\u1eafc t\u1ed1, nhi\u1ec1u th\u00e0nh ph\u1ea7n t\u1ea1o h\u01b0\u01a1ng v\u1ecb cho gia v\u1ecb v\u00e0 nhi\u1ec1u lo\u1ea1i ancaloit, ch\u1eb3ng h\u1ea1n nh\u01b0 morphin v\u00e0 colchicin.<\/p>\n<p><strong>\u1ee8ng d\u1ee5ng:<\/strong><\/p>\n<p>\u0110\u01b0\u1ee3c s\u1eed d\u1ee5ng trong t\u1ed5ng h\u1ee3p methyl cinnamate, ethyl cinnamate, benzyl cinnamate, \u0111\u01b0\u1ee3c s\u1eed d\u1ee5ng r\u1ed9ng r\u00e3i trong c\u00f4ng nghi\u1ec7p gia v\u1ecb v\u00e0 c\u00f4ng nghi\u1ec7p d\u01b0\u1ee3c ph\u1ea9m.<\/p>\n<p>D\u00f9ng l\u00e0m gia v\u1ecb \u0111\u1ec3 ch\u1ebf bi\u1ebfn h\u01b0\u01a1ng v\u1ecb anh \u0111\u00e0o, m\u01a1, m\u1eadt ong, qu\u1ebf; C\u0169ng c\u00f3 th\u1ec3 d\u00f9ng l\u00e0m nguy\u00ean li\u1ec7u este cinnamate, nguy\u00ean li\u1ec7u c\u1ee7a nh\u1ef1a nh\u1ea1y s\u00e1ng polycinnamic acid ethylene; Nguy\u00ean li\u1ec7u \u0111\u1ec3 t\u1ed5ng h\u1ee3p metyl este, etyl este v\u00e0 benzyl este, c\u00f3 th\u1ec3 d\u00f9ng l\u00e0m gia v\u1ecb cho m\u1ef9 ph\u1ea9m, x\u00e0 ph\u00f2ng, thu\u1ed1c g\u00e2y t\u00ea t\u1ea1i ch\u1ed7, thu\u1ed1c c\u1ea7m m\u00e1u v\u00e0 thu\u1ed1c (lactat cardiodin v\u00e0 chlorphenaminobutyrat, v.v.);<\/p>\n<p>\u0110\u01b0\u1ee3c s\u1eed d\u1ee5ng l\u00e0m ch\u1ea5t \u0111i\u1ec1u h\u00f2a sinh tr\u01b0\u1edfng th\u1ef1c v\u1eadt, thu\u1ed1c di\u1ec7t n\u1ea5m v\u00e0 c\u00e1c nguy\u00ean li\u1ec7u thu\u1ed1c tr\u1eeb s\u00e2u kh\u00e1c;<\/p>\n<p>Ch\u1ea5t b\u1ea3o qu\u1ea3n cho tr\u00e1i c\u00e2y v\u00e0 rau qu\u1ea3;<\/p>\n<p>\u0110\u01b0\u1ee3c s\u1eed d\u1ee5ng l\u00e0m nguy\u00ean li\u1ec7u s\u1ea3n xu\u1ea5t ch\u1ea5t ch\u1ed1ng tia c\u1ef1c t\u00edm v\u00e0 nh\u1ef1a nh\u1ea1y s\u00e1ng, d\u00f9ng l\u00e0m kem ch\u1ed1ng n\u1eafng cho m\u1ef9 ph\u1ea9m.<\/p>","protected":false},"excerpt":{"rendered":"<p>T\u00ean s\u1ea3n ph\u1ea9m: Axit cinnamic<\/p>\n<p>S\u1ed1 CAS: 621-82-9<\/p>\n<p>Nguy\u00ean t\u1eed: C9H8O2<\/p>\n<p>Ngo\u1ea1i quan: B\u1ed9t m\u00e0u tr\u1eafng<\/p>","protected":false},"featured_media":2216,"template":"","meta":{"_acf_changed":false,"_gspb_post_css":""},"product_brand":[],"product_cat":[61],"product_tag":[],"class_list":{"0":"post-3314","1":"product","2":"type-product","3":"status-publish","4":"has-post-thumbnail","6":"product_cat-flavor-and-fragrance","8":"first","9":"instock","10":"shipping-taxable","11":"product-type-simple"},"acf":[],"_links":{"self":[{"href":"https:\/\/wpachem.com\/vi\/wp-json\/wp\/v2\/product\/3314","targetHints":{"allow":["GET"]}}],"collection":[{"href":"https:\/\/wpachem.com\/vi\/wp-json\/wp\/v2\/product"}],"about":[{"href":"https:\/\/wpachem.com\/vi\/wp-json\/wp\/v2\/types\/product"}],"version-history":[{"count":0,"href":"https:\/\/wpachem.com\/vi\/wp-json\/wp\/v2\/product\/3314\/revisions"}],"wp:featuredmedia":[{"embeddable":true,"href":"https:\/\/wpachem.com\/vi\/wp-json\/wp\/v2\/media\/2216"}],"wp:attachment":[{"href":"https:\/\/wpachem.com\/vi\/wp-json\/wp\/v2\/media?parent=3314"}],"wp:term":[{"taxonomy":"product_brand","embeddable":true,"href":"https:\/\/wpachem.com\/vi\/wp-json\/wp\/v2\/product_brand?post=3314"},{"taxonomy":"product_cat","embeddable":true,"href":"https:\/\/wpachem.com\/vi\/wp-json\/wp\/v2\/product_cat?post=3314"},{"taxonomy":"product_tag","embeddable":true,"href":"https:\/\/wpachem.com\/vi\/wp-json\/wp\/v2\/product_tag?post=3314"}],"curies":[{"name":"wp","href":"https:\/\/api.w.org\/{rel}","templated":true}]}}