{"id":3318,"date":"2022-12-16T02:58:08","date_gmt":"2022-12-16T02:58:08","guid":{"rendered":"http:\/\/site2.easyceotech.com\/?post_type=product&#038;p=3318"},"modified":"2024-03-12T06:58:22","modified_gmt":"2024-03-12T06:58:22","slug":"methyl-dihydrojasmonate","status":"publish","type":"product","link":"https:\/\/wpachem.com\/vi\/product\/methyl-dihydrojasmonate\/","title":{"rendered":"Methyl Dihydrojasmonate"},"content":{"rendered":"<p><strong>\u0110\u1eb7c tr\u01b0ng:<\/strong><\/p>\n<p>Methyl Dihydrojasmonate l\u00e0 m\u1ed9t h\u1ee3p ch\u1ea5t h\u01b0\u01a1ng th\u01a1m c\u00f3 m\u00f9i t\u01b0\u01a1ng t\u1ef1 nh\u01b0 hoa nh\u00e0i. Trong h\u1ed7n h\u1ee3p racemic, m\u00f9i l\u00e0 m\u00f9i hoa v\u00e0 cam qu\u00fdt trong khi h\u1ed7n h\u1ee3p epime h\u00f3a th\u1ec3 hi\u1ec7n m\u00f9i b\u01a1-hoa d\u00e0y \u0111\u1eb7c v\u1edbi ng\u01b0\u1ee1ng nh\u1eadn bi\u1ebft m\u00f9i l\u00e0 15 ph\u1ea7n t\u1ef7.<\/p>\n<p>&nbsp;<\/p>\n<p><strong>\u1ee8ng d\u1ee5ng:\u00a0<\/strong><\/p>\n<p>C\u00f3 th\u1ec3 d\u00f9ng \u0111\u1ec3 ch\u1ebf bi\u1ebfn tinh d\u1ea7u hoa nh\u00e0i nh\u00e2n t\u1ea1o, hoa nh\u00e0i v\u00e0 h\u01b0\u01a1ng ng\u1ecdc b\u00edch bu\u1ed5i t\u1ed1i. D\u00f9ng m\u1ed9t l\u01b0\u1ee3ng nh\u1ecf tr\u00ean hoa linh lan, l\u00e0m \u0111\u1eb7c l\u1ea1i v\u00e0 t\u1ea1o \u0111\u1ed9 tr\u00f2n nh\u1eb9. C\u0169ng d\u00f9ng trong h\u01b0\u01a1ng hoa lan Suxin kh\u00f4ng c\u00f3 hoa, h\u01b0\u01a1ng hoa ph\u01b0\u01a1ng \u0110\u00f4ng v\u00e0 h\u01b0\u01a1ng r\u1ed3ng m\u1edbi, hi\u1ec7u qu\u1ea3 t\u1ed1t. C\u00f3 th\u1ec3 d\u00f9ng k\u1ebft h\u1ee3p v\u1edbi h\u01b0\u01a1ng g\u1ed7<\/p>","protected":false},"excerpt":{"rendered":"<p>T\u00ean s\u1ea3n ph\u1ea9m: Methyl Dihydrojasmonate<\/p>\n<p>S\u1ed1 CAS: 24851-98-7<\/p>\n<p>MF: C13H22O3<\/p>\n<p>Ngo\u1ea1i quan: Ch\u1ea5t l\u1ecfng nh\u1eddn trong su\u1ed1t \u0111\u1ebfn v\u00e0ng nh\u1ea1t<\/p>","protected":false},"featured_media":3323,"template":"","meta":{"_acf_changed":false,"_gspb_post_css":""},"product_brand":[],"product_cat":[61],"product_tag":[],"class_list":{"0":"post-3318","1":"product","2":"type-product","3":"status-publish","4":"has-post-thumbnail","6":"product_cat-flavor-and-fragrance","8":"first","9":"instock","10":"shipping-taxable","11":"product-type-simple"},"acf":[],"_links":{"self":[{"href":"https:\/\/wpachem.com\/vi\/wp-json\/wp\/v2\/product\/3318","targetHints":{"allow":["GET"]}}],"collection":[{"href":"https:\/\/wpachem.com\/vi\/wp-json\/wp\/v2\/product"}],"about":[{"href":"https:\/\/wpachem.com\/vi\/wp-json\/wp\/v2\/types\/product"}],"version-history":[{"count":0,"href":"https:\/\/wpachem.com\/vi\/wp-json\/wp\/v2\/product\/3318\/revisions"}],"wp:featuredmedia":[{"embeddable":true,"href":"https:\/\/wpachem.com\/vi\/wp-json\/wp\/v2\/media\/3323"}],"wp:attachment":[{"href":"https:\/\/wpachem.com\/vi\/wp-json\/wp\/v2\/media?parent=3318"}],"wp:term":[{"taxonomy":"product_brand","embeddable":true,"href":"https:\/\/wpachem.com\/vi\/wp-json\/wp\/v2\/product_brand?post=3318"},{"taxonomy":"product_cat","embeddable":true,"href":"https:\/\/wpachem.com\/vi\/wp-json\/wp\/v2\/product_cat?post=3318"},{"taxonomy":"product_tag","embeddable":true,"href":"https:\/\/wpachem.com\/vi\/wp-json\/wp\/v2\/product_tag?post=3318"}],"curies":[{"name":"wp","href":"https:\/\/api.w.org\/{rel}","templated":true}]}}