{"id":3324,"date":"2022-12-16T03:15:44","date_gmt":"2022-12-16T03:15:44","guid":{"rendered":"http:\/\/site2.easyceotech.com\/?post_type=product&#038;p=3324"},"modified":"2024-03-12T07:59:28","modified_gmt":"2024-03-12T07:59:28","slug":"cis-3-hexenol","status":"publish","type":"product","link":"https:\/\/wpachem.com\/vi\/product\/cis-3-hexenol\/","title":{"rendered":"CIS-3-HEXENOL"},"content":{"rendered":"<p><strong>\u0110\u1eb7c tr\u01b0ng:<\/strong><\/p>\n<p>CIS-3-HEXENOL (C\u1ed3n l\u00e1) l\u00e0 m\u1ed9t trong nh\u1eefng h\u01b0\u01a1ng th\u01a1m quan tr\u1ecdng c\u1ee7a h\u01b0\u01a1ng hoa, h\u01b0\u01a1ng l\u00e1 xanh, m\u1ed9t h\u1ee3p ch\u1ea5t h\u01b0\u01a1ng, ch\u1ea5t l\u1ecfng kh\u00f4ng m\u00e0u, c\u00f3 h\u01b0\u01a1ng th\u01a1m xanh thanh l\u1ecbch. \u00cdt tan trong n\u01b0\u1edbc, tan trong ethanol, propylene glycol v\u00e0 c\u00e1c dung m\u00f4i h\u1eefu c\u01a1 kh\u00e1c, th\u01b0\u1eddng \u1edf d\u1ea1ng c\u1ed3n ho\u1eb7c este trong tr\u00e0, c\u00e0 chua, hoa m\u1ed9c t\u00ea, hoa nh\u00e0i, l\u00e1 th\u01a1m, b\u1ea1c h\u00e0, hoa violet v\u00e0 nhi\u1ec1u lo\u1ea1i c\u00e2y kh\u00e1c.<\/p>\n<p>&nbsp;<\/p>\n<p><strong>\u1ee8ng d\u1ee5ng:<\/strong><\/p>\n<p>R\u01b0\u1ee3u l\u00e1 \u0111\u01b0\u1ee3c s\u1eed d\u1ee5ng r\u1ed9ng r\u00e3i trong vi\u1ec7c ch\u1ebf bi\u1ebfn c\u00e1c h\u01b0\u01a1ng v\u1ecb t\u01b0\u01a1i m\u00e1t t\u1ef1 nhi\u00ean nh\u01b0 chu\u1ed1i, d\u00e2u t\u00e2y, cam qu\u00fdt, nho h\u1ed3ng, t\u00e1o, v.v. N\u00f3 c\u0169ng \u0111\u01b0\u1ee3c s\u1eed d\u1ee5ng v\u1edbi axit axetic, axit valeric, axit lactic v\u00e0 c\u00e1c este kh\u00e1c \u0111\u1ec3 thay \u0111\u1ed5i h\u01b0\u01a1ng v\u1ecb c\u1ee7a th\u1ef1c ph\u1ea9m, ch\u1ee7 y\u1ebfu \u0111\u01b0\u1ee3c s\u1eed d\u1ee5ng \u0111\u1ec3 \u1ee9c ch\u1ebf v\u1ecb ng\u1ecdt sau khi u\u1ed1ng c\u1ee7a \u0111\u1ed3 u\u1ed1ng gi\u1ea3i kh\u00e1t v\u00e0 n\u01b0\u1edbc \u00e9p tr\u00e1i c\u00e2y.<\/p>\n<p>R\u01b0\u1ee3u l\u00e1 c\u00f3 m\u00f9i th\u01a1m n\u1ed3ng c\u1ee7a c\u1ecf t\u01b0\u01a1i, l\u00e0 lo\u1ea1i h\u01b0\u01a1ng v\u1ecb trong su\u1ed1t ph\u1ed5 bi\u1ebfn c\u1ee7a c\u00e1c lo\u1ea1i gia v\u1ecb qu\u00fd. R\u01b0\u1ee3u l\u00e1 v\u00e0 c\u00e1c este c\u1ee7a n\u00f3 l\u00e0 ch\u1ea5t t\u1ea1o h\u01b0\u01a1ng kh\u00f4ng th\u1ec3 thi\u1ebfu trong s\u1ea3n xu\u1ea5t h\u01b0\u01a1ng li\u1ec7u.<\/p>\n<p>Trong ng\u00e0nh m\u1ef9 ph\u1ea9m, c\u1ed3n l\u00e1 \u0111\u01b0\u1ee3c s\u1eed d\u1ee5ng \u0111\u1ec3 \u0111i\u1ec1u ch\u1ebf nhi\u1ec1u lo\u1ea1i tinh d\u1ea7u nh\u00e2n t\u1ea1o t\u01b0\u01a1ng t\u1ef1 nh\u01b0 h\u01b0\u01a1ng th\u01a1m t\u1ef1 nhi\u00ean, ch\u1eb3ng h\u1ea1n nh\u01b0 lo\u1ea1i hoa linh lan, lo\u1ea1i \u0111inh h\u01b0\u01a1ng, lo\u1ea1i r\u00eau s\u1ed3i, lo\u1ea1i b\u1ea1c h\u00e0 v\u00e0 lo\u1ea1i hoa o\u1ea3i h\u01b0\u01a1ng, v.v., c\u0169ng c\u00f3 th\u1ec3 \u0111\u01b0\u1ee3c s\u1eed d\u1ee5ng \u0111\u1ec3 \u0111i\u1ec1u ch\u1ebf nhi\u1ec1u lo\u1ea1i h\u01b0\u01a1ng hoa, \u0111\u1ec3 tinh d\u1ea7u nh\u00e2n t\u1ea1o v\u00e0 h\u01b0\u01a1ng th\u01a1m c\u00f3 h\u01b0\u01a1ng th\u01a1m xanh. C\u1ed3n l\u00e1 c\u0169ng l\u00e0 m\u1ed9t nguy\u00ean li\u1ec7u quan tr\u1ecdng \u0111\u1ec3 t\u1ed5ng h\u1ee3p jasmonone v\u00e0 methyl jasmonate.<\/p>","protected":false},"excerpt":{"rendered":"<p>T\u00ean s\u1ea3n ph\u1ea9m: CIS-3-HEXENOL<\/p>\n<p>S\u1ed1 CAS: 928-96-1<\/p>\n<p>MF:C6H12O<\/p>\n<p>Ngo\u1ea1i quan: Ch\u1ea5t l\u1ecfng kh\u00f4ng m\u00e0u<\/p>","protected":false},"featured_media":2090,"template":"","meta":{"_acf_changed":false,"_gspb_post_css":""},"product_brand":[],"product_cat":[61],"product_tag":[],"class_list":{"0":"post-3324","1":"product","2":"type-product","3":"status-publish","4":"has-post-thumbnail","6":"product_cat-flavor-and-fragrance","8":"first","9":"instock","10":"shipping-taxable","11":"product-type-simple"},"acf":[],"_links":{"self":[{"href":"https:\/\/wpachem.com\/vi\/wp-json\/wp\/v2\/product\/3324","targetHints":{"allow":["GET"]}}],"collection":[{"href":"https:\/\/wpachem.com\/vi\/wp-json\/wp\/v2\/product"}],"about":[{"href":"https:\/\/wpachem.com\/vi\/wp-json\/wp\/v2\/types\/product"}],"version-history":[{"count":0,"href":"https:\/\/wpachem.com\/vi\/wp-json\/wp\/v2\/product\/3324\/revisions"}],"wp:featuredmedia":[{"embeddable":true,"href":"https:\/\/wpachem.com\/vi\/wp-json\/wp\/v2\/media\/2090"}],"wp:attachment":[{"href":"https:\/\/wpachem.com\/vi\/wp-json\/wp\/v2\/media?parent=3324"}],"wp:term":[{"taxonomy":"product_brand","embeddable":true,"href":"https:\/\/wpachem.com\/vi\/wp-json\/wp\/v2\/product_brand?post=3324"},{"taxonomy":"product_cat","embeddable":true,"href":"https:\/\/wpachem.com\/vi\/wp-json\/wp\/v2\/product_cat?post=3324"},{"taxonomy":"product_tag","embeddable":true,"href":"https:\/\/wpachem.com\/vi\/wp-json\/wp\/v2\/product_tag?post=3324"}],"curies":[{"name":"wp","href":"https:\/\/api.w.org\/{rel}","templated":true}]}}