{"id":3333,"date":"2022-12-16T05:46:12","date_gmt":"2022-12-16T05:46:12","guid":{"rendered":"http:\/\/site2.easyceotech.com\/?post_type=product&#038;p=3333"},"modified":"2024-03-12T07:58:35","modified_gmt":"2024-03-12T07:58:35","slug":"cis-3-hexenyl-acetate","status":"publish","type":"product","link":"https:\/\/wpachem.com\/vi\/product\/cis-3-hexenyl-acetate\/","title":{"rendered":"Cis-3-Hexenyl Acetate"},"content":{"rendered":"<p><span data-spm-anchor-id=\"a2700.details.0.i6.40d1449flEVxXg\">M\u1eadt \u0111\u1ed9 t\u01b0\u01a1ng \u0111\u1ed1i: 0,849~0,853<\/span><\/p>\n<p>Chi\u1ebft su\u1ea5t: 1.436~1.442<\/p>\n<p>\u0110i\u1ec3m ch\u1edbp ch\u00e1y: 62\u2103<\/p>\n<p>\u0110i\u1ec3m s\u00f4i: 156-157 \u00b0C<\/p>\n<p>Ngo\u1ea1i quan: Ch\u1ea5t l\u1ecfng kh\u00f4ng m\u00e0u<\/p>\n<p>\u0110\u1ed9 tinh khi\u1ebft \u226598%<\/p>\n<p><strong>\u1ee8ng d\u1ee5ng:\u00a0<\/strong>cis-3-Hexenyl acetate l\u00e0 ch\u1ea5t l\u1ecfng kh\u00f4ng m\u00e0u c\u00f3 m\u00f9i c\u1ecf xanh t\u01b0\u01a1i m\u1ea1nh m\u1ebd. S\u1ea3n ph\u1ea9m n\u00e0y \u0111\u01b0\u1ee3c s\u1eed d\u1ee5ng l\u00e0m h\u01b0\u01a1ng li\u1ec7u<br \/>\nt\u00e1c nh\u00e2n trong c\u00e1c \u1ee9ng d\u1ee5ng th\u1ef1c ph\u1ea9m v\u00e0 \u0111\u1ed3 u\u1ed1ng, \u0111\u1eb7c bi\u1ec7t l\u00e0 c\u00e1c lo\u1ea1i c\u00f3 h\u01b0\u01a1ng tr\u00e1i c\u00e2y\/b\u1ea1c h\u00e0.<\/p>","protected":false},"excerpt":{"rendered":"<p>T\u00ean s\u1ea3n ph\u1ea9m: Cis-3-Hexenyl Acetate<\/p>\n<p>S\u1ed1 CAS: 3681-71-8<\/p>\n<p>Ch\u1ea5t trung gian: C8H14O2<\/p>\n<p>Ngo\u1ea1i quan: Ch\u1ea5t l\u1ecfng kh\u00f4ng m\u00e0u \u0111\u1ebfn h\u01a1i v\u00e0ng<\/p>","protected":false},"featured_media":2089,"template":"","meta":{"_acf_changed":false,"_gspb_post_css":""},"product_brand":[],"product_cat":[61],"product_tag":[],"class_list":{"0":"post-3333","1":"product","2":"type-product","3":"status-publish","4":"has-post-thumbnail","6":"product_cat-flavor-and-fragrance","8":"first","9":"instock","10":"shipping-taxable","11":"product-type-simple"},"acf":[],"_links":{"self":[{"href":"https:\/\/wpachem.com\/vi\/wp-json\/wp\/v2\/product\/3333","targetHints":{"allow":["GET"]}}],"collection":[{"href":"https:\/\/wpachem.com\/vi\/wp-json\/wp\/v2\/product"}],"about":[{"href":"https:\/\/wpachem.com\/vi\/wp-json\/wp\/v2\/types\/product"}],"version-history":[{"count":0,"href":"https:\/\/wpachem.com\/vi\/wp-json\/wp\/v2\/product\/3333\/revisions"}],"wp:featuredmedia":[{"embeddable":true,"href":"https:\/\/wpachem.com\/vi\/wp-json\/wp\/v2\/media\/2089"}],"wp:attachment":[{"href":"https:\/\/wpachem.com\/vi\/wp-json\/wp\/v2\/media?parent=3333"}],"wp:term":[{"taxonomy":"product_brand","embeddable":true,"href":"https:\/\/wpachem.com\/vi\/wp-json\/wp\/v2\/product_brand?post=3333"},{"taxonomy":"product_cat","embeddable":true,"href":"https:\/\/wpachem.com\/vi\/wp-json\/wp\/v2\/product_cat?post=3333"},{"taxonomy":"product_tag","embeddable":true,"href":"https:\/\/wpachem.com\/vi\/wp-json\/wp\/v2\/product_tag?post=3333"}],"curies":[{"name":"wp","href":"https:\/\/api.w.org\/{rel}","templated":true}]}}