{"id":3336,"date":"2022-12-16T05:53:08","date_gmt":"2022-12-16T05:53:08","guid":{"rendered":"http:\/\/site2.easyceotech.com\/?post_type=product&#038;p=3336"},"modified":"2024-03-12T07:58:31","modified_gmt":"2024-03-12T07:58:31","slug":"helional-floramelon","status":"publish","type":"product","link":"https:\/\/wpachem.com\/vi\/product\/helional-floramelon\/","title":{"rendered":"Helional\/Floramelon"},"content":{"rendered":"<p>Helional\/Floramelon l\u00e0 m\u1ed9t h\u1ee3p ch\u1ea5t h\u1eefu c\u01a1 th\u01a1m, c\u00f3 th\u1ec3 \u0111\u01b0\u1ee3c coi l\u00e0 \u0111\u1ed3ng \u0111\u1eb3ng c\u1ee7a pepperaldehyde. N\u00f3 c\u00f3 c\u1ea5u tr\u00fac c\u1ee7a phenylpropanal v\u00e0 kh\u00f4ng tan trong n\u01b0\u1edbc nh\u01b0ng tan trong r\u01b0\u1ee3u. N\u00f3 c\u00f3 h\u01b0\u01a1ng hoa v\u00e0 th\u01b0\u1eddng \u0111\u01b0\u1ee3c s\u1eed d\u1ee5ng trong n\u01b0\u1edbc hoa th\u01b0\u01a1ng m\u1ea1i v\u00e0 h\u01b0\u01a1ng li\u1ec7u. Pepper propanal l\u00e0 m\u1ed9t lo\u1ea1i h\u01b0\u01a1ng d\u01b0a h\u1ea5u t\u01b0\u01a1i v\u00e0 h\u01b0\u01a1ng hoa linh lan v\u00e0 hoa nh\u00e0i nh\u1eb9 nh\u01b0 h\u01b0\u01a1ng th\u00ec l\u00e0, \u0111\u01b0\u1ee3c s\u1eed d\u1ee5ng r\u1ed9ng r\u00e3i trong vi\u1ec7c ch\u1ebf bi\u1ebfn hoa nh\u00e0i, hoa tai th\u1ecf v\u00e0 c\u00e1c lo\u1ea1i h\u01b0\u01a1ng hoa kh\u00e1c, h\u01b0\u01a1ng r\u1eebng, h\u01b0\u01a1ng gi\u00f3 bi\u1ec3n m\u1edbi, h\u01b0\u01a1ng th\u01a1m l\u00e2u d\u00e0i<\/p>\n<p><strong>\u0110\u1eb7c \u0111i\u1ec3m k\u1ef9 thu\u1eadt:<\/strong><\/p>\n<table>\n<tbody>\n<tr>\n<td width=\"236\"><strong>M\u1ee5c<\/strong><\/td>\n<td width=\"236\"><strong>Th\u00f4ng s\u1ed1 k\u1ef9 thu\u1eadt<\/strong><\/td>\n<\/tr>\n<tr>\n<td width=\"236\">V\u1ebb b\u1ec1 ngo\u00e0i<\/td>\n<td width=\"236\">Ch\u1ea5t l\u1ecfng m\u00e0u v\u00e0ng nh\u1ea1t<\/td>\n<\/tr>\n<tr>\n<td width=\"236\">\u0110\u1ed9 tinh khi\u1ebft<\/td>\n<td width=\"236\">\u226599%<\/td>\n<\/tr>\n<tr>\n<td width=\"236\">M\u00e0u s\u1eafc (APHA)<\/td>\n<td width=\"236\">\u226450<\/td>\n<\/tr>\n<tr>\n<td width=\"236\">N\u01b0\u1edbc<\/td>\n<td width=\"236\">\u22640,5%<\/td>\n<\/tr>\n<tr>\n<td width=\"236\">\u0110\u1ed9 axit (mgKOH\/g)<\/td>\n<td width=\"236\">\u22640,2<\/td>\n<\/tr>\n<\/tbody>\n<\/table>\n<p>&nbsp;<\/p>\n<p><strong>\u1ee8ng d\u1ee5ng:<\/strong> Helional\/Floramelon l\u00e0 m\u1ed9t lo\u1ea1i n\u01b0\u1edbc hoa \u0111\u01b0\u1ee3c s\u1eed d\u1ee5ng r\u1ed9ng r\u00e3i tr\u00ean to\u00e0n c\u1ea7u v\u1edbi h\u01b0\u01a1ng th\u01a1m nh\u1eb9 nh\u00e0ng, thoang tho\u1ea3ng nh\u01b0 m\u00f9i hoa th\u1ecf, th\u01b0\u1eddng th\u1ea5y trong c\u00e1c c\u00f4ng th\u1ee9c t\u1ea1o h\u01b0\u01a1ng m\u1ef9 ph\u1ea9m v\u00e0 x\u00e0 ph\u00f2ng.<\/p>","protected":false},"excerpt":{"rendered":"<p>T\u00ean s\u1ea3n ph\u1ea9m: Helional\/Floramelon<\/p>\n<p>S\u1ed1 CAS: 1205-17-0<\/p>\n<p>Ch\u1ea5t trung gian: C11H12O3<\/p>\n<p>Ngo\u1ea1i quan: Ch\u1ea5t l\u1ecfng m\u00e0u v\u00e0ng nh\u1ea1t<\/p>","protected":false},"featured_media":3321,"template":"","meta":{"_acf_changed":false,"_gspb_post_css":""},"product_brand":[],"product_cat":[61],"product_tag":[],"class_list":{"0":"post-3336","1":"product","2":"type-product","3":"status-publish","4":"has-post-thumbnail","6":"product_cat-flavor-and-fragrance","8":"first","9":"instock","10":"shipping-taxable","11":"product-type-simple"},"acf":[],"_links":{"self":[{"href":"https:\/\/wpachem.com\/vi\/wp-json\/wp\/v2\/product\/3336","targetHints":{"allow":["GET"]}}],"collection":[{"href":"https:\/\/wpachem.com\/vi\/wp-json\/wp\/v2\/product"}],"about":[{"href":"https:\/\/wpachem.com\/vi\/wp-json\/wp\/v2\/types\/product"}],"version-history":[{"count":0,"href":"https:\/\/wpachem.com\/vi\/wp-json\/wp\/v2\/product\/3336\/revisions"}],"wp:featuredmedia":[{"embeddable":true,"href":"https:\/\/wpachem.com\/vi\/wp-json\/wp\/v2\/media\/3321"}],"wp:attachment":[{"href":"https:\/\/wpachem.com\/vi\/wp-json\/wp\/v2\/media?parent=3336"}],"wp:term":[{"taxonomy":"product_brand","embeddable":true,"href":"https:\/\/wpachem.com\/vi\/wp-json\/wp\/v2\/product_brand?post=3336"},{"taxonomy":"product_cat","embeddable":true,"href":"https:\/\/wpachem.com\/vi\/wp-json\/wp\/v2\/product_cat?post=3336"},{"taxonomy":"product_tag","embeddable":true,"href":"https:\/\/wpachem.com\/vi\/wp-json\/wp\/v2\/product_tag?post=3336"}],"curies":[{"name":"wp","href":"https:\/\/api.w.org\/{rel}","templated":true}]}}