{"id":3339,"date":"2022-12-16T06:00:55","date_gmt":"2022-12-16T06:00:55","guid":{"rendered":"http:\/\/site2.easyceotech.com\/?post_type=product&#038;p=3339"},"modified":"2024-03-12T07:58:26","modified_gmt":"2024-03-12T07:58:26","slug":"glyceryl-tri2-ethylhexanoate-triethylhexanoin","status":"publish","type":"product","link":"https:\/\/wpachem.com\/vi\/product\/glyceryl-tri2-ethylhexanoate-triethylhexanoin\/","title":{"rendered":"Glyceryl tri(2-ethylhexanoat) \/Triethylhexanoin"},"content":{"rendered":"<div class=\"J_module\">\n<div class=\"detail-decorate-json-renderer-container\">\n<div class=\"magic-1\">\n<div class=\"magic-2\">\n<div class=\"magic-3\">\n<div class=\"magic-4\"><span class=\"magic-5\"><span data-spm-anchor-id=\"a2700.details.0.i8.5f2e7d4fld706u\">Glyceryl tri(2-ethylhexanoat) \/ Triethylhexanoin<\/span><\/span><\/div>\n<\/div>\n<\/div>\n<\/div>\n<\/div>\n<\/div>\n<div class=\"J_module\">\n<div class=\"detail-decorate-json-renderer-container\">\n<div class=\"magic-1\">\n<div class=\"magic-2\">\n<div class=\"magic-3\">\n<div class=\"magic-4\" data-spm-anchor-id=\"a2700.details.0.i7.5f2e7d4fld706u\">1\u3001<strong> Gi\u1edbi thi\u1ec7u s\u1ea3n ph\u1ea9m <\/strong><\/div>\n<ul>\n<li class=\"magic-4\" data-spm-anchor-id=\"a2700.details.0.i7.5f2e7d4fld706u\">\u00a01.1. T\u00ean ti\u1ebfng Trung: glycerol tris (Ethylhexanoic acid) este<\/li>\n<li class=\"magic-4\" data-spm-anchor-id=\"a2700.details.0.i7.5f2e7d4fld706u\">\u00a01.2. T\u00ean Inci: triethylhexanoin<\/li>\n<li data-spm-anchor-id=\"a2700.details.0.i7.5f2e7d4fld706u\"><\/li>\n<\/ul>\n<div class=\"magic-4\" data-spm-anchor-id=\"a2700.details.0.i7.5f2e7d4fld706u\">\n<div>2\u3001 <strong>T\u00ednh n\u0103ng s\u1ea3n ph\u1ea9m: <\/strong><\/div>\n<ul>\n<li>\u00a02.1. Hi\u1ec7u su\u1ea5t nhi\u1ec7t \u0111\u1ed9 th\u1ea5p tuy\u1ec7t v\u1eddi, m\u1ee1 ph\u00e2n nh\u00e1nh cao, \u0111\u1ed9 \u1ed5n \u0111\u1ecbnh t\u1ed1t, \u0111i\u1ec3m \u0111\u00f3ng b\u0103ng th\u1ea5p, c\u00f3 th\u1ec3 c\u1ea3i thi\u1ec7n hi\u1ec7u qu\u1ea3 kh\u1ea3 n\u0103ng ch\u1ed1ng \u0111\u00f3ng b\u0103ng c\u1ee7a s\u1ea3n ph\u1ea9m;<\/li>\n<li>2.2. D\u1ea7u d\u01b0\u1ee1ng \u1ea9m c\u1ef1c k\u1ef3 nh\u1eb9 v\u00e0 t\u01b0\u01a1i m\u00e1t, d\u01b0\u1ee1ng \u1ea9m v\u00e0 kh\u00f4ng g\u00e2y b\u1ebft d\u00ednh, c\u00f3 \u0111\u1ed9 \u1ed5n \u0111\u1ecbnh oxy h\u00f3a v\u00e0 \u0111\u1ed9 \u1ed5n \u0111\u1ecbnh th\u1ee7y ph\u00e2n t\u1ed1t, \u0111\u1eb7c bi\u1ec7t th\u00edch h\u1ee3p cho kem ch\u1ed1ng n\u1eafng v\u00e0 c\u00e1c s\u1ea3n ph\u1ea9m kh\u00e1c c\u00f3 y\u00eau c\u1ea7u cao v\u1ec1 \u0111\u1ed9 \u1ed5n \u0111\u1ecbnh th\u1ee7y ph\u00e2n d\u1ea7u;<\/li>\n<li>2.3. L\u00e0m m\u1edbi v\u00e0 d\u01b0\u1ee1ng \u1ea9m, th\u1ea5m kh\u00ed t\u1ed1t, kh\u1ea3 n\u0103ng lan t\u1ecfa t\u1ed1t, kh\u1ea3 n\u0103ng h\u00f2a tan v\u00e0 ph\u00e2n t\u00e1n tuy\u1ec7t v\u1eddi cho c\u00e1c ho\u1ea1t ch\u1ea5t, kem ch\u1ed1ng n\u1eafng h\u1eefu c\u01a1 v\u00e0 toner, c\u00f3 th\u1ec3 c\u1ea3i thi\u1ec7n hi\u1ec7u qu\u1ea3 v\u00e0 k\u1ebft c\u1ea5u c\u1ee7a s\u1ea3n ph\u1ea9m;<\/li>\n<li>2.4. C\u00f3 kh\u1ea3 n\u0103ng t\u01b0\u01a1ng th\u00edch t\u1ed1t, c\u00f3 th\u1ec3 d\u00f9ng l\u00e0m d\u1ea7u n\u1ec1n c\u1ee7a tinh d\u1ea7u, c\u00f3 kh\u1ea3 n\u0103ng t\u01b0\u01a1ng th\u00edch t\u1ed1t v\u1edbi c\u00e1c lo\u1ea1i d\u1ea7u kh\u00e1c;<\/li>\n<\/ul>\n<p>&nbsp;<\/p>\n<\/div>\n<\/div>\n<\/div>\n<\/div>\n<div><\/div>\n<div class=\"magic-1\">\n<div class=\"magic-2\">\n<div class=\"magic-3\">\n<div class=\"magic-4\" data-spm-anchor-id=\"a2700.details.0.i7.5f2e7d4fld706u\">\n<div><strong>3, M\u1ee5c \u0111\u00edch ch\u00ednh: <\/strong><\/div>\n<ul>\n<li>3.1 ch\u0103m s\u00f3c da, son m\u00f4i trang \u0111i\u1ec3m, kem n\u1ec1n trang \u0111i\u1ec3m, kem ch\u1ed1ng n\u1eafng, kem d\u01b0\u1ee1ng da, ch\u0103m s\u00f3c t\u00f3c<\/li>\n<\/ul>\n<p>&nbsp;<\/p>\n<div><\/div>\n<div><strong>4\u3001 Li\u1ec1u d\u00f9ng khuy\u1ebfn c\u00e1o Li\u1ec1u d\u00f9ng khuy\u1ebfn c\u00e1o:<\/strong> 2-15%, th\u00edch h\u1ee3p cho c\u00e1c nguy\u00ean li\u1ec7u th\u00f4 c\u00f3 d\u1ea7u c\u1ee7a nhi\u1ec1u lo\u1ea1i m\u1ef9 ph\u1ea9m.<\/div>\n<div><\/div>\n<div><\/div>\n<div><strong>5\u3001 Quy c\u00e1ch \u0111\u00f3ng g\u00f3i:<\/strong> Tr\u1ecdng l\u01b0\u1ee3ng t\u1ecbnh: 190kg\/th\u00f9ng<\/div>\n<\/div>\n<\/div>\n<\/div>\n<\/div>\n<\/div>\n<\/div>\n<p>&nbsp;<\/p>","protected":false},"excerpt":{"rendered":"<p>T\u00ean s\u1ea3n ph\u1ea9m:Triethylhexanoin<\/p>\n<p>S\u1ed1 CAS: 7360-38-5<\/p>\n<p>Ch\u1ea5t trung gian: C27H50O6<\/p>\n<p>Ngo\u1ea1i quan: Ch\u1ea5t l\u1ecfng trong su\u1ed1t kh\u00f4ng m\u00e0u<\/p>","protected":false},"featured_media":1891,"template":"","meta":{"_acf_changed":false,"_gspb_post_css":""},"product_brand":[],"product_cat":[63],"product_tag":[],"class_list":{"0":"post-3339","1":"product","2":"type-product","3":"status-publish","4":"has-post-thumbnail","6":"product_cat-industrial-chemicals","8":"first","9":"instock","10":"shipping-taxable","11":"product-type-simple"},"acf":[],"_links":{"self":[{"href":"https:\/\/wpachem.com\/vi\/wp-json\/wp\/v2\/product\/3339","targetHints":{"allow":["GET"]}}],"collection":[{"href":"https:\/\/wpachem.com\/vi\/wp-json\/wp\/v2\/product"}],"about":[{"href":"https:\/\/wpachem.com\/vi\/wp-json\/wp\/v2\/types\/product"}],"version-history":[{"count":0,"href":"https:\/\/wpachem.com\/vi\/wp-json\/wp\/v2\/product\/3339\/revisions"}],"wp:featuredmedia":[{"embeddable":true,"href":"https:\/\/wpachem.com\/vi\/wp-json\/wp\/v2\/media\/1891"}],"wp:attachment":[{"href":"https:\/\/wpachem.com\/vi\/wp-json\/wp\/v2\/media?parent=3339"}],"wp:term":[{"taxonomy":"product_brand","embeddable":true,"href":"https:\/\/wpachem.com\/vi\/wp-json\/wp\/v2\/product_brand?post=3339"},{"taxonomy":"product_cat","embeddable":true,"href":"https:\/\/wpachem.com\/vi\/wp-json\/wp\/v2\/product_cat?post=3339"},{"taxonomy":"product_tag","embeddable":true,"href":"https:\/\/wpachem.com\/vi\/wp-json\/wp\/v2\/product_tag?post=3339"}],"curies":[{"name":"wp","href":"https:\/\/api.w.org\/{rel}","templated":true}]}}