{"id":3342,"date":"2022-12-16T06:08:47","date_gmt":"2022-12-16T06:08:47","guid":{"rendered":"http:\/\/site2.easyceotech.com\/?post_type=product&#038;p=3342"},"modified":"2024-03-12T07:58:21","modified_gmt":"2024-03-12T07:58:21","slug":"cetyl-ethyl-hexanoate","status":"publish","type":"product","link":"https:\/\/wpachem.com\/vi\/product\/cetyl-ethyl-hexanoate\/","title":{"rendered":"Cetyl etyl hexanoat"},"content":{"rendered":"<p><span data-spm-anchor-id=\"a2700.details.0.i7.fbe7731awLoTJ2\"><strong>1\u3001 Gi\u1edbi thi\u1ec7u s\u1ea3n ph\u1ea9m <\/strong><\/span><\/p>\n<ul>\n<li><span data-spm-anchor-id=\"a2700.details.0.i7.fbe7731awLoTJ2\">1.1. T\u00ean h\u00f3a h\u1ecdc: cetyl ethyl hexanoate <\/span><\/li>\n<li><span data-spm-anchor-id=\"a2700.details.0.i7.fbe7731awLoTJ2\">1.2. T\u00ean Inci: cetyl ethlhexanoate <\/span><\/li>\n<li><span data-spm-anchor-id=\"a2700.details.0.i7.fbe7731awLoTJ2\">1.3. T\u00ean s\u1ea3n ph\u1ea9m: CEH\u00a0<\/span><\/li>\n<\/ul>\n<div><\/div>\n<div><\/div>\n<p><strong>2\u3001 T\u00ednh n\u0103ng s\u1ea3n ph\u1ea9m:<\/strong><\/p>\n<ul>\n<li>2.1. Th\u01b0\u1eddng \u0111\u01b0\u1ee3c g\u1ecdi l\u00e0 d\u1ea7u l\u00f4ng chim bi\u1ec3n, \u0111\u00e2y l\u00e0 m\u1ed9t gi\u1ea3i ph\u00e1p thay th\u1ebf r\u1ebb ti\u1ec1n cho squalane t\u1ef1 nhi\u00ean.<\/li>\n<li>2.2 Este axit b\u00e9o ph\u00e2n nh\u00e1nh, d\u1ea7u d\u01b0\u1ee1ng \u1ea9m ph\u00e2n c\u1ef1c v\u1eeba ph\u1ea3i, t\u01b0\u01a1ng th\u00edch v\u1edbi nhi\u1ec1u th\u00e0nh ph\u1ea7n m\u1ef9 ph\u1ea9m.<\/li>\n<li>2.3. S\u1ee9c c\u0103ng b\u1ec1 m\u1eb7t th\u1ea5p, kh\u1ea3 n\u0103ng lan t\u1ecfa t\u1ed1t, d\u1ec5 d\u00e0ng \u0111\u01b0\u1ee3c da h\u1ea5p th\u1ee5 v\u00e0 kh\u00f4ng g\u00e2y c\u1ea3m gi\u00e1c nh\u1eddn.<\/li>\n<li>2.4. C\u00f3 kh\u1ea3 n\u0103ng ch\u1ed1ng n\u01b0\u1edbc m\u1ea1nh v\u00e0 h\u00f2a tan trong h\u1ec7 th\u1ed1ng n\u01b0\u1edbc c\u1ed3n, th\u00edch h\u1ee3p \u0111\u1ec3 pha ch\u1ebf c\u00e1c s\u1ea3n ph\u1ea9m h\u1ec7 th\u1ed1ng n\u01b0\u1edbc c\u1ed3n trong su\u1ed1t. 2.5. C\u00f3 kh\u1ea3 n\u0103ng nh\u0169 h\u00f3a, ph\u00e2n t\u00e1n v\u00e0 b\u00f4i tr\u01a1n tuy\u1ec7t v\u1eddi, v\u00e0 v\u1eabn c\u00f3 th\u1ec3 duy tr\u00ec \u0111\u1ed9 nh\u1edbt th\u1ea5p \u1edf nhi\u1ec7t \u0111\u1ed9 th\u1ea5p. Th\u00edch h\u1ee3p cho m\u1ef9 ph\u1ea9m m\u00f9a \u0111\u00f4ng.<\/li>\n<\/ul>\n<div><\/div>\n<div><strong>3, M\u1ee5c \u0111\u00edch ch\u00ednh: <\/strong><\/div>\n<ul>\n<li>3.1. \u0110\u01b0\u1ee3c s\u1eed d\u1ee5ng trong nhi\u1ec1u s\u1ea3n ph\u1ea9m ch\u0103m s\u00f3c c\u00e1 nh\u00e2n \u0111\u1ec3 mang l\u1ea1i c\u1ea3m gi\u00e1c \u1ea9m v\u00e0 m\u1ecbn cho t\u00f3c v\u00e0 c\u1ea3m gi\u00e1c r\u1ea5t \u1ea9m v\u00e0 kh\u00f4ng nh\u1eddn cho da.<\/li>\n<li>3.2. \u0110\u01b0\u1ee3c s\u1eed d\u1ee5ng trong c\u00e1c s\u1ea3n ph\u1ea9m ch\u0103m s\u00f3c da, kem ch\u1ed1ng n\u1eafng v\u00e0 c\u00e1c s\u1ea3n ph\u1ea9m trang \u0111i\u1ec3m m\u00e0u. L\u00e0 son m\u00f4i nh\u01b0 ch\u1ea5t ph\u00e2n t\u00e1n m\u00e0u v\u00e0 ch\u1ea5t n\u1ec1n d\u1ea7u, ho\u1eb7c ch\u1ea5t l\u00e0m s\u00e1ng son m\u00f4i, ch\u1ea5t d\u1ea7u d\u01b0\u1ee1ng t\u00f3c, ch\u1ea5t l\u00e0m m\u1ec1m kem d\u01b0\u1ee1ng da.<\/li>\n<li>3.3. C\u00f3 t\u00ednh lan t\u1ecfa t\u1ed1t v\u00e0 \u0111\u01b0\u1ee3c s\u1eed d\u1ee5ng l\u00e0m m\u00f4i tr\u01b0\u1eddng ph\u00e2n t\u00e1n b\u1ed9t k\u1ef5 n\u01b0\u1edbc v\u00e0 b\u1ed9t m\u00e0u.<\/li>\n<li>3.4 v\u1eadt mang c\u00e1c th\u00e0nh ph\u1ea7n kh\u00e1c.<\/li>\n<\/ul>\n<div><\/div>\n<div><strong>4\u3001 Li\u1ec1u l\u01b0\u1ee3ng khuy\u1ebfn c\u00e1o<\/strong><\/div>\n<ul>\n<li>4.1. Dung d\u1ecbch r\u1eeda: 0.2-1%<\/li>\n<li>4.2 ch\u0103m s\u00f3c da 1-5%<\/li>\n<li>4.3 ch\u0103m s\u00f3c t\u00f3c 1-5%<\/li>\n<li>4.4 t\u1ea9y trang 1-20%<\/li>\n<\/ul>\n<div><\/div>\n<div><strong>5\u3001 Quy c\u00e1ch \u0111\u00f3ng g\u00f3i:<\/strong> Tr\u1ecdng l\u01b0\u1ee3ng t\u1ecbnh: \u2460 175KG\/th\u00f9ng<\/div>\n<p>&nbsp;<\/p>","protected":false},"excerpt":{"rendered":"<p>T\u00ean s\u1ea3n ph\u1ea9m: Cetyl ethyl hexanoate<\/p>\n<p>S\u1ed1 CAS: 59130-69-7<\/p>\n<p>MF: c24h48o2<\/p>\n<p>Ngo\u1ea1i quan: Ch\u1ea5t l\u1ecfng nh\u1eddn trong su\u1ed1t kh\u00f4ng m\u00e0u \u0111\u1ebfn v\u00e0ng nh\u1ea1t<\/p>\n<p>&nbsp;<\/p>","protected":false},"featured_media":2083,"template":"","meta":{"_acf_changed":false,"_gspb_post_css":""},"product_brand":[],"product_cat":[63],"product_tag":[],"class_list":{"0":"post-3342","1":"product","2":"type-product","3":"status-publish","4":"has-post-thumbnail","6":"product_cat-industrial-chemicals","8":"first","9":"instock","10":"shipping-taxable","11":"product-type-simple"},"acf":[],"_links":{"self":[{"href":"https:\/\/wpachem.com\/vi\/wp-json\/wp\/v2\/product\/3342","targetHints":{"allow":["GET"]}}],"collection":[{"href":"https:\/\/wpachem.com\/vi\/wp-json\/wp\/v2\/product"}],"about":[{"href":"https:\/\/wpachem.com\/vi\/wp-json\/wp\/v2\/types\/product"}],"version-history":[{"count":0,"href":"https:\/\/wpachem.com\/vi\/wp-json\/wp\/v2\/product\/3342\/revisions"}],"wp:featuredmedia":[{"embeddable":true,"href":"https:\/\/wpachem.com\/vi\/wp-json\/wp\/v2\/media\/2083"}],"wp:attachment":[{"href":"https:\/\/wpachem.com\/vi\/wp-json\/wp\/v2\/media?parent=3342"}],"wp:term":[{"taxonomy":"product_brand","embeddable":true,"href":"https:\/\/wpachem.com\/vi\/wp-json\/wp\/v2\/product_brand?post=3342"},{"taxonomy":"product_cat","embeddable":true,"href":"https:\/\/wpachem.com\/vi\/wp-json\/wp\/v2\/product_cat?post=3342"},{"taxonomy":"product_tag","embeddable":true,"href":"https:\/\/wpachem.com\/vi\/wp-json\/wp\/v2\/product_tag?post=3342"}],"curies":[{"name":"wp","href":"https:\/\/api.w.org\/{rel}","templated":true}]}}