{"id":3346,"date":"2022-12-16T06:22:26","date_gmt":"2022-12-16T06:22:26","guid":{"rendered":"http:\/\/site2.easyceotech.com\/?post_type=product&#038;p=3346"},"modified":"2024-03-12T07:58:16","modified_gmt":"2024-03-12T07:58:16","slug":"caprylic-capric-triglyceride","status":"publish","type":"product","link":"https:\/\/wpachem.com\/vi\/product\/caprylic-capric-triglyceride\/","title":{"rendered":"Triglyceride Caprylic\/Capric"},"content":{"rendered":"<p>Caprylic\/ Capric Triglyceride, c\u00f2n \u0111\u01b0\u1ee3c g\u1ecdi l\u00e0 n-octanol, l\u00e0 m\u1ed9t h\u1ee3p ch\u1ea5t h\u1eefu c\u01a1, ch\u1ea5t l\u1ecfng nh\u1eddn trong su\u1ed1t kh\u00f4ng m\u00e0u, c\u00f3 m\u00f9i d\u1ea7u m\u1ea1nh v\u00e0 m\u00f9i cam qu\u00fdt, kh\u00f4ng h\u00f2a tan trong n\u01b0\u1edbc, nh\u01b0ng h\u00f2a tan \u0111\u01b0\u1ee3c trong ethanol, ether, cloroform.<\/p>\n<p>C\u00f3 th\u1ec3 d\u00f9ng l\u00e0m dung m\u00f4i, ch\u1ea5t h\u00f3a d\u1ebbo, ch\u1ea5t ch\u1ed1ng \u0111\u00f4ng, ch\u1ea5t b\u00f4i tr\u01a1n, ch\u1ea5t chi\u1ebft xu\u1ea5t, ch\u1ea5t ph\u00e2n t\u00e1n, ch\u1ea5t \u1ed5n \u0111\u1ecbnh, h\u01b0\u01a1ng li\u1ec7u v\u00e0 c\u00e1c s\u1ea3n ph\u1ea9m kh\u00e1c, d\u00f9ng trong d\u1ea7u tinh luy\u1ec7n, nh\u1ef1a, s\u01a1n, in v\u00e0 nhu\u1ed9m, ch\u1ebf bi\u1ebfn th\u1ef1c ph\u1ea9m, m\u1ef9 ph\u1ea9m v\u00e0 c\u00e1c l\u0129nh v\u1ef1c kh\u00e1c.<\/p>\n<p>Th\u00edch h\u1ee3p cho hoa h\u1ed3ng, hoa nh\u00e0i, hoa t\u1eed \u0111inh h\u01b0\u01a1ng, hoa \u0111\u1eadu ng\u1ecdt, h\u01b0\u01a1ng m\u1eadt ong, hoa cam \u0111\u1eafng, cam chanh, r\u1ec5 c\u00e2y c\u1ea3i, long di\u00ean v\u0129, l\u00e1 th\u00f4ng v\u00e0 c\u00e1c lo\u1ea1i kh\u00e1c. K\u1ebft h\u1ee3p v\u1edbi hoa h\u1ed3ng, hoa ng\u1ecdc lan t\u00e2y, r\u1ec5 c\u00e2y c\u1ea3i, tinh d\u1ea7u cam, linalool. C\u0169ng c\u00f3 th\u1ec3 \u0111\u01b0\u1ee3c s\u1eed d\u1ee5ng trong h\u01b0\u01a1ng \u0111\u00e0o \u0103n \u0111\u01b0\u1ee3c, d\u1ee9a, d\u1eeba, s\u00f4 c\u00f4 la, nhi\u1ec1u lo\u1ea1i h\u01b0\u01a1ng cam chanh v\u00e0 h\u01b0\u01a1ng tr\u00e1i c\u00e2y.<\/p>\n<p>\u0110\u01b0\u1ee3c s\u1eed d\u1ee5ng l\u00e0m ch\u1ea5t ho\u1ea1t \u0111\u1ed9ng b\u1ec1 m\u1eb7t, dung m\u00f4i, ch\u1ea5t ph\u00e1 b\u1ecdt, ch\u1ea5t ph\u1ee5 tr\u1ee3 c\u00f4ng nghi\u1ec7p, v.v.<\/p>","protected":false},"excerpt":{"rendered":"<p>T\u00ean s\u1ea3n ph\u1ea9m: Caprylic\/ Capric Triglyceride<\/p>\n<p>S\u1ed1 CAS: 111-87-5<\/p>\n<p>Nguy\u00ean t\u1eed: C8H18O<\/p>\n<p>Ngo\u1ea1i quan: Ch\u1ea5t l\u1ecfng nh\u1eddn trong su\u1ed1t kh\u00f4ng m\u00e0u<\/p>","protected":false},"featured_media":2089,"template":"","meta":{"_acf_changed":false,"_gspb_post_css":""},"product_brand":[],"product_cat":[63],"product_tag":[],"class_list":{"0":"post-3346","1":"product","2":"type-product","3":"status-publish","4":"has-post-thumbnail","6":"product_cat-industrial-chemicals","8":"first","9":"instock","10":"shipping-taxable","11":"product-type-simple"},"acf":[],"_links":{"self":[{"href":"https:\/\/wpachem.com\/vi\/wp-json\/wp\/v2\/product\/3346","targetHints":{"allow":["GET"]}}],"collection":[{"href":"https:\/\/wpachem.com\/vi\/wp-json\/wp\/v2\/product"}],"about":[{"href":"https:\/\/wpachem.com\/vi\/wp-json\/wp\/v2\/types\/product"}],"version-history":[{"count":0,"href":"https:\/\/wpachem.com\/vi\/wp-json\/wp\/v2\/product\/3346\/revisions"}],"wp:featuredmedia":[{"embeddable":true,"href":"https:\/\/wpachem.com\/vi\/wp-json\/wp\/v2\/media\/2089"}],"wp:attachment":[{"href":"https:\/\/wpachem.com\/vi\/wp-json\/wp\/v2\/media?parent=3346"}],"wp:term":[{"taxonomy":"product_brand","embeddable":true,"href":"https:\/\/wpachem.com\/vi\/wp-json\/wp\/v2\/product_brand?post=3346"},{"taxonomy":"product_cat","embeddable":true,"href":"https:\/\/wpachem.com\/vi\/wp-json\/wp\/v2\/product_cat?post=3346"},{"taxonomy":"product_tag","embeddable":true,"href":"https:\/\/wpachem.com\/vi\/wp-json\/wp\/v2\/product_tag?post=3346"}],"curies":[{"name":"wp","href":"https:\/\/api.w.org\/{rel}","templated":true}]}}