{"id":3349,"date":"2022-12-16T07:10:17","date_gmt":"2022-12-16T07:10:17","guid":{"rendered":"http:\/\/site2.easyceotech.com\/?post_type=product&#038;p=3349"},"modified":"2024-03-12T07:58:12","modified_gmt":"2024-03-12T07:58:12","slug":"tridecyl-trimellitate-tdtm","status":"publish","type":"product","link":"https:\/\/wpachem.com\/vi\/product\/tridecyl-trimellitate-tdtm\/","title":{"rendered":"Tridecyl Trimellitat (TDTM)"},"content":{"rendered":"<div class=\"J_module\">\n<div class=\"detail-decorate-json-renderer-container\">\n<div class=\"magic-1\">\n<div class=\"magic-2\">\n<div class=\"magic-3\">\n<div class=\"magic-4\"><span class=\"magic-5\"><span data-spm-anchor-id=\"a2700.details.0.i5.6de534b7H15DkW\">Tridecyl Trimellitate TDTM c\u1ea5p m\u1ef9 ph\u1ea9m<\/span><\/span><\/div>\n<div><\/div>\n<\/div>\n<\/div>\n<\/div>\n<\/div>\n<\/div>\n<div class=\"J_module\">\n<div class=\"detail-decorate-json-renderer-container\">\n<div class=\"magic-1\">\n<div class=\"magic-2\">\n<div class=\"magic-3\">\n<div class=\"magic-4\"><b><\/b><strong>1\u3001 Gi\u1edbi thi\u1ec7u s\u1ea3n ph\u1ea9m <\/strong><\/div>\n<ul>\n<li class=\"magic-4\">1.1. T\u00ean h\u00f3a h\u1ecdc: Tridecanol trimellitic acid este<\/li>\n<li class=\"magic-4\">1.2. T\u00ean Inci: tridecyl trimellitate<\/li>\n<li class=\"magic-4\">1.3. T\u00ean s\u1ea3n ph\u1ea9m: TDTM<\/li>\n<\/ul>\n<div class=\"magic-4\">\n<div>\n<div><\/div>\n<div><\/div>\n<p><strong>2\u3001 T\u00ednh n\u0103ng s\u1ea3n ph\u1ea9m: <\/strong><\/p>\n<\/div>\n<ul>\n<li>2.1. L\u00e0 ch\u1ea5t l\u00e0m m\u1ec1m da tuy\u1ec7t v\u1eddi, c\u00f3 th\u1ec3 l\u00e0m cho da m\u1ec1m m\u1ea1i m\u00e0 kh\u00f4ng nh\u1eddn v\u00e0 th\u1ea9m th\u1ea5u t\u1ed1t. C\u00f3 th\u1ec3 d\u00f9ng l\u00e0m kem d\u01b0\u1ee1ng da ban \u0111\u00eam, s\u1ea3n ph\u1ea9m ch\u0103m s\u00f3c m\u1eaft, son m\u00f4i, son b\u00f3ng v\u00e0 c\u00e1c s\u1ea3n ph\u1ea9m c\u00f3 \u0111\u1ed9 \u1ea9m cao kh\u00e1c;<\/li>\n<li>2.2. \u0110\u1ed9 d\u00ednh si\u00eau nh\u1ecf: t\u1ea1o cho s\u1ea3n ph\u1ea9m c\u1ea3m gi\u00e1c d\u00e0y v\u00e0 m\u1ec1m m\u1ea1i nh\u01b0 nhung, kh\u1ea3 n\u0103ng ph\u00e2n t\u00e1n m\u00e0u tuy\u1ec7t v\u1eddi, c\u00f3 th\u1ec3 d\u00f9ng l\u00e0m kem v\u00e0 s\u1eefa d\u01b0\u1ee1ng c\u00f3 k\u1ebft c\u1ea5u ch\u1eafc, \u0111\u1eb7c bi\u1ec7t ph\u00f9 h\u1ee3p v\u1edbi m\u1ed9t s\u1ed1 lo\u1ea1i kem d\u01b0\u1ee1ng \u1ea9m mi\u1ec1n B\u1eafc c\u00f3 kh\u1ea3 n\u0103ng gi\u1eef \u1ea9m t\u1ed1t, c\u00f3 th\u1ec3 \u0111\u00f3ng vai tr\u00f2 d\u01b0\u1ee1ng \u1ea9m v\u00e0 nh\u0169 h\u00f3a;<\/li>\n<li>2.3. C\u00f3 th\u1ec3 d\u00f9ng l\u00e0m dung m\u00f4i t\u1ea1o m\u00e0u tuy\u1ec7t v\u1eddi trong son m\u00f4i, ph\u1ea5n m\u1eaft v\u00e0 son m\u00f4i, c\u00f3 th\u1ec3 thay th\u1ebf m\u1ed9t ph\u1ea7n ho\u1eb7c to\u00e0n b\u1ed9 d\u1ea7u th\u1ea7u d\u1ea7u ho\u1eb7c lanolin;<\/li>\n<li>2.4. C\u00f3 th\u1ec3 l\u00e0m t\u0103ng \u0111\u1ed9 nh\u1edbt c\u1ee7a kem d\u01b0\u1ee1ng da nh\u01b0ng kh\u00f4ng l\u00e0m t\u0103ng c\u1ea3m gi\u00e1c k\u00e9o, gi\u1ed1ng nh\u01b0 s\u00e1p truy\u1ec1n th\u1ed1ng;<\/li>\n<\/ul>\n<div><\/div>\n<div><strong>3\u3001 \u1ee8ng d\u1ee5ng s\u1ea3n ph\u1ea9m: <\/strong><\/div>\n<ul>\n<li>3.1. \u00c1p d\u1ee5ng cho son m\u00f4i, ch\u1ea5t t\u1ea1o m\u00e0u, ch\u1ea5t ph\u00e2n t\u00e1n v\u00e0 d\u1ea7u c\u01a1 b\u1ea3n;<\/li>\n<li>3.2. Ch\u1ea5t d\u01b0\u1ee1ng \u1ea9m d\u00f9ng cho son m\u00f4i l\u00e0m s\u00e1ng, g\u1ed9i \u0111\u1ea7u, d\u01b0\u1ee1ng \u1ea9m v\u00e0 c\u00e1c s\u1ea3n ph\u1ea9m kh\u00e1c;<\/li>\n<li>3.3. N\u00f3 \u0111\u01b0\u1ee3c \u00e1p d\u1ee5ng cho nhi\u1ec1u lo\u1ea1i kem, kem d\u01b0\u1ee1ng da v\u00e0 d\u1ea7u n\u1ec1n. N\u00f3 c\u00f3 \u0111\u1ed9 th\u1ea5m kh\u00ed v\u00e0 \u0111\u1ed9 d\u1ebbo t\u1ed1t, c\u1ea3m th\u1ea5y h\u01a1i d\u00ednh v\u00e0 \u0111\u1ec3 l\u1ea1i c\u1ea3m gi\u00e1c r\u1ea5t m\u1ecbn m\u00e0ng tr\u00ean da<\/li>\n<\/ul>\n<p>&nbsp;<\/p>\n<p><strong>4\u3001 Li\u1ec1u d\u00f9ng khuy\u1ebfn c\u00e1o:\u00a0<\/strong> 3-20%<\/p>\n<p>&nbsp;<\/p>\n<div>\n<div><strong>5\u3001G\u00f3i<\/strong>:185kg\/th\u00f9ng<\/div>\n<\/div>\n<\/div>\n<\/div>\n<\/div>\n<\/div>\n<\/div>\n<\/div>\n<p>&nbsp;<\/p>","protected":false},"excerpt":{"rendered":"<p>T\u00ean s\u1ea3n ph\u1ea9m: Tridecyl Trimellitate (TDTM)<\/p>\n<p>S\u1ed1 CAS: 94109-09-8<\/p>\n<p>MF:C48H84O6<\/p>\n<p>Ngo\u1ea1i quan: Ch\u1ea5t l\u1ecfng trong su\u1ed1t kh\u00f4ng m\u00e0u<\/p>","protected":false},"featured_media":2090,"template":"","meta":{"_acf_changed":false,"_gspb_post_css":""},"product_brand":[],"product_cat":[63],"product_tag":[],"class_list":{"0":"post-3349","1":"product","2":"type-product","3":"status-publish","4":"has-post-thumbnail","6":"product_cat-industrial-chemicals","8":"first","9":"instock","10":"shipping-taxable","11":"product-type-simple"},"acf":[],"_links":{"self":[{"href":"https:\/\/wpachem.com\/vi\/wp-json\/wp\/v2\/product\/3349","targetHints":{"allow":["GET"]}}],"collection":[{"href":"https:\/\/wpachem.com\/vi\/wp-json\/wp\/v2\/product"}],"about":[{"href":"https:\/\/wpachem.com\/vi\/wp-json\/wp\/v2\/types\/product"}],"version-history":[{"count":0,"href":"https:\/\/wpachem.com\/vi\/wp-json\/wp\/v2\/product\/3349\/revisions"}],"wp:featuredmedia":[{"embeddable":true,"href":"https:\/\/wpachem.com\/vi\/wp-json\/wp\/v2\/media\/2090"}],"wp:attachment":[{"href":"https:\/\/wpachem.com\/vi\/wp-json\/wp\/v2\/media?parent=3349"}],"wp:term":[{"taxonomy":"product_brand","embeddable":true,"href":"https:\/\/wpachem.com\/vi\/wp-json\/wp\/v2\/product_brand?post=3349"},{"taxonomy":"product_cat","embeddable":true,"href":"https:\/\/wpachem.com\/vi\/wp-json\/wp\/v2\/product_cat?post=3349"},{"taxonomy":"product_tag","embeddable":true,"href":"https:\/\/wpachem.com\/vi\/wp-json\/wp\/v2\/product_tag?post=3349"}],"curies":[{"name":"wp","href":"https:\/\/api.w.org\/{rel}","templated":true}]}}