{"id":3352,"date":"2022-12-16T08:05:09","date_gmt":"2022-12-16T08:05:09","guid":{"rendered":"http:\/\/site2.easyceotech.com\/?post_type=product&#038;p=3352"},"modified":"2024-03-12T07:58:08","modified_gmt":"2024-03-12T07:58:08","slug":"isononyl-isononanoate","status":"publish","type":"product","link":"https:\/\/wpachem.com\/vi\/product\/isononyl-isononanoate\/","title":{"rendered":"Isononyl Isononanoat"},"content":{"rendered":"<p>Isononyl isononanoate l\u00e0 m\u1ed9t th\u00e0nh ph\u1ea7n t\u1ed5ng h\u1ee3p \u0111\u01b0\u1ee3c s\u1eed d\u1ee5ng trong m\u1ef9 ph\u1ea9m v\u00e0 c\u00e1c s\u1ea3n ph\u1ea9m ch\u0103m s\u00f3c da \u0111\u1ec3 c\u1ea3i thi\u1ec7n k\u1ebft c\u1ea5u v\u00e0 c\u1ea3m gi\u00e1c c\u1ee7a m\u1ed9t c\u00f4ng th\u1ee9c. Isononyl isononanoate ch\u1ee7 y\u1ebfu \u0111\u01b0\u1ee3c s\u1eed d\u1ee5ng nh\u01b0 m\u1ed9t ch\u1ea5t l\u00e0m m\u1ec1m, ch\u1ea5t t\u0103ng c\u01b0\u1eddng k\u1ebft c\u1ea5u v\u00e0 ch\u1ea5t l\u00e0m d\u1ebbo.<\/p>\n<p>Isononyl isononanoate c\u00f3 th\u1ec3 \u0111\u01b0\u1ee3c s\u1ea3n xu\u1ea5t b\u1eb1ng c\u00e1ch este h\u00f3a r\u01b0\u1ee3u isononyl v\u00e0 axit isononanoic. Isononyl isononanoate c\u00f3 nh\u1eefng \u0111\u1eb7c \u0111i\u1ec3m \u0111\u1ed9c \u0111\u00e1o bao g\u1ed3m \u0111i\u1ec3m \u0111\u00f3ng b\u0103ng c\u1ef1c th\u1ea5p, \u0111\u1ed9 nh\u1edbt th\u1ea5p v\u00e0 \u0111\u1ed9 h\u00f2a tan v\u00e0 kh\u1ea3 n\u0103ng t\u01b0\u01a1ng th\u00edch tuy\u1ec7t v\u1eddi trong nhi\u1ec1u th\u00e0nh ph\u1ea7n nh\u01b0 este, silicon d\u1ec5 bay h\u01a1i, kho\u00e1ng ch\u1ea5t v\u00e0 d\u1ea7u th\u1ef1c v\u1eadt. Isononyl isononanoate th\u01b0\u1eddng \u0111\u01b0\u1ee3c s\u1eed d\u1ee5ng \u1edf n\u1ed3ng \u0111\u1ed9 t\u1eeb 2 \u0111\u1ebfn 10%.<\/p>\n<p>&nbsp;<\/p>\n<p><strong>Ch\u1ee9c n\u0103ng:<\/strong><\/p>\n<p>Trong m\u1ef9 ph\u1ea9m v\u00e0 c\u00e1c s\u1ea3n ph\u1ea9m ch\u0103m s\u00f3c da, isononyl isononanoate c\u00f3 ch\u1ee9c n\u0103ng nh\u01b0 m\u1ed9t ch\u1ea5t l\u00e0m m\u1ec1m, t\u0103ng c\u01b0\u1eddng k\u1ebft c\u1ea5u v\u00e0 l\u00e0m d\u1ebbo.<\/p>\n<p dir=\"ltr\"><strong>Ch\u1ea5t l\u00e0m m\u1ec1m<\/strong><br \/>\nL\u00e0 m\u1ed9t ch\u1ea5t l\u00e0m m\u1ec1m, isononyl isononanoate th\u01b0\u1eddng c\u00f3 trong kem, s\u1eefa d\u01b0\u1ee1ng da v\u00e0 kem d\u01b0\u1ee1ng \u1ea9m cho m\u1eb7t. Ch\u1ea5t l\u00e0m m\u1ec1m c\u00f3 t\u00e1c d\u1ee5ng l\u00e0m m\u1ec1m v\u00e0 l\u00e0m d\u1ecbu da \u0111\u1ed3ng th\u1eddi ho\u1ea1t \u0111\u1ed9ng nh\u01b0 ch\u1ea5t l\u00e0m t\u1eafc ngh\u1ebdn. C\u00e1c th\u00e0nh ph\u1ea7n l\u00e0m t\u1eafc ngh\u1ebdn t\u1ea1o th\u00e0nh m\u1ed9t l\u1edbp m\u00e0ng b\u1ea3o v\u1ec7 tr\u00ean b\u1ec1 m\u1eb7t da, gi\u00fap ng\u0103n ng\u1eeba s\u1ef1 b\u1ed1c h\u01a1i \u0111\u1ed9 \u1ea9m t\u1ef1 nhi\u00ean c\u1ee7a da. Theo th\u1eddi gian, \u0111i\u1ec1u n\u00e0y l\u00e0m t\u0103ng \u0111\u1ed9 \u1ea9m c\u1ee7a da b\u1eb1ng c\u00e1ch g\u00e2y ra s\u1ef1 t\u00edch t\u1ee5 n\u01b0\u1edbc \u1edf l\u1edbp tr\u00ean c\u00f9ng c\u1ee7a da.<\/p>\n<p dir=\"ltr\">Nh\u1eefng \u0111\u1eb7c t\u00ednh l\u00e0m m\u1ec1m n\u00e0y khi\u1ebfn isononyl isononanoate tr\u1edf th\u00e0nh th\u00e0nh ph\u1ea7n l\u00fd t\u01b0\u1edfng cho c\u00e1c s\u1ea3n ph\u1ea9m ch\u0103m s\u00f3c t\u00f3c. N\u00f3 t\u1ea1o th\u00e0nh m\u1ed9t l\u1edbp m\u00e0ng m\u1ecbn, \u0111\u1ec1u tr\u00ean b\u1ec1 m\u1eb7t t\u00f3c, gi\u00fap t\u0103ng \u0111\u1ed9 tr\u01b0\u1ee3t gi\u1eefa c\u00e1c s\u1ee3i t\u00f3c li\u1ec1n k\u1ec1, gi\u00fap g\u1ee1 r\u1ed1i d\u1ec5 d\u00e0ng h\u01a1n. Isononyl isononanoate c\u00f2n l\u00e0m gi\u1ea3m t\u00ecnh tr\u1ea1ng r\u1ed1i b\u1eb1ng c\u00e1ch l\u00e0m m\u1ecbn v\u00e0 l\u00e0m ph\u1eb3ng b\u1ec1 m\u1eb7t bi\u1ec3u b\u00ec, gi\u00fap t\u00f3c b\u00f3ng v\u00e0 m\u01b0\u1ee3t h\u01a1n. N\u00f3 gi\u00fap t\u00f3c m\u1ec1m m\u1ea1i v\u00e0 m\u01b0\u1ee3t m\u00e0 m\u00e0 kh\u00f4ng l\u00e0m t\u00f3c n\u1eb7ng xu\u1ed1ng ho\u1eb7c g\u00e2y c\u1ea3m gi\u00e1c nh\u1eddn.<\/p>\n<p dir=\"ltr\"><strong>K\u1ebft c\u1ea5u<\/strong><br \/>\nL\u00e0 ch\u1ea5t t\u0103ng c\u01b0\u1eddng k\u1ebft c\u1ea5u, isononyl isononanoate mang l\u1ea1i kh\u1ea3 n\u0103ng lan t\u1ecfa v\u01b0\u1ee3t tr\u1ed9i v\u00e0 c\u1ea3m gi\u00e1c kh\u00f4 r\u00e1o khi ch\u1ea1m v\u00e0o. N\u00f3 mang l\u1ea1i cho c\u00e1c s\u1ea3n ph\u1ea9m ch\u0103m s\u00f3c da c\u1ea3m gi\u00e1c m\u1ec1m m\u1ea1i \u0111\u1eb7c tr\u01b0ng. H\u01a1n n\u1eefa, isononyl isononanoate ho\u1ea1t \u0111\u1ed9ng nh\u01b0 m\u1ed9t ch\u1ea5t thay th\u1ebf cho silicon d\u1ec5 bay h\u01a1i trong ch\u1ea5t ch\u1ed1ng m\u1ed3 h\u00f4i, gi\u00fap gi\u1ea3m \u0111\u1ed9 d\u00ednh v\u00e0 ng\u0103n ng\u1eeba t\u1eafc ngh\u1ebdn trong b\u00ecnh x\u1ecbt.<\/p>\n<p dir=\"ltr\"><strong>Ch\u1ea5t l\u00e0m d\u1ebbo<\/strong><br \/>\nCu\u1ed1i c\u00f9ng, isononyl isononanoate c\u00f3 ch\u1ee9c n\u0103ng nh\u01b0 m\u1ed9t ch\u1ea5t h\u00f3a d\u1ebbo. Ch\u1ea5t h\u00f3a d\u1ebbo l\u00e0 v\u1eadt li\u1ec7u l\u00e0m m\u1ec1m c\u00e1c th\u00e0nh ph\u1ea7n t\u1ed5ng h\u1ee3p b\u1eb1ng c\u00e1ch gi\u1ea3m \u0111\u1ed9 gi\u00f2n v\u00e0 n\u1ee9t. Ch\u1ea5t h\u00f3a d\u1ebbo h\u1eefu \u00edch cho c\u00e1c s\u1ea3n ph\u1ea9m m\u1ef9 ph\u1ea9m nh\u01b0 s\u01a1n m\u00f3ng tay, son b\u00f3ng v\u00e0 d\u1ea7u g\u1ed9i \u0111\u1ea7u.<\/p>\n<p>&nbsp;<\/p>","protected":false},"excerpt":{"rendered":"<p>T\u00ean s\u1ea3n ph\u1ea9m: Isononyl Isononanoate<\/p>\n<p>S\u1ed1 CAS: 59219-71-5<\/p>\n<p>Ch\u1ea5t trung gian: C18H36O2<\/p>","protected":false},"featured_media":2111,"template":"","meta":{"_acf_changed":false,"_gspb_post_css":""},"product_brand":[],"product_cat":[63],"product_tag":[],"class_list":{"0":"post-3352","1":"product","2":"type-product","3":"status-publish","4":"has-post-thumbnail","6":"product_cat-industrial-chemicals","8":"first","9":"instock","10":"shipping-taxable","11":"product-type-simple"},"acf":[],"_links":{"self":[{"href":"https:\/\/wpachem.com\/vi\/wp-json\/wp\/v2\/product\/3352","targetHints":{"allow":["GET"]}}],"collection":[{"href":"https:\/\/wpachem.com\/vi\/wp-json\/wp\/v2\/product"}],"about":[{"href":"https:\/\/wpachem.com\/vi\/wp-json\/wp\/v2\/types\/product"}],"version-history":[{"count":0,"href":"https:\/\/wpachem.com\/vi\/wp-json\/wp\/v2\/product\/3352\/revisions"}],"wp:featuredmedia":[{"embeddable":true,"href":"https:\/\/wpachem.com\/vi\/wp-json\/wp\/v2\/media\/2111"}],"wp:attachment":[{"href":"https:\/\/wpachem.com\/vi\/wp-json\/wp\/v2\/media?parent=3352"}],"wp:term":[{"taxonomy":"product_brand","embeddable":true,"href":"https:\/\/wpachem.com\/vi\/wp-json\/wp\/v2\/product_brand?post=3352"},{"taxonomy":"product_cat","embeddable":true,"href":"https:\/\/wpachem.com\/vi\/wp-json\/wp\/v2\/product_cat?post=3352"},{"taxonomy":"product_tag","embeddable":true,"href":"https:\/\/wpachem.com\/vi\/wp-json\/wp\/v2\/product_tag?post=3352"}],"curies":[{"name":"wp","href":"https:\/\/api.w.org\/{rel}","templated":true}]}}