{"id":3356,"date":"2022-12-16T08:09:52","date_gmt":"2022-12-16T08:09:52","guid":{"rendered":"http:\/\/site2.easyceotech.com\/?post_type=product&#038;p=3356"},"modified":"2024-03-12T07:58:05","modified_gmt":"2024-03-12T07:58:05","slug":"hexyl-laurate","status":"publish","type":"product","link":"https:\/\/wpachem.com\/vi\/product\/hexyl-laurate\/","title":{"rendered":"Hexyl Laurate"},"content":{"rendered":"<div class=\"J_module\">\n<div class=\"detail-decorate-json-renderer-container\">\n<div class=\"magic-1\">\n<div class=\"magic-2\">\n<div class=\"magic-3\">\n<div class=\"magic-4\"><\/div>\n<\/div>\n<\/div>\n<\/div>\n<\/div>\n<\/div>\n<div class=\"J_module\">\n<div class=\"detail-decorate-json-renderer-container\">\n<div class=\"magic-1\">\n<div class=\"magic-2\">\n<div class=\"magic-3\">\n<div class=\"magic-4\" data-spm-anchor-id=\"a2700.details.0.i6.7d1f72f0n8cVuq\"><b><\/b><strong>1\u3001 Gi\u1edbi thi\u1ec7u s\u1ea3n ph\u1ea9m<\/strong><\/div>\n<ul>\n<li class=\"magic-4\" data-spm-anchor-id=\"a2700.details.0.i6.7d1f72f0n8cVuq\">1.1. T\u00ean h\u00f3a h\u1ecdc: hexyl laurate<\/li>\n<li class=\"magic-4\" data-spm-anchor-id=\"a2700.details.0.i6.7d1f72f0n8cVuq\">1.2. T\u00ean khoa h\u1ecdc: hexyl laurate<\/li>\n<li class=\"magic-4\" data-spm-anchor-id=\"a2700.details.0.i6.7d1f72f0n8cVuq\">1.3. T\u00ean s\u1ea3n ph\u1ea9m: 1668<\/li>\n<\/ul>\n<div class=\"magic-4\" data-spm-anchor-id=\"a2700.details.0.i6.7d1f72f0n8cVuq\">\n<div>\n<div><\/div>\n<div><\/div>\n<p><strong>2\u3001 T\u00ednh n\u0103ng s\u1ea3n ph\u1ea9m: <\/strong><\/p>\n<\/div>\n<ul>\n<li>2.1. \u0110\u1ed9 b\u00e1m da tuy\u1ec7t v\u1eddi, mang l\u1ea1i cho l\u00e0n da c\u1ea3m gi\u00e1c m\u1ec1m m\u1ea1i nh\u01b0 nhung.<\/li>\n<li>2.2. Kh\u1ea3 n\u0103ng ph\u00e2n t\u00e1n toner tuy\u1ec7t v\u1eddi gi\u00fap cho c\u00e1c s\u1ea3n ph\u1ea9m trang \u0111i\u1ec3m n\u1ec1n c\u00f3 c\u1ea3m gi\u00e1c nh\u01b0 ph\u1ea5n ph\u1ee7 t\u1ed1t.<\/li>\n<li>2.3. C\u00f3 l\u1ee3i th\u1ebf v\u1ec1 chi ph\u00ed m\u00e0 c\u00e1c s\u1ea3n ph\u1ea9m t\u01b0\u01a1ng t\u1ef1 kh\u00f4ng c\u00f3.<\/li>\n<li>2.4. \u0110\u1ed9 \u1ed5n \u0111\u1ecbnh nh\u0169 h\u00f3a t\u1ed1t v\u00e0 t\u01b0\u01a1ng th\u00edch t\u1ed1t v\u1edbi c\u00e1c lo\u1ea1i d\u1ea7u v\u00e0 ch\u1ea5t b\u00e9o kh\u00e1c.<\/li>\n<li>2.5. N\u00f3 c\u00f3 th\u1ec3 th\u00fac \u0111\u1ea9y c\u00e1c th\u00e0nh ph\u1ea7n ho\u1ea1t t\u00ednh lipid, c\u00f3 t\u00e1c d\u1ee5ng b\u00f4i tr\u01a1n v\u00e0 c\u00f3 th\u1ec3 c\u1ea3i thi\u1ec7n hi\u1ec7u qu\u1ea3 v\u00e0 k\u1ebft c\u1ea5u c\u1ee7a s\u1ea3n ph\u1ea9m<\/li>\n<\/ul>\n<div><\/div>\n<div>\n<div>\n<div><strong>3\u3001 M\u1ee5c \u0111\u00edch ch\u00ednh <\/strong><\/div>\n<ul>\n<li>3.1. C\u00f3 th\u1ec3 pha ch\u1ebf kem d\u01b0\u1ee1ng, kem n\u1ec1n v\u00e0 kem l\u00f3t trang \u0111i\u1ec3m.<\/li>\n<li>3.2. C\u00f3 th\u1ec3 d\u00f9ng nh\u01b0 kem ch\u1ed1ng n\u1eafng. S\u1ea3n ph\u1ea9m t\u01b0\u01a1i m\u00e1t v\u00e0 c\u00f3 \u0111\u1ed9 lan t\u1ecfa, \u0111\u1ed9 h\u00f2a tan v\u00e0 \u0111\u1ed9 \u1ed5n \u0111\u1ecbnh tuy\u1ec7t v\u1eddi.<\/li>\n<\/ul>\n<div><\/div>\n<div><strong> 4\u3001 Li\u1ec1u d\u00f9ng khuy\u1ebfn c\u00e1o Li\u1ec1u d\u00f9ng:<\/strong> 5-20%, th\u00edch h\u1ee3p cho c\u00e1c nguy\u00ean li\u1ec7u th\u00f4 c\u00f3 d\u1ea7u c\u1ee7a nhi\u1ec1u lo\u1ea1i m\u1ef9 ph\u1ea9m.<\/div>\n<div><\/div>\n<div><strong>5\u3001 Quy c\u00e1ch \u0111\u00f3ng g\u00f3i Tr\u1ecdng l\u01b0\u1ee3ng t\u1ecbnh:<\/strong> \u2460: 175KG\/th\u00f9ng; \u2461: 15kg\/th\u00f9ng.<\/div>\n<\/div>\n<\/div>\n<\/div>\n<\/div>\n<\/div>\n<\/div>\n<\/div>\n<\/div>\n<p>&nbsp;<\/p>","protected":false},"excerpt":{"rendered":"<p>T\u00ean s\u1ea3n ph\u1ea9m: Hexyl Laurate<br \/>\nS\u1ed1 CAS: 34316-64-8<br \/>\nCh\u1ea5t trung gian: C18H36O2<br \/>\nNgo\u1ea1i quan: Ch\u1ea5t l\u1ecfng kh\u00f4ng m\u00e0u \u0111\u1ebfn v\u00e0ng nh\u1ea1t<\/p>","protected":false},"featured_media":2090,"template":"","meta":{"_acf_changed":false,"_gspb_post_css":""},"product_brand":[],"product_cat":[63],"product_tag":[],"class_list":{"0":"post-3356","1":"product","2":"type-product","3":"status-publish","4":"has-post-thumbnail","6":"product_cat-industrial-chemicals","8":"first","9":"instock","10":"shipping-taxable","11":"product-type-simple"},"acf":[],"_links":{"self":[{"href":"https:\/\/wpachem.com\/vi\/wp-json\/wp\/v2\/product\/3356","targetHints":{"allow":["GET"]}}],"collection":[{"href":"https:\/\/wpachem.com\/vi\/wp-json\/wp\/v2\/product"}],"about":[{"href":"https:\/\/wpachem.com\/vi\/wp-json\/wp\/v2\/types\/product"}],"version-history":[{"count":0,"href":"https:\/\/wpachem.com\/vi\/wp-json\/wp\/v2\/product\/3356\/revisions"}],"wp:featuredmedia":[{"embeddable":true,"href":"https:\/\/wpachem.com\/vi\/wp-json\/wp\/v2\/media\/2090"}],"wp:attachment":[{"href":"https:\/\/wpachem.com\/vi\/wp-json\/wp\/v2\/media?parent=3356"}],"wp:term":[{"taxonomy":"product_brand","embeddable":true,"href":"https:\/\/wpachem.com\/vi\/wp-json\/wp\/v2\/product_brand?post=3356"},{"taxonomy":"product_cat","embeddable":true,"href":"https:\/\/wpachem.com\/vi\/wp-json\/wp\/v2\/product_cat?post=3356"},{"taxonomy":"product_tag","embeddable":true,"href":"https:\/\/wpachem.com\/vi\/wp-json\/wp\/v2\/product_tag?post=3356"}],"curies":[{"name":"wp","href":"https:\/\/api.w.org\/{rel}","templated":true}]}}