{"id":3359,"date":"2022-12-16T08:15:19","date_gmt":"2022-12-16T08:15:19","guid":{"rendered":"http:\/\/site2.easyceotech.com\/?post_type=product&#038;p=3359"},"modified":"2024-03-12T07:57:13","modified_gmt":"2024-03-12T07:57:13","slug":"ethylhexyl-palmitate-2-ehp","status":"publish","type":"product","link":"https:\/\/wpachem.com\/vi\/product\/ethylhexyl-palmitate-2-ehp\/","title":{"rendered":"Ethylhexyl Palmitate ( 2-EHP )"},"content":{"rendered":"<p><strong>1\u3001 Gi\u1edbi thi\u1ec7u s\u1ea3n ph\u1ea9m<\/strong><\/p>\n<p><span data-spm-anchor-id=\"a2700.details.0.i8.47975a38f5yPTQ\"> 1.1. T\u00ean h\u00f3a h\u1ecdc: etyl hexyl palmitate <\/span><\/p>\n<p><span data-spm-anchor-id=\"a2700.details.0.i8.47975a38f5yPTQ\">1.2. T\u00ean Inci: ethylhexyl palmitate <\/span><\/p>\n<p><span data-spm-anchor-id=\"a2700.details.0.i8.47975a38f5yPTQ\">1.3. T\u00ean s\u1ea3n ph\u1ea9m: 2ehp <\/span><\/p>\n<p>&nbsp;<\/p>\n<div><\/div>\n<div><strong>2\u3001 \u0110\u1eb7c \u0111i\u1ec3m:<\/strong><\/div>\n<div>2.1. D\u1ea7u d\u01b0\u1ee1ng \u1ea9m c\u1ef1c k\u1ef3 nh\u1eb9 v\u00e0 t\u01b0\u01a1i m\u00e1t v\u1edbi kh\u1ea3 n\u0103ng th\u1ea5m kh\u00ed t\u1ed1t v\u00e0 kh\u1ea3 n\u0103ng lan t\u1ecfa t\u1ed1t l\u00e0 lo\u1ea1i d\u1ea7u kh\u00f4 v\u00e0 tho\u00e1ng kh\u00ed;<\/div>\n<div>2.2. \u0110\u00e2y l\u00e0 ch\u1ea5t l\u00e0m m\u1ec1m da tuy\u1ec7t v\u1eddi v\u1edbi \u0111\u1ed9 \u1ed5n \u0111\u1ecbnh h\u00f3a h\u1ecdc v\u00e0 \u0111\u1ed9 \u1ed5n \u0111\u1ecbnh nhi\u1ec7t t\u1ed1t;<\/div>\n<div>2.3. C\u00f3 kh\u1ea3 n\u0103ng ph\u00e2n t\u00e1n t\u1ed1t v\u1edbi c\u00e1c ho\u1ea1t ch\u1ea5t, kem ch\u1ed1ng n\u1eafng h\u1eefu c\u01a1 v\u00e0 toner, \u0111\u1eb7c bi\u1ec7t th\u00edch h\u1ee3p cho vi\u1ec7c ch\u0103m s\u00f3c da v\u00e0 trang \u0111i\u1ec3m m\u00e0u, ch\u1eb3ng h\u1ea1n nh\u01b0 kem n\u1ec1n, ph\u1ea5n ph\u1ee7, son m\u00f4i v\u00e0 kem ch\u1ed1ng n\u1eafng;<\/div>\n<div><\/div>\n<div><strong>3\u3001 \u1ee8ng d\u1ee5ng<\/strong><\/div>\n<div>3.1. S\u1ea3n ph\u1ea9m n\u00e0y c\u00f3 \u0111\u1eb7c t\u00ednh b\u00f4i tr\u01a1n, \u1ed5n \u0111\u1ecbnh nhi\u1ec7t v\u00e0 kh\u00f4ng d\u00ednh. \u0110\u00e2y l\u00e0 m\u1ed9t trong nh\u1eefng th\u00e0nh ph\u1ea7n b\u1ed5 sung quan tr\u1ecdng c\u1ee7a m\u1ef9 ph\u1ea9m trung b\u00ecnh v\u00e0 cao c\u1ea5p. N\u00f3 kh\u00f4 v\u00e0 tho\u00e1ng kh\u00ed, c\u00f3 kh\u1ea3 n\u0103ng th\u1ea9m th\u1ea5u, gi\u1eef \u1ea9m v\u00e0 l\u00e0m m\u1ec1m da tuy\u1ec7t v\u1eddi. N\u00f3 \u0111\u01b0\u1ee3c s\u1eed d\u1ee5ng r\u1ed9ng r\u00e3i trong c\u00e1c s\u1ea3n ph\u1ea9m ch\u0103m s\u00f3c da v\u00e0 m\u1ef9 ph\u1ea9m. N\u00f3 l\u00e0 ch\u1ea5t nh\u0169 h\u00f3a v\u00e0 d\u01b0\u1ee1ng \u1ea9m tuy\u1ec7t v\u1eddi. Hi\u1ec7u su\u1ea5t c\u1ee7a n\u00f3 \u1ed5n \u0111\u1ecbnh v\u00e0 kh\u00f4ng d\u1ec5 b\u1ecb oxy h\u00f3a; Kh\u00f4ng d\u1ec5 th\u1ee7y ph\u00e2n; Kh\u00f4ng d\u1ec5 b\u1ecb \u00f4i thiu; N\u00f3 r\u1ea5t an to\u00e0n, kh\u00f4ng \u0111\u1ed9c h\u1ea1i, kh\u00f4ng g\u00e2y k\u00edch \u1ee9ng da, c\u00f3 th\u1ec3 l\u00e0m cho da m\u1ec1m m\u1ea1i, d\u1ecbu d\u00e0ng v\u00e0 m\u1ecbn m\u00e0ng m\u00e0 kh\u00f4ng c\u00f3 c\u1ea3m gi\u00e1c nh\u1eddn, v\u00e0 c\u00f3 kh\u1ea3 n\u0103ng th\u1ea9m th\u1ea5u t\u1ed1t. N\u00f3 th\u01b0\u1eddng \u0111\u01b0\u1ee3c s\u1eed d\u1ee5ng trong c\u00e1c lo\u1ea1i kem ch\u0103m s\u00f3c da kh\u00e1c nhau;<\/div>\n<div>3.2 M\u1ef9 ph\u1ea9m: l\u00e0 dung m\u00f4i t\u1ed1t trong m\u1ef9 ph\u1ea9m nh\u01b0 m\u1ed9t ch\u1ea5t k\u00e9o d\u00e0i, s\u1ef1 k\u1ebft h\u1ee3p c\u1ee7a m\u1ef9 ph\u1ea9m d\u1ea1ng b\u1ed9t v\u00e0 ch\u1ea5t t\u1ea1o m\u00e0u trong m\u1ef9 ph\u1ea9m. Th\u01b0\u1eddng \u0111\u01b0\u1ee3c s\u1eed d\u1ee5ng trong kem n\u1ec1n, kem ch\u1ed1ng n\u1eafng, ph\u1ea5n m\u1eaft, son m\u00f4i, ph\u1ea5n m\u1eaft v\u00e0 c\u00e1c c\u00f4ng th\u1ee9c kh\u00e1c;<\/div>\n<div>3.3. S\u1ea3n ph\u1ea9m gi\u1eb7t: c\u00f3 th\u1ec3 d\u00f9ng l\u00e0m ch\u1ea5t l\u00e0m m\u1ec1m trong s\u1eefa t\u1eafm, kem d\u01b0\u1ee1ng t\u00f3c ho\u1eb7c thu\u1ed1c nhu\u1ed9m t\u00f3c;<\/div>\n<div>3.4. Ph\u1ea1m vi \u00e1p d\u1ee5ng kh\u00e1c: s\u1ea3n ph\u1ea9m l\u00e0m \u0111\u1eb9p, s\u1ea3n ph\u1ea9m c\u1ea1o r\u00e2u, ch\u1ea5t ch\u1ed1ng m\u1ed3 h\u00f4i v\u00e0 kh\u1eed m\u00f9i, s\u1ea3n ph\u1ea9m ch\u1ed1ng n\u1eafng v\u00e0 m\u1ef9 ph\u1ea9m m\u00e0u;<\/div>\n<div><\/div>\n<div><strong>4\u3001 Li\u1ec1u d\u00f9ng khuy\u1ebfn c\u00e1o:<\/strong>\u00a0 Li\u1ec1u l\u01b0\u1ee3ng 1-20% c\u00f3 th\u1ec3 \u0111\u01b0\u1ee3c th\u00eam v\u00e0o t\u00f9y theo y\u00eau c\u1ea7u kh\u00e1c nhau c\u1ee7a s\u1ea3n ph\u1ea9m.<\/div>\n<div><\/div>\n<div><strong>5\u3001 Quy c\u00e1ch \u0111\u00f3ng g\u00f3i:<\/strong> Tr\u1ecdng l\u01b0\u1ee3ng t\u1ecbnh: \u2460 175KG\/th\u00f9ng; \u2461 180kg\/th\u00f9ng; \u2462 850kg\/th\u00f9ng;<\/div>\n<p>&nbsp;<\/p>","protected":false},"excerpt":{"rendered":"<p>T\u00ean s\u1ea3n ph\u1ea9m: Ethylhexyl Palmitate ( 2-EHP )<\/p>\n<p>S\u1ed1 CAS: 29806-73-3<\/p>\n<p>Ch\u1ea5t trung gian: C24H48O2<\/p>\n<p>Ngo\u1ea1i quan: Ch\u1ea5t l\u1ecfng nh\u1eddn trong su\u1ed1t kh\u00f4ng m\u00e0u \u0111\u1ebfn v\u00e0ng nh\u1ea1t<\/p>","protected":false},"featured_media":3321,"template":"","meta":{"_acf_changed":false,"_gspb_post_css":""},"product_brand":[],"product_cat":[63],"product_tag":[],"class_list":{"0":"post-3359","1":"product","2":"type-product","3":"status-publish","4":"has-post-thumbnail","6":"product_cat-industrial-chemicals","8":"first","9":"instock","10":"shipping-taxable","11":"product-type-simple"},"acf":[],"_links":{"self":[{"href":"https:\/\/wpachem.com\/vi\/wp-json\/wp\/v2\/product\/3359","targetHints":{"allow":["GET"]}}],"collection":[{"href":"https:\/\/wpachem.com\/vi\/wp-json\/wp\/v2\/product"}],"about":[{"href":"https:\/\/wpachem.com\/vi\/wp-json\/wp\/v2\/types\/product"}],"version-history":[{"count":0,"href":"https:\/\/wpachem.com\/vi\/wp-json\/wp\/v2\/product\/3359\/revisions"}],"wp:featuredmedia":[{"embeddable":true,"href":"https:\/\/wpachem.com\/vi\/wp-json\/wp\/v2\/media\/3321"}],"wp:attachment":[{"href":"https:\/\/wpachem.com\/vi\/wp-json\/wp\/v2\/media?parent=3359"}],"wp:term":[{"taxonomy":"product_brand","embeddable":true,"href":"https:\/\/wpachem.com\/vi\/wp-json\/wp\/v2\/product_brand?post=3359"},{"taxonomy":"product_cat","embeddable":true,"href":"https:\/\/wpachem.com\/vi\/wp-json\/wp\/v2\/product_cat?post=3359"},{"taxonomy":"product_tag","embeddable":true,"href":"https:\/\/wpachem.com\/vi\/wp-json\/wp\/v2\/product_tag?post=3359"}],"curies":[{"name":"wp","href":"https:\/\/api.w.org\/{rel}","templated":true}]}}