{"id":3362,"date":"2022-12-16T08:40:53","date_gmt":"2022-12-16T08:40:53","guid":{"rendered":"http:\/\/site2.easyceotech.com\/?post_type=product&#038;p=3362"},"modified":"2024-03-12T07:57:10","modified_gmt":"2024-03-12T07:57:10","slug":"trihydroxymethylpropyl-trioleate","status":"publish","type":"product","link":"https:\/\/wpachem.com\/vi\/product\/trihydroxymethylpropyl-trioleate\/","title":{"rendered":"Trihydroxymethylpropyl Trioleat"},"content":{"rendered":"<p><strong>M\u00f4 t\u1ea3 s\u1ea3n ph\u1ea9m:<\/strong><\/p>\n<p>Trihydroxymethylpropyl trioleate c\u00f3 \u0111\u1eb7c t\u00ednh b\u00f4i tr\u01a1n tuy\u1ec7t v\u1eddi, ch\u1ec9 s\u1ed1 \u0111\u1ed9 nh\u1edbt cao, kh\u1ea3 n\u0103ng ch\u1ed1ng ch\u00e1y t\u1ed1t, \u0111\u1ed9 \u1ed5n \u0111\u1ecbnh th\u1ee7y ph\u00e2n t\u1ed1t, \u0111i\u1ec3m ch\u1edbp ch\u00e1y cao, \u0111\u1ed9 bay h\u01a1i th\u1ea5p v\u00e0 nhi\u1ec7t \u0111\u1ed9 th\u1ea5p, l\u00e0 lo\u1ea1i d\u1ea7u g\u1ed1c l\u00fd t\u01b0\u1edfng ch\u1ed1ng nhi\u00ean li\u1ec7u lo\u1ea1i este t\u1ed5ng h\u1ee3p th\u1ee9 46; C\u00f3 th\u1ec3 \u0111\u01b0\u1ee3c s\u1eed d\u1ee5ng \u0111\u1ec3 ph\u00e2n b\u1ed5 cho b\u1ea3o v\u1ec7 m\u00f4i tr\u01b0\u1eddng c\u1ee7a d\u1ea7u th\u1ee7y l\u1ef1c, c\u01b0a x\u00edch, du thuy\u1ec1n d\u1ea7u v\u00e0 n\u01b0\u1edbc v\u1edbi d\u1ea7u \u0111\u1ed9ng c\u01a1; L\u00e0 t\u00e1c nh\u00e2n d\u1ea7u trong h\u1ec7 th\u1ed1ng c\u00e1n ngu\u1ed9i th\u00e9p l\u1ecfng, d\u1ea7u k\u00e9o \u1ed1ng th\u00e9p v\u00e0 c\u00e1c ch\u1ea5t l\u1ecfng kh\u00e1c \u0111\u01b0\u1ee3c s\u1eed d\u1ee5ng r\u1ed9ng r\u00e3i trong gia c\u00f4ng kim lo\u1ea1i; C\u0169ng c\u00f3 th\u1ec3 \u0111\u01b0\u1ee3c s\u1eed d\u1ee5ng l\u00e0m ch\u1ea5t trung gian c\u1ee7a ph\u1ee5 gia d\u1ec7t may v\u00e0 da v\u00e0 t\u00e1c nh\u00e2n d\u1ec7t may.<\/p>\n<p><strong>Ch\u1ec9 s\u1ed1 hi\u1ec7u su\u1ea5t:<\/strong><\/p>\n<p>&nbsp;<\/p>\n<table border=\"1\">\n<tbody>\n<tr>\n<td valign=\"center\" width=\"218\">\n<p align=\"center\"><strong>P<\/strong><strong>d\u1ef1 \u00e1n<\/strong><\/p>\n<\/td>\n<td valign=\"center\" width=\"250\">\n<p align=\"center\"><strong>T\u00d4I<\/strong><strong>ch\u1ec9 m\u1ee5c<\/strong><\/p>\n<\/td>\n<\/tr>\n<tr>\n<td valign=\"center\" width=\"218\">\n<p align=\"center\">V\u1ebb b\u1ec1 ngo\u00e0i<\/p>\n<\/td>\n<td valign=\"center\" width=\"250\">\n<p align=\"center\">Ch\u1ea5t l\u1ecfng trong su\u1ed1t m\u00e0u v\u00e0ng nh\u1ea1t<\/p>\n<\/td>\n<\/tr>\n<tr>\n<td valign=\"center\" width=\"218\">\n<p align=\"center\">\u00a0\u0110\u1ed9 nh\u1edbt ( mm2\/s ) 40\u2103<\/p>\n<\/td>\n<td valign=\"center\" width=\"250\">\n<p align=\"center\">41~51<\/p>\n<\/td>\n<\/tr>\n<tr>\n<td valign=\"center\" width=\"218\">\n<p align=\"center\">Ch\u1ec9 s\u1ed1 \u0111\u1ed9 nh\u1edbt \u2265<\/p>\n<\/td>\n<td valign=\"center\" width=\"250\">\n<p align=\"center\">\u00a0185<\/p>\n<\/td>\n<\/tr>\n<tr>\n<td valign=\"center\" width=\"218\">\n<p align=\"center\">\u00a0\u00a0Gi\u00e1 tr\u1ecb axit ( mgKOH\/g ) \u2264<\/p>\n<\/td>\n<td valign=\"center\" width=\"250\">\n<p align=\"center\">\u00a01<\/p>\n<\/td>\n<\/tr>\n<tr>\n<td valign=\"center\" width=\"218\">\n<p align=\"center\">\u0110i\u1ec3m ch\u1edbp ch\u00e1y (m\u1edf, \u2103) \u2265<\/p>\n<\/td>\n<td valign=\"center\" width=\"250\">\n<p align=\"center\">\u00a0300<\/p>\n<\/td>\n<\/tr>\n<tr>\n<td valign=\"center\" width=\"218\">\n<p align=\"center\">\u0110i\u1ec3m \u0111\u00f4ng \u0111\u1eb7c (\u2103) \u2264<\/p>\n<\/td>\n<td valign=\"center\" width=\"250\">\n<p align=\"center\">\u00a0-27<\/p>\n<\/td>\n<\/tr>\n<tr>\n<td valign=\"center\" width=\"218\">\n<p align=\"center\">Gi\u00e1 tr\u1ecb hydroxyl ( mgKOH\/g ) \u2264<\/p>\n<\/td>\n<td valign=\"center\" width=\"250\">\n<p align=\"center\">\u00a015<\/p>\n<\/td>\n<\/tr>\n<tr>\n<td valign=\"center\" width=\"218\">\n<p align=\"center\">\u00a0Gi\u00e1 tr\u1ecb x\u00e0 ph\u00f2ng h\u00f3a ( mgKOH\/g )<\/p>\n<\/td>\n<td valign=\"center\" width=\"250\">\n<p align=\"center\">\u00a0175\uff5e195<\/p>\n<\/td>\n<\/tr>\n<\/tbody>\n<\/table>\n<p>&nbsp;<\/p>\n<p>L\u01b0u \u00fd: m\u1ed9t s\u1ed1 ch\u1ec9 s\u1ed1 c\u00f3 th\u1ec3 \u0111\u01b0\u1ee3c \u0111i\u1ec1u ch\u1ec9nh theo nhu c\u1ea7u c\u1ee7a kh\u00e1ch h\u00e0ng.<\/p>\n<p>\u0110\u00f3ng g\u00f3i: 1000L (kho\u1ea3ng 950KGS) Th\u00f9ng phuy s\u1eaft l\u00f3t nh\u1ef1a dung t\u00edch 1 ho\u1eb7c 200L.<\/p>","protected":false},"excerpt":{"rendered":"<p>T\u00ean s\u1ea3n ph\u1ea9m: Trihydroxymethylpropyl Trioleate<\/p>\n<p>S\u1ed1 CAS: 11138-60-6<\/p>\n<p>Ch\u1ea5t trung gian: C24H50O7<\/p>\n<p>Ngo\u1ea1i quan: Ch\u1ea5t l\u1ecfng trong su\u1ed1t m\u00e0u v\u00e0ng nh\u1ea1t<\/p>","protected":false},"featured_media":3322,"template":"","meta":{"_acf_changed":false,"_gspb_post_css":""},"product_brand":[],"product_cat":[63],"product_tag":[],"class_list":{"0":"post-3362","1":"product","2":"type-product","3":"status-publish","4":"has-post-thumbnail","6":"product_cat-industrial-chemicals","8":"first","9":"instock","10":"shipping-taxable","11":"product-type-simple"},"acf":[],"_links":{"self":[{"href":"https:\/\/wpachem.com\/vi\/wp-json\/wp\/v2\/product\/3362","targetHints":{"allow":["GET"]}}],"collection":[{"href":"https:\/\/wpachem.com\/vi\/wp-json\/wp\/v2\/product"}],"about":[{"href":"https:\/\/wpachem.com\/vi\/wp-json\/wp\/v2\/types\/product"}],"version-history":[{"count":0,"href":"https:\/\/wpachem.com\/vi\/wp-json\/wp\/v2\/product\/3362\/revisions"}],"wp:featuredmedia":[{"embeddable":true,"href":"https:\/\/wpachem.com\/vi\/wp-json\/wp\/v2\/media\/3322"}],"wp:attachment":[{"href":"https:\/\/wpachem.com\/vi\/wp-json\/wp\/v2\/media?parent=3362"}],"wp:term":[{"taxonomy":"product_brand","embeddable":true,"href":"https:\/\/wpachem.com\/vi\/wp-json\/wp\/v2\/product_brand?post=3362"},{"taxonomy":"product_cat","embeddable":true,"href":"https:\/\/wpachem.com\/vi\/wp-json\/wp\/v2\/product_cat?post=3362"},{"taxonomy":"product_tag","embeddable":true,"href":"https:\/\/wpachem.com\/vi\/wp-json\/wp\/v2\/product_tag?post=3362"}],"curies":[{"name":"wp","href":"https:\/\/api.w.org\/{rel}","templated":true}]}}