{"id":3370,"date":"2023-03-20T05:42:58","date_gmt":"2023-03-20T05:42:58","guid":{"rendered":"http:\/\/site2.easyceotech.com\/?post_type=product&#038;p=3370"},"modified":"2024-03-12T07:56:59","modified_gmt":"2024-03-12T07:56:59","slug":"xanthan-gum-2","status":"publish","type":"product","link":"https:\/\/wpachem.com\/vi\/product\/xanthan-gum-2\/","title":{"rendered":"Axit Sorbic"},"content":{"rendered":"<div id=\"ali-title-AliPostDhMb-abeyx\"><span data-spm-anchor-id=\"a2700.details.0.i7.72817cb5lDT0nO\">M\u00f4 t\u1ea3 s\u1ea3n ph\u1ea9m<\/span><\/div>\n<div>\n<div class=\"J_module\">\n<div id=\"ali-anchor-AliMagic-2v29hx\" class=\"magic-0\" data-section=\"AliMagic-2v29hx\" data-section-title=\"Products Description\"><\/div>\n<\/div>\n<div class=\"J_module\">\n<div class=\"detail-decorate-json-renderer-container\">\n<div class=\"magic-1\">\n<div class=\"magic-2\">\n<div class=\"magic-3\">\n<div class=\"magic-4\" data-spm-anchor-id=\"a2700.details.0.i8.47bc63d6VHx8fx\">Kali Sorbate c\u00f3 th\u1ec3 \u0111\u01b0\u1ee3c s\u1eed d\u1ee5ng nh\u01b0 ch\u1ea5t b\u1ea3o qu\u1ea3n. Kali Sorbate c\u00f3 th\u1ec3 \u1ee9c ch\u1ebf ho\u1ea1t \u0111\u1ed9ng c\u1ee7a n\u1ea5m, n\u1ea5m men v\u00e0 vi khu\u1ea9n hi\u1ebfu kh\u00ed, v\u00e0 ng\u0103n ch\u1eb7n s\u1ef1 ph\u00e1t tri\u1ec3n v\u00e0 sinh s\u1ea3n c\u1ee7a botulinum, t\u1ee5 c\u1ea7u, salmonella v\u00e0 c\u00e1c vi sinh v\u1eadt c\u00f3 h\u1ea1i kh\u00e1c. H\u01a1n n\u1eefa, n\u00f3 kh\u00f4ng c\u00f3 t\u00e1c d\u1ee5ng \u0111\u1ed1i v\u1edbi c\u00e1c vi sinh v\u1eadt c\u00f3 l\u1ee3i, ch\u1eb3ng h\u1ea1n nh\u01b0 tr\u1ef1c khu\u1ea9n k\u1ef5 kh\u00ed v\u00e0 acidophilus lactobacillus. C\u00f3 t\u00e1c d\u1ee5ng \u1ee9c ch\u1ebf m\u1ea1nh h\u01a1n t\u00e1c d\u1ee5ng kh\u1eed tr\u00f9ng, n\u00f3 c\u00f3 th\u1ec3 k\u00e9o d\u00e0i hi\u1ec7u qu\u1ea3 th\u1eddi gian b\u1ea3o qu\u1ea3n th\u1ef1c ph\u1ea9m m\u00e0 kh\u00f4ng l\u00e0m thay \u0111\u1ed5i h\u01b0\u01a1ng v\u1ecb ban \u0111\u1ea7u.<\/div>\n<\/div>\n<\/div>\n<\/div>\n<\/div>\n<\/div>\n<\/div>\n<p>&nbsp;<\/p>\n<p>\u1ee8ng d\u1ee5ng<\/p>\n<p>1. Ch\u1ee7 y\u1ebfu \u0111\u01b0\u1ee3c s\u1eed d\u1ee5ng \u0111\u1ec3 \u1ee9c ch\u1ebf s\u1ef1 ph\u00e1t tri\u1ec3n c\u1ee7a vi khu\u1ea9n trong th\u1ef1c ph\u1ea9m.<br \/>\n2. Trong cu\u1ed9c s\u1ed1ng h\u00e0ng ng\u00e0y, c\u00f3 th\u1ec3 d\u00f9ng \u0111\u1ec3 ch\u1ed1ng n\u1ea5m m\u1ed1c cho \u0111\u1eadu n\u00e0nh, r\u01b0\u1ee3u, gi\u1ea5m \u0103n v\u00e0 rau mu\u1ed1i. Ch\u1ec9 c\u1ea7n th\u00eam 0,1 ph\u1ea7n tr\u0103m v\u00e0o ch\u00fang, b\u1ea1n s\u1ebd th\u1ea5y h\u01b0\u01a1ng v\u1ecb c\u1ee7a ch\u00fang ngon h\u01a1n.<br \/>\n3. Th\u00eam kali sorbat v\u00e0o kem nh\u00e2n t\u1ea1o v\u00e0 d\u1ea7u salad c\u00f3 th\u1ec3 ng\u0103n ng\u1eeba t\u00ecnh tr\u1ea1ng chua v\u00e0 s\u1ee7i b\u1ecdt do l\u00ean men.<br \/>\n4. Th\u1ecbt \u0111\u01b0\u1ee3c th\u00eam kali sorbat c\u00f3 th\u1ec3 b\u1ea3o qu\u1ea3n \u0111\u01b0\u1ee3c l\u00e2u h\u01a1n m\u1ed9t tu\u1ea7n so v\u1edbi tr\u01b0\u1edbc.<br \/>\n5. Khi \u0111\u00f4ng l\u1ea1nh v\u00e0 b\u1ea3o qu\u1ea3n th\u1ef1c ph\u1ea9m, \u0111\u1eb7c bi\u1ec7t l\u00e0 c\u00e1 v\u00e0 t\u00f4m, h\u00e3y ng\u00e2m ch\u00fang trong dung d\u1ecbch kali.<br \/>\n6. N\u1ebfu b\u1ea1n th\u00eam kali sorbat v\u00e0o b\u00e1nh ng\u1ecdt, b\u00e1nh quy v\u00e0 b\u00e1nh m\u00ec, ch\u00fang s\u1ebd ngon h\u01a1n!<\/p>","protected":false},"excerpt":{"rendered":"<p>T\u00ean s\u1ea3n ph\u1ea9m: Axit Sorbic<\/p>\n<p>S\u1ed1 CAS: 110-44-1<\/p>\n<p>MF:C6H8O2<\/p>\n<p>Ngo\u1ea1i h\u00ecnh: B\u1ed9t m\u00e0u tr\u1eafng<\/p>","protected":false},"featured_media":2177,"template":"","meta":{"_acf_changed":false,"_gspb_post_css":""},"product_brand":[],"product_cat":[55,57],"product_tag":[],"class_list":{"0":"post-3370","1":"product","2":"type-product","3":"status-publish","4":"has-post-thumbnail","6":"product_cat-food-additives","7":"product_cat-preservative","9":"first","10":"instock","11":"shipping-taxable","12":"product-type-simple"},"acf":[],"_links":{"self":[{"href":"https:\/\/wpachem.com\/vi\/wp-json\/wp\/v2\/product\/3370","targetHints":{"allow":["GET"]}}],"collection":[{"href":"https:\/\/wpachem.com\/vi\/wp-json\/wp\/v2\/product"}],"about":[{"href":"https:\/\/wpachem.com\/vi\/wp-json\/wp\/v2\/types\/product"}],"version-history":[{"count":0,"href":"https:\/\/wpachem.com\/vi\/wp-json\/wp\/v2\/product\/3370\/revisions"}],"wp:featuredmedia":[{"embeddable":true,"href":"https:\/\/wpachem.com\/vi\/wp-json\/wp\/v2\/media\/2177"}],"wp:attachment":[{"href":"https:\/\/wpachem.com\/vi\/wp-json\/wp\/v2\/media?parent=3370"}],"wp:term":[{"taxonomy":"product_brand","embeddable":true,"href":"https:\/\/wpachem.com\/vi\/wp-json\/wp\/v2\/product_brand?post=3370"},{"taxonomy":"product_cat","embeddable":true,"href":"https:\/\/wpachem.com\/vi\/wp-json\/wp\/v2\/product_cat?post=3370"},{"taxonomy":"product_tag","embeddable":true,"href":"https:\/\/wpachem.com\/vi\/wp-json\/wp\/v2\/product_tag?post=3370"}],"curies":[{"name":"wp","href":"https:\/\/api.w.org\/{rel}","templated":true}]}}