{"id":3374,"date":"2023-03-20T07:08:34","date_gmt":"2023-03-20T07:08:34","guid":{"rendered":"http:\/\/site2.easyceotech.com\/?post_type=product&#038;p=3374"},"modified":"2024-03-12T07:56:55","modified_gmt":"2024-03-12T07:56:55","slug":"potassium-sorbate","status":"publish","type":"product","link":"https:\/\/wpachem.com\/vi\/product\/potassium-sorbate\/","title":{"rendered":"K\u1eb9o cao su Welan"},"content":{"rendered":"<div class=\"J_module\">\n<div id=\"ali-anchor-AliMagic-2v29hx\" class=\"magic-0\" data-section=\"AliMagic-2v29hx\" data-section-title=\"Products Description\">\n<div class=\"J_module\">\n<div class=\"icbu-pc-images magic-0\">\n<div class=\"flex-layout-h\">\n<div class=\"text-wrapper magic-9\">\n<div class=\"text-wrapper-right text-theme-light text-align-left\">\n<div><strong>S\u1ef1 mi\u00eau t\u1ea3<\/strong><\/div>\n<div class=\"text-title\">Welan gum gum l\u00e0 m\u1ed9t lo\u1ea1i polysaccharide vi sinh v\u1eadt m\u1edbi sau xanthan gum, gellan gum v\u00e0 warm wheel gum. \u0110\u00e2y l\u00e0 m\u1ed9t lo\u1ea1i biopolymer h\u00f2a tan trong n\u01b0\u1edbc \u0111\u01b0\u1ee3c s\u1ea3n xu\u1ea5t b\u1eb1ng qu\u00e1 tr\u00ecnh l\u00ean men vi sinh. N\u00f3 c\u00f3 \u0111\u1ed9 \u0111\u1eb7c tuy\u1ec7t v\u1eddi, t\u00ednh d\u1ebbo gi\u1ea3, kh\u1ea3 n\u0103ng ch\u1ecbu nhi\u1ec7t \u0111\u1ed9 cao, N\u00f3 c\u00f3 c\u00e1c \u0111\u1eb7c t\u00ednh tuy\u1ec7t v\u1eddi nh\u01b0 kh\u1ea3 n\u0103ng ch\u1ecbu mu\u1ed1i cao v\u00e0 kh\u1ea3 n\u0103ng th\u00edch \u1ee9ng v\u1edbi ph\u1ea1m vi pH r\u1ed9ng. N\u00f3 c\u00f3 th\u1ec3 \u0111\u01b0\u1ee3c s\u1eed d\u1ee5ng r\u1ed9ng r\u00e3i trong d\u1ea7u m\u1ecf, v\u1eadt li\u1ec7u x\u00e2y d\u1ef1ng v\u00e0 c\u00e1c ng\u00e0nh c\u00f4ng nghi\u1ec7p kh\u00e1c v\u1edbi tri\u1ec3n v\u1ecdng \u1ee9ng d\u1ee5ng r\u1ed9ng r\u00e3i.<\/div>\n<div><\/div>\n<\/div>\n<\/div>\n<div><strong data-spm-anchor-id=\"a2700.details.0.i11.1c6e5ff8Zm29vm\">\u1ee8ng d\u1ee5ng<\/strong><\/div>\n<\/div>\n<div>\n<p>K\u1eb9o cao su Welan l\u00e0 b\u1ed9t r\u1eafn v\u00e0 c\u00f3 kh\u1ea3 n\u0103ng ch\u1ecbu nhi\u1ec7t t\u1ed1t. Dung d\u1ecbch n\u01b0\u1edbc c\u1ee7a n\u00f3 c\u00f3 \u0111\u1ed9 nh\u1edbt v\u00e0 \u0111\u1eb7c t\u00ednh l\u01b0u bi\u1ebfn t\u1ed1t, c\u00f3 th\u1ec3 ch\u1ecbu \u0111\u01b0\u1ee3c n\u1ed3ng \u0111\u1ed9 ion canxi cao. N\u00f3 c\u00f3 th\u1ec3 \u0111\u01b0\u1ee3c s\u1eed d\u1ee5ng l\u00e0m ph\u1ee5 gia xi m\u0103ng trong ng\u00e0nh xi m\u0103ng \u0111\u1ec3 t\u0103ng \u0111\u1ed9 \u0111\u1ed3ng nh\u1ea5t v\u00e0 \u0111\u1ed9 \u0111\u1eb7c c\u1ee7a c\u00e1t qu\u1eb7ng. T\u00ednh ch\u1ea5t l\u01b0u bi\u1ebfn, c\u1ea3i thi\u1ec7n \u0111\u1ed9 \u1ed5n \u0111\u1ecbnh c\u1ee7a b\u00ea t\u00f4ng t\u1ef1 \u0111\u1ea7m, v\u00e0 t\u0103ng \u00e1p su\u1ea5t h\u00f3a h\u1ecdc v\u00e0 ch\u1ea3y m\u00e1u c\u1ee7a b\u00ea t\u00f4ng b\u00f9n. N\u00f3 c\u00f3 th\u1ec3 \u0111\u01b0\u1ee3c s\u1eed d\u1ee5ng trong ng\u00e0nh khoan d\u1ea7u kh\u00ed \u0111\u1ec3 cung c\u1ea5p c\u00e1c \u0111\u1eb7c t\u00ednh l\u00e0m \u0111\u1eb7c, huy\u1ec1n ph\u00f9 v\u00e0 l\u01b0u bi\u1ebfn cho b\u00f9n d\u1ea7u kh\u00ed. N\u00f3 c\u0169ng c\u00f3 th\u1ec3 \u0111\u01b0\u1ee3c s\u1eed d\u1ee5ng trong h\u00f3a ch\u1ea5t tinh, h\u00f3a ch\u1ea5t h\u00e0ng ng\u00e0y v\u00e0 c\u00e1c ng\u00e0nh c\u00f4ng nghi\u1ec7p kh\u00e1c.<\/p>\n<p>\u0110\u01b0\u1ee3c s\u1eed d\u1ee5ng trong polyme ph\u00e2n t\u1eed cao, \u1ee9ng d\u1ee5ng trong m\u1ecf d\u1ea7u, l\u1edbp ph\u1ee7 \u0111\u00fac, h\u1ed7n d\u1ecbch s\u1eafc t\u1ed1, ch\u1ea5t l\u00e0m \u0111\u1eb7c xi m\u0103ng ho\u1eb7c b\u00ea t\u00f4ng, ch\u1ea5t tr\u00e1m l\u1ed1p v\u00e0 ch\u1ea5t l\u00e0m \u0111\u1eb7c l\u1edbp ph\u1ee7.<\/p>\n<\/div>\n<\/div>\n<\/div>\n<\/div>\n<\/div>\n<p>&nbsp;<\/p>","protected":false},"excerpt":{"rendered":"<p>T\u00ean s\u1ea3n ph\u1ea9m:<a class=\"blue\"><span style=\"color: #ff0000;\">K\u1eb9o cao su Welan<\/span><\/a><br \/>\nS\u1ed1 CAS: 96949-22-3<br \/>\nM\u1ee5c l\u1ee5c:<br \/>\nNgo\u1ea1i quan: B\u1ed9t m\u00e0u tr\u1eafng<\/p>","protected":false},"featured_media":2177,"template":"","meta":{"_acf_changed":false,"_gspb_post_css":""},"product_brand":[],"product_cat":[55,58],"product_tag":[],"class_list":{"0":"post-3374","1":"product","2":"type-product","3":"status-publish","4":"has-post-thumbnail","6":"product_cat-food-additives","7":"product_cat-thicknerstablizer","9":"first","10":"instock","11":"shipping-taxable","12":"product-type-simple"},"acf":[],"_links":{"self":[{"href":"https:\/\/wpachem.com\/vi\/wp-json\/wp\/v2\/product\/3374","targetHints":{"allow":["GET"]}}],"collection":[{"href":"https:\/\/wpachem.com\/vi\/wp-json\/wp\/v2\/product"}],"about":[{"href":"https:\/\/wpachem.com\/vi\/wp-json\/wp\/v2\/types\/product"}],"version-history":[{"count":0,"href":"https:\/\/wpachem.com\/vi\/wp-json\/wp\/v2\/product\/3374\/revisions"}],"wp:featuredmedia":[{"embeddable":true,"href":"https:\/\/wpachem.com\/vi\/wp-json\/wp\/v2\/media\/2177"}],"wp:attachment":[{"href":"https:\/\/wpachem.com\/vi\/wp-json\/wp\/v2\/media?parent=3374"}],"wp:term":[{"taxonomy":"product_brand","embeddable":true,"href":"https:\/\/wpachem.com\/vi\/wp-json\/wp\/v2\/product_brand?post=3374"},{"taxonomy":"product_cat","embeddable":true,"href":"https:\/\/wpachem.com\/vi\/wp-json\/wp\/v2\/product_cat?post=3374"},{"taxonomy":"product_tag","embeddable":true,"href":"https:\/\/wpachem.com\/vi\/wp-json\/wp\/v2\/product_tag?post=3374"}],"curies":[{"name":"wp","href":"https:\/\/api.w.org\/{rel}","templated":true}]}}