{"id":3378,"date":"2023-03-20T07:23:35","date_gmt":"2023-03-20T07:23:35","guid":{"rendered":"http:\/\/site2.easyceotech.com\/?post_type=product&#038;p=3378"},"modified":"2024-03-12T07:56:50","modified_gmt":"2024-03-12T07:56:50","slug":"guar-gum","status":"publish","type":"product","link":"https:\/\/wpachem.com\/vi\/product\/guar-gum\/","title":{"rendered":"K\u1eb9o cao su Guar"},"content":{"rendered":"<p><strong data-spm-anchor-id=\"a2700.details.0.i8.4de14db85RqhrP\">M\u00f4 t\u1ea3 v\u1ec1 Guar Gum:<\/strong><\/p>\n<p>C\u00f2n \u0111\u01b0\u1ee3c g\u1ecdi l\u00e0 guaran, guar gum \u0111\u01b0\u1ee3c l\u00e0m t\u1eeb c\u00e1c lo\u1ea1i \u0111\u1eadu g\u1ecdi l\u00e0 \u0111\u1eadu guar. \u0110\u00e2y l\u00e0 m\u1ed9t lo\u1ea1i polysaccharide, hay chu\u1ed7i d\u00e0i c\u00e1c ph\u00e2n t\u1eed carbohydrate li\u00ean k\u1ebft v\u1edbi nhau, v\u00e0 bao g\u1ed3m hai lo\u1ea1i \u0111\u01b0\u1eddng g\u1ecdi l\u00e0 mannose v\u00e0 galactose.<\/p>\n<p>K\u1eb9o cao su Guar th\u01b0\u1eddng \u0111\u01b0\u1ee3c d\u00f9ng l\u00e0m ph\u1ee5 gia th\u1ef1c ph\u1ea9m trong nhi\u1ec1u lo\u1ea1i th\u1ef1c ph\u1ea9m ch\u1ebf bi\u1ebfn.<br \/>\nN\u00f3 \u0111\u1eb7c bi\u1ec7t h\u1eefu \u00edch trong s\u1ea3n xu\u1ea5t th\u1ef1c ph\u1ea9m v\u00ec n\u00f3 h\u00f2a tan v\u00e0 c\u00f3 kh\u1ea3 n\u0103ng h\u1ea5p th\u1ee5 n\u01b0\u1edbc, t\u1ea1o th\u00e0nh gel c\u00f3 th\u1ec3 l\u00e0m \u0111\u1eb7c v\u00e0 li\u00ean k\u1ebft s\u1ea3n ph\u1ea9m.<br \/>\nGuar gum l\u00e0 m\u1ed9t ch\u1ea5t ph\u1ee5 gia th\u1ef1c ph\u1ea9m \u0111\u01b0\u1ee3c s\u1eed d\u1ee5ng \u0111\u1ec3 l\u00e0m \u0111\u1eb7c v\u00e0 k\u1ebft d\u00ednh c\u00e1c s\u1ea3n ph\u1ea9m th\u1ef1c ph\u1ea9m. N\u00f3 c\u00f3 nhi\u1ec1u ch\u1ea5t x\u01a1 h\u00f2a tan v\u00e0 \u00edt calo.<\/p>\n<div>\n<div>\n<div>\n<div>\n<div>\n<div><strong>Ch\u1ee9c n\u0103ng c\u1ee7a Guar Gum:<\/strong><\/div>\n<div>C\u00e1c t\u00ednh ch\u1ea5t ch\u1ee9c n\u0103ng c\u1ee7a n\u00f3 nh\u01b0 sau:<br \/>\n(1) Duy tr\u00ec c\u00e2n n\u1eb7ng<br \/>\nC\u00e1c nghi\u00ean c\u1ee9u cho th\u1ea5y k\u1eb9o cao su guar c\u00f3 th\u1ec3 c\u1ea3i thi\u1ec7n s\u1ee9c kh\u1ecfe ti\u00eau h\u00f3a v\u00e0 gi\u1ea3m l\u01b0\u1ee3ng \u0111\u01b0\u1eddng trong m\u00e1u, cholesterol trong m\u00e1u, c\u1ea3m gi\u00e1c th\u00e8m \u0103n v\u00e0 l\u01b0\u1ee3ng calo n\u1ea1p v\u00e0o.<br \/>\n(2)S\u1ee9c kh\u1ecfe ti\u00eau h\u00f3a<br \/>\nK\u1eb9o cao su Guar c\u00f3 nhi\u1ec1u ch\u1ea5t x\u01a1, c\u00f3 th\u1ec3 h\u1ed7 tr\u1ee3 s\u1ee9c kh\u1ecfe h\u1ec7 ti\u00eau h\u00f3a c\u1ee7a b\u1ea1n. Ngo\u00e0i ra, n\u00f3 c\u00f2n gi\u00fap gi\u1ea3m t\u00e1o b\u00f3n b\u1eb1ng c\u00e1ch t\u0103ng t\u1ed1c \u0111\u1ed9 di chuy\u1ec3n qua \u0111\u01b0\u1eddng ru\u1ed9t.<\/div>\n<div><\/div>\n<div><strong>\u1ee8ng d\u1ee5ng c\u1ee7a Guar Gum:<\/strong><br \/>\nK\u1eb9o cao su Guar \u0111\u01b0\u1ee3c s\u1eed d\u1ee5ng r\u1ed9ng r\u00e3i trong ng\u00e0nh c\u00f4ng nghi\u1ec7p th\u1ef1c ph\u1ea9m.<\/p>\n<div>t\u1eeb kh\u00f3a:G\u00f4m Guar;b\u1ed9t k\u1eb9o cao su Guar s\u1ed1 l\u01b0\u1ee3ng l\u1edbn;K\u1eb9o cao su Guar;CAS 9000-30-0;<\/div>\n<\/div>\n<\/div>\n<\/div>\n<\/div>\n<\/div>\n<\/div>\n<p>&nbsp;<\/p>","protected":false},"excerpt":{"rendered":"<p>T\u00ean s\u1ea3n ph\u1ea9m: Guar Gum<br \/>\nS\u1ed1 CAS: 9000-30-0<br \/>\nMF:C10H14N5Na2O12P3<br \/>\nNgo\u1ea1i quan: B\u1ed9t m\u00e0u tr\u1eafng<\/p>","protected":false},"featured_media":3012,"template":"","meta":{"_acf_changed":false,"_gspb_post_css":""},"product_brand":[],"product_cat":[55,58],"product_tag":[],"class_list":{"0":"post-3378","1":"product","2":"type-product","3":"status-publish","4":"has-post-thumbnail","6":"product_cat-food-additives","7":"product_cat-thicknerstablizer","9":"first","10":"instock","11":"shipping-taxable","12":"product-type-simple"},"acf":[],"_links":{"self":[{"href":"https:\/\/wpachem.com\/vi\/wp-json\/wp\/v2\/product\/3378","targetHints":{"allow":["GET"]}}],"collection":[{"href":"https:\/\/wpachem.com\/vi\/wp-json\/wp\/v2\/product"}],"about":[{"href":"https:\/\/wpachem.com\/vi\/wp-json\/wp\/v2\/types\/product"}],"version-history":[{"count":0,"href":"https:\/\/wpachem.com\/vi\/wp-json\/wp\/v2\/product\/3378\/revisions"}],"wp:featuredmedia":[{"embeddable":true,"href":"https:\/\/wpachem.com\/vi\/wp-json\/wp\/v2\/media\/3012"}],"wp:attachment":[{"href":"https:\/\/wpachem.com\/vi\/wp-json\/wp\/v2\/media?parent=3378"}],"wp:term":[{"taxonomy":"product_brand","embeddable":true,"href":"https:\/\/wpachem.com\/vi\/wp-json\/wp\/v2\/product_brand?post=3378"},{"taxonomy":"product_cat","embeddable":true,"href":"https:\/\/wpachem.com\/vi\/wp-json\/wp\/v2\/product_cat?post=3378"},{"taxonomy":"product_tag","embeddable":true,"href":"https:\/\/wpachem.com\/vi\/wp-json\/wp\/v2\/product_tag?post=3378"}],"curies":[{"name":"wp","href":"https:\/\/api.w.org\/{rel}","templated":true}]}}