{"id":3385,"date":"2023-03-20T07:30:13","date_gmt":"2023-03-20T07:30:13","guid":{"rendered":"http:\/\/site2.easyceotech.com\/?post_type=product&#038;p=3385"},"modified":"2024-03-12T07:56:42","modified_gmt":"2024-03-12T07:56:42","slug":"arabic-gum","status":"publish","type":"product","link":"https:\/\/wpachem.com\/vi\/product\/arabic-gum\/","title":{"rendered":"K\u1eb9o cao su \u1ea2 R\u1eadp"},"content":{"rendered":"<p><b><span class=\"magic-10\" data-spm-anchor-id=\"a2700.details.0.i8.2e3b53333icLNt\">Ch\u1ee9c n\u0103ng:<\/span><\/b><\/p>\n<div data-spm-anchor-id=\"a2700.details.0.i9.2e3b53333icLNt\"><span class=\"magic-12\"><span class=\"magic-11\">B\u1ed9t Gum arabic ch\u1ee7 y\u1ebfu \u0111\u01b0\u1ee3c s\u1eed d\u1ee5ng l\u00e0m ch\u1ea5t l\u00e0m \u0111\u1eb7c, ch\u1ea5t \u1ed5n \u0111\u1ecbnh, ch\u1ea5t nh\u0169 h\u00f3a, ch\u1ea5t tr\u00e1ng men. S\u1ea3n ph\u1ea9m n\u00e0y \u0111\u01b0\u1ee3c s\u1eed d\u1ee5ng r\u1ed9ng r\u00e3i trong s\u1ea3n xu\u1ea5t \u0111\u1ed3 u\u1ed1ng, ch\u1eb3ng h\u1ea1n nh\u01b0 s\u1ea3n xu\u1ea5t n\u01b0\u1edbc gi\u1ea3i kh\u00e1t, h\u01b0\u01a1ng v\u1ecb c\u00f4 \u0111\u1eb7c n\u01b0\u1edbc tr\u00e1i c\u00e2y v\u00e0 tinh d\u1ea7u c\u00f3 th\u1ec3 \u0111\u01b0\u1ee3c \u1ed5n \u0111\u1ecbnh. N\u00f3 c\u0169ng \u0111\u01b0\u1ee3c s\u1eed d\u1ee5ng trong s\u1ea3n xu\u1ea5t k\u1eb9o, nh\u01b0 k\u1eb9o c\u1ee9ng truy\u1ec1n th\u1ed1ng (r\u01b0\u1ee3u), k\u1eb9o m\u1ec1m, k\u1eb9o b\u00f4ng. N\u00f3 c\u0169ng c\u00f3 th\u1ec3 \u0111\u01b0\u1ee3c s\u1eed d\u1ee5ng l\u00e0m ch\u1ea5t \u1ed5n \u0111\u1ecbnh b\u1ecdt.<\/span><br \/>\n<span class=\"magic-10\"><b><br \/>\n<\/b><\/span><\/span><\/div>\n<div><span class=\"magic-12\"><span class=\"magic-10\"><b>\u1ee8ng d\u1ee5ng:<\/b><\/span><br \/>\n<span class=\"magic-11\">1. T\u00ednh n\u0103ng nh\u0169 h\u00f3a t\u1ed1t, \u0111\u1eb7c bi\u1ec7t l\u00e0 \u0111\u1ed1i v\u1edbi h\u1ec7 th\u1ed1ng nh\u0169 h\u00f3a d\u1ea7u kh\u00f3a n\u01b0\u1edbc. \u0110i\u1ec1u n\u00e0y l\u00e0m cho n\u00f3 \u0111\u01b0\u1ee3c s\u1eed d\u1ee5ng r\u1ed9ng r\u00e3i trong h\u01b0\u01a1ng v\u1ecb nh\u0169 h\u00f3a\u00a0<\/span><span class=\"magic-11\">nh\u01b0 ch\u1ea5t \u1ed5n \u0111\u1ecbnh nh\u0169 t\u01b0\u01a1ng.<\/span><br \/>\n<span class=\"magic-11\">2. Ch\u1ea5t t\u1ea1o m\u00e0ng. \u0110\u01b0\u1ee3c s\u1eed d\u1ee5ng r\u1ed9ng r\u00e3i trong vi\u1ec7c chuy\u1ec3n tinh d\u1ea7u v\u00e0 c\u00e1c v\u1eadt li\u1ec7u l\u1ecfng kh\u00e1c th\u00e0nh b\u1ed9t \u0111\u1ec3 tr\u00e1nh b\u1ecb oxy h\u00f3a.\u00a0<\/span><span class=\"magic-11\">C\u0169ng \u0111\u01b0\u1ee3c d\u00f9ng l\u00e0m ch\u1ea5t mang tinh ch\u1ea5t.<\/span><br \/>\n<span class=\"magic-11\">3. Ch\u1ea5t \u1ed5n \u0111\u1ecbnh b\u1ecdt trong bia, ch\u1ea5t l\u00e0m trong trong r\u01b0\u1ee3u.<\/span><br \/>\n<span class=\"magic-11\">4. Trong k\u1eb9o, n\u00f3 c\u00f3 th\u1ec3 l\u00e0m gi\u1ea3m qu\u00e1 tr\u00ecnh k\u1ebft tinh \u0111\u01b0\u1eddng v\u00e0 nh\u0169 h\u00f3a ch\u1ea5t b\u00e9o \u0111\u1ec3 tr\u00e1nh l\u1ed9 b\u1ec1 m\u1eb7t.<\/span><br \/>\n<span class=\"magic-11\">5. \u0110\u00e1nh b\u00f3ng s\u00f4 c\u00f4 la, L\u00e0m cho s\u00f4 c\u00f4 la d\u1ec5 tan ch\u1ea3y trong mi\u1ec7ng ch\u1ee9 kh\u00f4ng ph\u1ea3i tr\u00ean tay.<\/span><br \/>\n<span class=\"magic-11\">6. K\u1eb9o cao su \u1ea2 R\u1eadp c\u0169ng \u0111\u01b0\u1ee3c s\u1eed d\u1ee5ng r\u1ed9ng r\u00e3i trong s\u1ea3n xu\u1ea5t \u0111\u1ed3 u\u1ed1ng, ch\u1eb3ng h\u1ea1n nh\u01b0 trong s\u1ea3n xu\u1ea5t n\u01b0\u1edbc gi\u1ea3i kh\u00e1t, n\u00f3 c\u00f3 th\u1ec3 \u1ed5n \u0111\u1ecbnh h\u01b0\u01a1ng v\u1ecb v\u00e0\u00a0<\/span><span class=\"magic-11\">tinh d\u1ea7u. N\u00f3 c\u0169ng \u0111\u01b0\u1ee3c s\u1eed d\u1ee5ng trong s\u1ea3n xu\u1ea5t k\u1eb9o, gi\u1ed1ng nh\u01b0 k\u1eb9o cao su c\u1ee9ng truy\u1ec1n th\u1ed1ng (r\u01b0\u1ee3u vang), k\u1eb9o, k\u1eb9o b\u00f4ng. N\u00f3 c\u0169ng c\u00f3 th\u1ec3 \u0111\u01b0\u1ee3c s\u1eed d\u1ee5ng nh\u01b0\u00a0<\/span><span class=\"magic-11\">ch\u1ea5t \u1ed5n \u0111\u1ecbnh b\u1ecdt. Gum Arabic c\u0169ng \u0111\u01b0\u1ee3c s\u1eed d\u1ee5ng r\u1ed9ng r\u00e3i trong ng\u00e0nh in \u1ea5n.<\/span><\/span><\/div>\n<p>&nbsp;<\/p>","protected":false},"excerpt":{"rendered":"<p>T\u00ean s\u1ea3n ph\u1ea9m: K\u1eb9o cao su \u1ea2 R\u1eadp<br \/>\nS\u1ed1 CAS: 9000-01-5<br \/>\nM\u1ee5c l\u1ee5c:<br \/>\nNgo\u1ea1i h\u00ecnh: White Power<\/p>","protected":false},"featured_media":2182,"template":"","meta":{"_acf_changed":false,"_gspb_post_css":""},"product_brand":[],"product_cat":[55,58],"product_tag":[],"class_list":{"0":"post-3385","1":"product","2":"type-product","3":"status-publish","4":"has-post-thumbnail","6":"product_cat-food-additives","7":"product_cat-thicknerstablizer","9":"first","10":"instock","11":"shipping-taxable","12":"product-type-simple"},"acf":[],"_links":{"self":[{"href":"https:\/\/wpachem.com\/vi\/wp-json\/wp\/v2\/product\/3385","targetHints":{"allow":["GET"]}}],"collection":[{"href":"https:\/\/wpachem.com\/vi\/wp-json\/wp\/v2\/product"}],"about":[{"href":"https:\/\/wpachem.com\/vi\/wp-json\/wp\/v2\/types\/product"}],"version-history":[{"count":0,"href":"https:\/\/wpachem.com\/vi\/wp-json\/wp\/v2\/product\/3385\/revisions"}],"wp:featuredmedia":[{"embeddable":true,"href":"https:\/\/wpachem.com\/vi\/wp-json\/wp\/v2\/media\/2182"}],"wp:attachment":[{"href":"https:\/\/wpachem.com\/vi\/wp-json\/wp\/v2\/media?parent=3385"}],"wp:term":[{"taxonomy":"product_brand","embeddable":true,"href":"https:\/\/wpachem.com\/vi\/wp-json\/wp\/v2\/product_brand?post=3385"},{"taxonomy":"product_cat","embeddable":true,"href":"https:\/\/wpachem.com\/vi\/wp-json\/wp\/v2\/product_cat?post=3385"},{"taxonomy":"product_tag","embeddable":true,"href":"https:\/\/wpachem.com\/vi\/wp-json\/wp\/v2\/product_tag?post=3385"}],"curies":[{"name":"wp","href":"https:\/\/api.w.org\/{rel}","templated":true}]}}