{"id":3388,"date":"2023-03-20T07:32:52","date_gmt":"2023-03-20T07:32:52","guid":{"rendered":"http:\/\/site2.easyceotech.com\/?post_type=product&#038;p=3388"},"modified":"2024-03-12T07:54:46","modified_gmt":"2024-03-12T07:54:46","slug":"gelatin","status":"publish","type":"product","link":"https:\/\/wpachem.com\/vi\/product\/gelatin\/","title":{"rendered":"th\u1ea1ch"},"content":{"rendered":"<p>Gelatin \u0103n \u0111\u01b0\u1ee3c<\/p>\n<p>Gi\u00fap vi\u1ec7c x\u00e2y d\u1ef1ng c\u00f4ng th\u1ee9c v\u00e0 \u0111\u1ed5i m\u1edbi d\u1ec5 d\u00e0ng h\u01a1n tr\u00ean m\u1ecdi ph\u00e2n kh\u00fac th\u1ef1c ph\u1ea9m<br \/>\nGelatin Funingpu c\u00f3 th\u1ec3 \u0111\u01b0\u1ee3c ph\u00e2n lo\u1ea1i nh\u01b0 sau theo ph\u01b0\u01a1ng ph\u00e1p x\u1eed l\u00fd nguy\u00ean li\u1ec7u: Lo\u1ea1i A (ph\u01b0\u01a1ng ph\u00e1p axit) v\u00e0 Lo\u1ea1i B (ph\u01b0\u01a1ng ph\u00e1p ki\u1ec1m<br \/>\nph\u01b0\u01a1ng ph\u00e1p). Nh\u1eefng v\u1eadt li\u1ec7u n\u00e0y th\u01b0\u1eddng \u0111\u01b0\u1ee3c l\u1ea5y t\u1eeb da l\u1ee3n, x\u01b0\u01a1ng l\u1ee3n, da b\u00f2 v\u00e0 x\u01b0\u01a1ng b\u00f2.<\/p>\n<p>Gelatin c\u00f3 kh\u1ea3 n\u0103ng \u0111\u1eb7c bi\u1ec7t l\u00e0 t\u1ea1o gel c\u00f3 th\u1ec3 \u0111\u1ea3o ng\u01b0\u1ee3c nhi\u1ec7t, h\u00f2a tan trong n\u01b0\u1edbc \u1ea5m v\u00e0 tr\u1edf n\u00ean gi\u1ed1ng nh\u01b0 gel khi l\u00e0m m\u00e1t. B\u1edfi v\u00ec<br \/>\nNh\u1edd kh\u1ea3 n\u0103ng t\u1ea1o gel, t\u1ea1o b\u1ecdt, nh\u0169 h\u00f3a v\u00e0 li\u00ean k\u1ebft, gelatin \u0111\u01b0\u1ee3c s\u1eed d\u1ee5ng ph\u1ed5 bi\u1ebfn nh\u1ea5t trong c\u00e1c lo\u1ea1i th\u1ef1c ph\u1ea9m nh\u01b0 k\u1eb9o v\u00e0 th\u1ea1ch.<\/p>\n<p>K\u1eb9o d\u1ebbo ch\u1ee9c n\u0103ng<\/p>\n<p>K\u1eb9o d\u1ebbo ch\u1ee9c n\u0103ng l\u00e0 m\u1ed9t trong nh\u1eefng s\u1ea3n ph\u1ea9m dinh d\u01b0\u1ee1ng ph\u00e1t tri\u1ec3n nhanh nh\u1ea5t \u1edf Ch\u00e2u \u00c2u, B\u1eafc M\u1ef9 v\u00e0 Ch\u00e2u \u00c1.<\/p>\n<p>Vi\u1ec7c b\u1ed5 sung c\u00e1c th\u00e0nh ph\u1ea7n ch\u1ee9c n\u0103ng (vitamin, kho\u00e1ng ch\u1ea5t, ch\u1ea5t x\u01a1 ho\u1eb7c collagen) c\u00f3 th\u1ec3 mang l\u1ea1i cho s\u1ea3n ph\u1ea9m t\u00e1c d\u1ee5ng ch\u0103m s\u00f3c s\u1ee9c kh\u1ecfe. Nhi\u1ec1u<br \/>\nC\u00e1c th\u01b0\u01a1ng hi\u1ec7u k\u1eb9o d\u1ebbo \u0111\u00e3 v\u01b0\u1ee3t ra ngo\u00e0i ng\u00e0nh c\u00f4ng nghi\u1ec7p b\u00e1nh k\u1eb9o truy\u1ec1n th\u1ed1ng. V\u1edbi Funingpu Gelatin, ch\u00fang t\u00f4i c\u00f3 th\u1ec3 h\u1ed7 tr\u1ee3 v\u00e0 gi\u00fap b\u1ea1n th\u00e2m nh\u1eadp v\u00e0o th\u1ecb tr\u01b0\u1eddng \u0111ang ph\u00e1t tri\u1ec3n n\u00e0y.<\/p>\n<p>\u1ee8ng d\u1ee5ng k\u1ef9 thu\u1eadt c\u1ee7a<br \/>\nGelatin \u0103n \u0111\u01b0\u1ee3c<br \/>\nL\u00e0 m\u1ed9t lo\u1ea1i protein collagen th\u1ee7y ph\u00e2n gi\u00e0u dinh d\u01b0\u1ee1ng, gelatin \u0103n \u0111\u01b0\u1ee3c l\u00e0 ch\u1ea5t l\u00e0m \u0111\u1eb7c th\u1ef1c ph\u1ea9m t\u1ef1 nhi\u00ean v\u00e0 b\u1ed5 d\u01b0\u1ee1ng.<br \/>\n* M\u1ed9t th\u00e0nh ph\u1ea7n ho\u00e0n h\u1ea3o cho th\u1ecb tr\u01b0\u1eddng th\u1ef1c ph\u1ea9m v\u00e0 dinh d\u01b0\u1ee1ng: Nh\u00e3n s\u1ea1ch, protein nguy\u00ean ch\u1ea5t c\u00f3 ngu\u1ed3n g\u1ed1c t\u1ef1 nhi\u00ean<br \/>\n* Gi\u00e1 tr\u1ecb quan tr\u1ecdng trong vi\u1ec7c kh\u1eafc ph\u1ee5c nh\u1eefng th\u00e1ch th\u1ee9c k\u1ef9 thu\u1eadt trong c\u00f4ng th\u1ee9c protein<br \/>\n* Trung t\u00ednh v\u1ec1 m\u00f9i v\u1ecb<br \/>\n* D\u1ec5 d\u00e0ng t\u00edch h\u1ee3p v\u00e0o nhi\u1ec1u \u1ee9ng d\u1ee5ng<br \/>\n* Gelatin v\u00e0 c\u00e1c gi\u1ea3i ph\u00e1p gelatin cho \u0111\u1ed5i m\u1edbi s\u1ea3n ph\u1ea9m<\/p>","protected":false},"excerpt":{"rendered":"<p>T\u00ean s\u1ea3n ph\u1ea9m: Gelatin<br \/>\nS\u1ed1 CAS: 9000-70-8<br \/>\nMF:C6H12O6<br \/>\nNgo\u1ea1i h\u00ecnh: Nh\u1eefng m\u1ea3nh pha l\u00ea m\u00e0u tr\u1eafng \u0111\u1ebfn v\u00e0ng<\/p>","protected":false},"featured_media":2097,"template":"","meta":{"_acf_changed":false,"_gspb_post_css":""},"product_brand":[],"product_cat":[55,58],"product_tag":[],"class_list":{"0":"post-3388","1":"product","2":"type-product","3":"status-publish","4":"has-post-thumbnail","6":"product_cat-food-additives","7":"product_cat-thicknerstablizer","9":"first","10":"instock","11":"shipping-taxable","12":"product-type-simple"},"acf":[],"_links":{"self":[{"href":"https:\/\/wpachem.com\/vi\/wp-json\/wp\/v2\/product\/3388","targetHints":{"allow":["GET"]}}],"collection":[{"href":"https:\/\/wpachem.com\/vi\/wp-json\/wp\/v2\/product"}],"about":[{"href":"https:\/\/wpachem.com\/vi\/wp-json\/wp\/v2\/types\/product"}],"version-history":[{"count":0,"href":"https:\/\/wpachem.com\/vi\/wp-json\/wp\/v2\/product\/3388\/revisions"}],"wp:featuredmedia":[{"embeddable":true,"href":"https:\/\/wpachem.com\/vi\/wp-json\/wp\/v2\/media\/2097"}],"wp:attachment":[{"href":"https:\/\/wpachem.com\/vi\/wp-json\/wp\/v2\/media?parent=3388"}],"wp:term":[{"taxonomy":"product_brand","embeddable":true,"href":"https:\/\/wpachem.com\/vi\/wp-json\/wp\/v2\/product_brand?post=3388"},{"taxonomy":"product_cat","embeddable":true,"href":"https:\/\/wpachem.com\/vi\/wp-json\/wp\/v2\/product_cat?post=3388"},{"taxonomy":"product_tag","embeddable":true,"href":"https:\/\/wpachem.com\/vi\/wp-json\/wp\/v2\/product_tag?post=3388"}],"curies":[{"name":"wp","href":"https:\/\/api.w.org\/{rel}","templated":true}]}}