{"id":3391,"date":"2023-03-20T07:38:14","date_gmt":"2023-03-20T07:38:14","guid":{"rendered":"http:\/\/site2.easyceotech.com\/?post_type=product&#038;p=3391"},"modified":"2024-03-12T07:55:30","modified_gmt":"2024-03-12T07:55:30","slug":"pectin","status":"publish","type":"product","link":"https:\/\/wpachem.com\/vi\/product\/pectin\/","title":{"rendered":"Ch\u1ea5t pectin"},"content":{"rendered":"<p>S\u1ea3n ph\u1ea9m gi\u00fap \u0111\u1ea9y nhanh \u0111\u00e1ng k\u1ec3 qu\u00e1 tr\u00ecnh \u0111\u00e0o th\u1ea3i \u0111\u1ed9c t\u1ed1, ch\u1ea5t \u0111\u1ed9c v\u00e0 ch\u1ea5t ph\u00f3ng x\u1ea1 ra kh\u1ecfi c\u01a1 th\u1ec3, l\u00e0m gi\u1ea3m t\u00e1c \u0111\u1ed9ng c\u1ee7a kim lo\u1ea1i n\u1eb7ng v\u00e0 c\u00e1c h\u1ee3p ch\u1ea5t \u0111\u1ed9c h\u1ea1i, gi\u00fap gi\u1ea3m c\u00e1c tri\u1ec7u ch\u1ee9ng ng\u1ed9 \u0111\u1ed9c r\u01b0\u1ee3u, h\u1ea1 cholesterol, h\u1ed7 tr\u1ee3 k\u00edch ho\u1ea1t qu\u00e1 tr\u00ecnh trao \u0111\u1ed5i ch\u1ea5t v\u00e0 \u0111\u1ed1t ch\u00e1y ch\u1ea5t b\u00e9o, b\u00ecnh th\u01b0\u1eddng h\u00f3a l\u01b0\u1ee3ng \u0111\u01b0\u1eddng trong m\u00e1u v\u00e0 \u0111\u01b0\u1ee3c khuy\u1ebfn kh\u00edch \u0111\u1ec3 ph\u1ee5c h\u1ed3i h\u1ec7 vi khu\u1ea9n \u0111\u01b0\u1eddng ru\u1ed9t.<\/p>\n<p>&nbsp;<\/p>\n<h3 class=\"magic-17\" data-spm-anchor-id=\"a2700.details.0.i10.6ef527a5Z01KF2\"><span class=\"magic-18\">\u1ee8ng d\u1ee5ng<\/span><\/h3>\n<div class=\"magic-6\">\n<div class=\"magic-7\">\n<div class=\"magic-8\"><span class=\"magic-9\">Pectin \u0111\u01b0\u1ee3c s\u1eed d\u1ee5ng r\u1ed9ng r\u00e3i trong ch\u1ebf bi\u1ebfn th\u1ef1c ph\u1ea9m v\u00e0 \u0111\u1ed3 u\u1ed1ng, ch\u1eb3ng h\u1ea1n nh\u01b0 m\u1ee9t, th\u1ea1ch, s\u1eefa chua tr\u00e1i c\u00e2y, k\u1eb9o m\u1ec1m, kem, s\u1eefa chua ho\u1eb7c s\u1eefa chua tr\u00e1i c\u00e2y, s\u1eefa \u0111\u1eadu n\u00e0nh. N\u00f3 c\u00f3 ch\u1ee9c n\u0103ng nh\u01b0 ch\u1ea5t t\u1ea1o gel, ch\u1ea5t l\u00e0m huy\u1ec1n ph\u00f9, ch\u1ea5t \u1ed5n \u0111\u1ecbnh v\u00e0 ch\u1ea5t l\u00e0m \u0111\u1eb7c. M\u1ed9t l\u01b0\u1ee3ng nh\u1ecf pectin c\u00f3 th\u1ec3 c\u1ea3i thi\u1ec7n \u0111\u00e1ng k\u1ec3 ch\u1ea5t l\u01b0\u1ee3ng v\u00e0 h\u00ecnh th\u1ee9c c\u1ee7a th\u1ef1c ph\u1ea9m. N\u00f3 gi\u00fap mang l\u1ea1i cho th\u1ef1c ph\u1ea9m h\u01b0\u01a1ng v\u1ecb tr\u00e1i c\u00e2y t\u1ef1 nhi\u00ean, v\u1eeba ph\u1ea3i, chua v\u00e0 ng\u1ecdt, v\u00e0 h\u01b0\u01a1ng th\u01a1m tinh t\u1ebf quy\u1ebfn r\u0169. <\/span><\/div>\n<\/div>\n<\/div>\n<p>&nbsp;<\/p>","protected":false},"excerpt":{"rendered":"<p>T\u00ean s\u1ea3n ph\u1ea9m: Pectin<br \/>\nS\u1ed1 CAS: 9000-69-5<br \/>\nMF:C6H12O6<br \/>\nNgo\u1ea1i quan: B\u1ed9t m\u00e0u tr\u1eafng<\/p>","protected":false},"featured_media":2174,"template":"","meta":{"_acf_changed":false,"_gspb_post_css":""},"product_brand":[],"product_cat":[55,58],"product_tag":[],"class_list":{"0":"post-3391","1":"product","2":"type-product","3":"status-publish","4":"has-post-thumbnail","6":"product_cat-food-additives","7":"product_cat-thicknerstablizer","9":"first","10":"instock","11":"shipping-taxable","12":"product-type-simple"},"acf":[],"_links":{"self":[{"href":"https:\/\/wpachem.com\/vi\/wp-json\/wp\/v2\/product\/3391","targetHints":{"allow":["GET"]}}],"collection":[{"href":"https:\/\/wpachem.com\/vi\/wp-json\/wp\/v2\/product"}],"about":[{"href":"https:\/\/wpachem.com\/vi\/wp-json\/wp\/v2\/types\/product"}],"version-history":[{"count":0,"href":"https:\/\/wpachem.com\/vi\/wp-json\/wp\/v2\/product\/3391\/revisions"}],"wp:featuredmedia":[{"embeddable":true,"href":"https:\/\/wpachem.com\/vi\/wp-json\/wp\/v2\/media\/2174"}],"wp:attachment":[{"href":"https:\/\/wpachem.com\/vi\/wp-json\/wp\/v2\/media?parent=3391"}],"wp:term":[{"taxonomy":"product_brand","embeddable":true,"href":"https:\/\/wpachem.com\/vi\/wp-json\/wp\/v2\/product_brand?post=3391"},{"taxonomy":"product_cat","embeddable":true,"href":"https:\/\/wpachem.com\/vi\/wp-json\/wp\/v2\/product_cat?post=3391"},{"taxonomy":"product_tag","embeddable":true,"href":"https:\/\/wpachem.com\/vi\/wp-json\/wp\/v2\/product_tag?post=3391"}],"curies":[{"name":"wp","href":"https:\/\/api.w.org\/{rel}","templated":true}]}}