{"id":3394,"date":"2023-03-20T07:40:15","date_gmt":"2023-03-20T07:40:15","guid":{"rendered":"http:\/\/site2.easyceotech.com\/?post_type=product&#038;p=3394"},"modified":"2024-03-12T07:55:26","modified_gmt":"2024-03-12T07:55:26","slug":"sodium-alginate","status":"publish","type":"product","link":"https:\/\/wpachem.com\/vi\/product\/sodium-alginate\/","title":{"rendered":"Natri Alginat"},"content":{"rendered":"<p><strong data-spm-anchor-id=\"a2700.details.0.i8.46e45e8bfXGx4C\">Natri Alginat<\/strong>\u00a0Food Grade l\u00e0 m\u1ed9t polysaccharide t\u1ef1 nhi\u00ean \u0111\u01b0\u1ee3c chi\u1ebft xu\u1ea5t t\u1eeb rong bi\u1ec3n n\u00e2u, c\u00f3 nhi\u1ec1u ch\u1ee9c n\u0103ng trong ng\u00e0nh th\u1ef1c ph\u1ea9m, ch\u1eb3ng h\u1ea1n nh\u01b0 ch\u1ea5t l\u00e0m \u0111\u1eb7c, ch\u1ea5t \u1ed5n \u0111\u1ecbnh, ch\u1ea5t nh\u0169 h\u00f3a, ch\u1ea5t c\u1ea3i thi\u1ec7n k\u1ebft c\u1ea5u, ch\u1ea5t ch\u1ed1ng tho\u00e1i h\u00f3a tinh b\u1ed9t v\u00e0 ch\u1ea5t t\u1ea1o gel, do c\u1ea5u tr\u00fac h\u00f3a h\u1ecdc \u0111\u1eb7c bi\u1ec7t v\u00e0 c\u00e1c \u0111\u1eb7c t\u00ednh tuy\u1ec7t v\u1eddi c\u1ee7a n\u00f3. Alginate c\u00f3 th\u1ec3 \u0111\u01b0\u1ee3c \u1ee9ng d\u1ee5ng r\u1ed9ng r\u00e3i nh\u01b0 m\u1ed9t ch\u1ea5t ph\u1ee5 gia t\u1ef1 nhi\u00ean trong nhi\u1ec1u lo\u1ea1i th\u1ef1c ph\u1ea9m, ch\u1eb3ng h\u1ea1n nh\u01b0 b\u1ed9t m\u00ec, m\u00ec, c\u00e1c s\u1ea3n ph\u1ea9m b\u1ed9t \u0111\u00f4ng l\u1ea1nh, b\u00e1nh m\u00ec, v.v.<\/p>\n<p>&nbsp;<\/p>\n<p>&nbsp;<\/p>\n<p>\u1ee8ng d\u1ee5ng:<\/p>\n<p><strong>1 B\u1ed9 \u1ed5n \u0111\u1ecbnh<\/strong><br \/>\nThay th\u1ebf tinh b\u1ed9t v\u00e0 carrageenan, natri alginat c\u00f3 th\u1ec3 \u0111\u01b0\u1ee3c s\u1eed d\u1ee5ng trong \u0111\u1ed3 u\u1ed1ng, c\u00e1c s\u1ea3n ph\u1ea9m t\u1eeb s\u1eefa, c\u00e1c s\u1ea3n ph\u1ea9m \u0111\u00e1.<br \/>\n<strong>2 Ch\u1ea5t l\u00e0m \u0111\u1eb7c v\u00e0 nh\u0169 t\u01b0\u01a1ng<\/strong><br \/>\nL\u00e0 m\u1ed9t ph\u1ee5 gia th\u1ef1c ph\u1ea9m, natri alginat ch\u1ee7 y\u1ebfu \u0111\u01b0\u1ee3c s\u1eed d\u1ee5ng trong h\u01b0\u01a1ng li\u1ec7u sala, m\u1ee9t pudding, t\u01b0\u01a1ng c\u00e0 chua v\u00e0 c\u00e1c s\u1ea3n ph\u1ea9m \u0111\u00f3ng h\u1ed9p.<br \/>\n<strong>3. S\u1ef1 th\u1ee7y h\u00f3a<\/strong><br \/>\nNatri alginat c\u00f3 th\u1ec3 l\u00e0m cho m\u00ec, b\u00fan, b\u00fan g\u1ea1o k\u1ebft d\u00ednh h\u01a1n.<br \/>\n<strong>4 T\u00ednh ch\u1ea5t t\u1ea1o gel<\/strong><br \/>\nV\u1edbi \u0111\u1eb7c t\u00ednh n\u00e0y, natri alginate c\u00f3 th\u1ec3 \u0111\u01b0\u1ee3c ch\u1ebf t\u1ea1o th\u00e0nh c\u00e1c lo\u1ea1i s\u1ea3n ph\u1ea9m d\u1ea1ng gel. N\u00f3 c\u0169ng c\u00f3 th\u1ec3 \u0111\u01b0\u1ee3c s\u1eed d\u1ee5ng l\u00e0m l\u1edbp ph\u1ee7 cho c\u00e1c s\u1ea3n ph\u1ea9m tr\u00e1i c\u00e2y, th\u1ecbt v\u00e0 rong bi\u1ec3n tr\u00e1nh xa kh\u00f4ng kh\u00ed v\u00e0 gi\u1eef ch\u00fang \u0111\u01b0\u1ee3c b\u1ea3o qu\u1ea3n l\u00e2u h\u01a1n.<\/p>","protected":false},"excerpt":{"rendered":"<p>T\u00ean s\u1ea3n ph\u1ea9m: Natri alginate<br \/>\nS\u1ed1 CAS: 9005-38-3<br \/>\nMF:C5H7O4COONa<br \/>\nNgo\u1ea1i h\u00ecnh: Tr\u1eafng \u0111\u1ebfn tr\u1eafng ng\u00e0<\/p>","protected":false},"featured_media":2621,"template":"","meta":{"_acf_changed":false,"_gspb_post_css":""},"product_brand":[],"product_cat":[55,58],"product_tag":[],"class_list":{"0":"post-3394","1":"product","2":"type-product","3":"status-publish","4":"has-post-thumbnail","6":"product_cat-food-additives","7":"product_cat-thicknerstablizer","9":"first","10":"instock","11":"shipping-taxable","12":"product-type-simple"},"acf":[],"_links":{"self":[{"href":"https:\/\/wpachem.com\/vi\/wp-json\/wp\/v2\/product\/3394","targetHints":{"allow":["GET"]}}],"collection":[{"href":"https:\/\/wpachem.com\/vi\/wp-json\/wp\/v2\/product"}],"about":[{"href":"https:\/\/wpachem.com\/vi\/wp-json\/wp\/v2\/types\/product"}],"version-history":[{"count":0,"href":"https:\/\/wpachem.com\/vi\/wp-json\/wp\/v2\/product\/3394\/revisions"}],"wp:featuredmedia":[{"embeddable":true,"href":"https:\/\/wpachem.com\/vi\/wp-json\/wp\/v2\/media\/2621"}],"wp:attachment":[{"href":"https:\/\/wpachem.com\/vi\/wp-json\/wp\/v2\/media?parent=3394"}],"wp:term":[{"taxonomy":"product_brand","embeddable":true,"href":"https:\/\/wpachem.com\/vi\/wp-json\/wp\/v2\/product_brand?post=3394"},{"taxonomy":"product_cat","embeddable":true,"href":"https:\/\/wpachem.com\/vi\/wp-json\/wp\/v2\/product_cat?post=3394"},{"taxonomy":"product_tag","embeddable":true,"href":"https:\/\/wpachem.com\/vi\/wp-json\/wp\/v2\/product_tag?post=3394"}],"curies":[{"name":"wp","href":"https:\/\/api.w.org\/{rel}","templated":true}]}}