{"id":3398,"date":"2023-03-20T07:42:50","date_gmt":"2023-03-20T07:42:50","guid":{"rendered":"http:\/\/site2.easyceotech.com\/?post_type=product&#038;p=3398"},"modified":"2024-03-12T07:55:23","modified_gmt":"2024-03-12T07:55:23","slug":"gellan-gum","status":"publish","type":"product","link":"https:\/\/wpachem.com\/vi\/product\/gellan-gum\/","title":{"rendered":"K\u1eb8O GELLAN"},"content":{"rendered":"<p><span class=\"magic-8\" style=\"font-family: Arial;\">K\u1eb9o cao su Gellan l\u00e0 polysaccharide ngo\u1ea1i b\u00e0o \u0111\u01b0\u1ee3c s\u1ea3n xu\u1ea5t b\u1edfi vi khu\u1ea9n gram \u00e2m - Pseudomonas elodea \u0111\u01b0\u1ee3c t\u00e1ch ra t\u1eeb c\u00e2y s\u00fang v\u00e0 l\u00e0 m\u1ed9t trong nh\u1eefng vi khu\u1ea9n<\/span><\/p>\n<div data-spm-anchor-id=\"a2700.details.0.i7.28034ae0EgpPOh\"><\/div>\n<div data-spm-anchor-id=\"a2700.details.0.i7.28034ae0EgpPOh\">\n<div class=\"J_module\">\n<div id=\"ali-anchor-AliMagic-pho85v\" class=\"magic-10\" data-section=\"AliMagic-pho85v\" data-section-title=\"Application\" data-spm-anchor-id=\"a2700.details.0.i7.419f6303OxC4pk\">\u1ee8ng d\u1ee5ng<\/div>\n<\/div>\n<div class=\"J_module\">\n<div class=\"detail-decorate-json-renderer-container\">\n<div class=\"magic-0\">\n<div class=\"magic-1\">\n<div class=\"magic-2\">\n<div class=\"magic-3\"><span class=\"magic-11\">1. S\u1eed d\u1ee5ng trong nu\u00f4i c\u1ea5y vi sinh v\u1eadt.<br \/>\n2. Trong ng\u00e0nh th\u1ef1c ph\u1ea9m, trong c\u00e1c s\u1ea3n ph\u1ea9m th\u1ecbt, li\u1ec1u l\u01b0\u1ee3ng b\u1ed5 sung \u0111\u01b0\u1ee3c khuy\u1ebfn ngh\u1ecb l\u00e0 kho\u1ea3ng 0,1~0,5%, c\u0169ng c\u00f3 th\u1ec3 k\u1ebft h\u1ee3p v\u1edbi c\u00e1c ch\u1ea5t keo kh\u00e1c \u0111\u1ec3 gi\u1ea3m li\u1ec1u l\u01b0\u1ee3ng gellan gum h\u01a1n n\u1eefa.<\/span><\/div>\n<\/div>\n<\/div>\n<\/div>\n<\/div>\n<\/div>\n<\/div>\n<p>&nbsp;<\/p>","protected":false},"excerpt":{"rendered":"<p>T\u00ean s\u1ea3n ph\u1ea9m: GELLAN GUM<br \/>\nS\u1ed1 CAS: 71010-52-1<br \/>\nM\u1ee5c l\u1ee5c:<br \/>\nNgo\u1ea1i h\u00ecnh: B\u1ed9t m\u00e0u tr\u1eafng \u0111\u1ee5c<\/p>","protected":false},"featured_media":2180,"template":"","meta":{"_acf_changed":false,"_gspb_post_css":""},"product_brand":[],"product_cat":[24],"product_tag":[],"class_list":{"0":"post-3398","1":"product","2":"type-product","3":"status-publish","4":"has-post-thumbnail","6":"product_cat-uncategorized","8":"first","9":"instock","10":"shipping-taxable","11":"product-type-simple"},"acf":[],"_links":{"self":[{"href":"https:\/\/wpachem.com\/vi\/wp-json\/wp\/v2\/product\/3398","targetHints":{"allow":["GET"]}}],"collection":[{"href":"https:\/\/wpachem.com\/vi\/wp-json\/wp\/v2\/product"}],"about":[{"href":"https:\/\/wpachem.com\/vi\/wp-json\/wp\/v2\/types\/product"}],"version-history":[{"count":0,"href":"https:\/\/wpachem.com\/vi\/wp-json\/wp\/v2\/product\/3398\/revisions"}],"wp:featuredmedia":[{"embeddable":true,"href":"https:\/\/wpachem.com\/vi\/wp-json\/wp\/v2\/media\/2180"}],"wp:attachment":[{"href":"https:\/\/wpachem.com\/vi\/wp-json\/wp\/v2\/media?parent=3398"}],"wp:term":[{"taxonomy":"product_brand","embeddable":true,"href":"https:\/\/wpachem.com\/vi\/wp-json\/wp\/v2\/product_brand?post=3398"},{"taxonomy":"product_cat","embeddable":true,"href":"https:\/\/wpachem.com\/vi\/wp-json\/wp\/v2\/product_cat?post=3398"},{"taxonomy":"product_tag","embeddable":true,"href":"https:\/\/wpachem.com\/vi\/wp-json\/wp\/v2\/product_tag?post=3398"}],"curies":[{"name":"wp","href":"https:\/\/api.w.org\/{rel}","templated":true}]}}