{"id":3401,"date":"2023-03-20T07:45:43","date_gmt":"2023-03-20T07:45:43","guid":{"rendered":"http:\/\/site2.easyceotech.com\/?post_type=product&#038;p=3401"},"modified":"2024-03-12T07:55:19","modified_gmt":"2024-03-12T07:55:19","slug":"sodium-carboxymethyl-cellulose","status":"publish","type":"product","link":"https:\/\/wpachem.com\/vi\/product\/sodium-carboxymethyl-cellulose\/","title":{"rendered":"Natri cacboxymethyl xenluloza"},"content":{"rendered":"<p>&nbsp;<\/p>\n<p><strong>M\u00f4 t\u1ea3 c\u1ee7a Natri Carboxymethyl Cellulose LV HV<\/strong><\/p>\n<p data-spm-anchor-id=\"a2700.details.0.i9.5ab932d7NYGZw9\">Carboxymethyl cellulose (CMC) ho\u1eb7c cellulose gum l\u00e0 m\u1ed9t d\u1eabn xu\u1ea5t cellulose v\u1edbi nh\u00f3m carboxymethyl (-CH2-COOH) li\u00ean k\u1ebft v\u1edbi m\u1ed9t s\u1ed1 nh\u00f3m hydroxyl c\u1ee7a monome glucopyranose t\u1ea1o n\u00ean x\u01b0\u01a1ng s\u1ed1ng cellulose. N\u00f3 th\u01b0\u1eddng \u0111\u01b0\u1ee3c s\u1eed d\u1ee5ng d\u01b0\u1edbi d\u1ea1ng mu\u1ed1i natri, natri carboxymethyl cellulose.<\/p>\n<p data-spm-anchor-id=\"a2700.details.0.i9.5ab932d7NYGZw9\"><strong>\u1ee8ng d\u1ee5ng<\/strong><\/p>\n<p data-spm-anchor-id=\"a2700.details.0.i11.5ab932d7NYGZw9\"><span data-spm-anchor-id=\"a2700.details.0.i13.5ab932d7NYGZw9\"><strong><em data-spm-anchor-id=\"a2700.details.0.i12.5ab932d7NYGZw9\">Trong th\u1ef1c ph\u1ea9m<\/em><\/strong>,Natri Carboxymethyl Cellulose CMC \u0111\u01b0\u1ee3c s\u1eed d\u1ee5ng trong khoa h\u1ecdc th\u1ef1c ph\u1ea9m nh\u01b0 m\u1ed9t ch\u1ea5t \u0111i\u1ec1u ch\u1ec9nh \u0111\u1ed9 nh\u1edbt ho\u1eb7c ch\u1ea5t l\u00e0m \u0111\u1eb7c, v\u00e0 \u0111\u1ec3 \u1ed5n \u0111\u1ecbnh nh\u0169 t\u01b0\u01a1ng trong nhi\u1ec1u s\u1ea3n ph\u1ea9m kh\u00e1c nhau bao g\u1ed3m c\u1ea3 kem. L\u00e0 m\u1ed9t ch\u1ea5t ph\u1ee5 gia th\u1ef1c ph\u1ea9m, Natri Carboxymethyl Cellulose CMC c\u00f3 s\u1ed1 E l\u00e0 E466.\u00a0<\/span><\/p>\n<p>&nbsp;<\/p>\n<p>&nbsp;<\/p>\n<p>Natri Carboxymethyl Cellulose CMC c\u0169ng l\u00e0 th\u00e0nh ph\u1ea7n c\u1ee7a nhi\u1ec1u\u00a0<em><strong>kh\u00f4ng ph\u1ea3i th\u1ef1c ph\u1ea9m<\/strong><\/em>\u00a0s\u1ea3n ph\u1ea9m, ch\u1eb3ng h\u1ea1n nh\u01b0\u00a0<em><strong>ch\u1ea5t b\u00f4i tr\u01a1n c\u00e1 nh\u00e2n, kem \u0111\u00e1nh r\u0103ng, thu\u1ed1c nhu\u1eadn tr\u00e0ng, thu\u1ed1c gi\u1ea3m c\u00e2n, s\u01a1n g\u1ed1c n\u01b0\u1edbc, ch\u1ea5t t\u1ea9y r\u1eeda, ch\u1ea5t h\u1ed3 v\u1ea3i v\u00e0 nhi\u1ec1u s\u1ea3n ph\u1ea9m gi\u1ea5y kh\u00e1c<\/strong><\/em>.Natri Carboxymethyl Cellulose CMC \u0111\u01b0\u1ee3c s\u1eed d\u1ee5ng ch\u1ee7 y\u1ebfu v\u00ec n\u00f3 c\u00f3 \u0111\u1ed9 nh\u1edbt cao, kh\u00f4ng \u0111\u1ed9c h\u1ea1i v\u00e0 th\u01b0\u1eddng \u0111\u01b0\u1ee3c coi l\u00e0 kh\u00f4ng g\u00e2y d\u1ecb \u1ee9ng v\u00ec ngu\u1ed3n ch\u1ea5t x\u01a1 ch\u00ednh l\u00e0 b\u1ed9t g\u1ed7 m\u1ec1m ho\u1eb7c x\u01a1 b\u00f4ng.<\/p>\n<p>Natri Carboxymethyl Cellulose CMC \u0111\u01b0\u1ee3c s\u1eed d\u1ee5ng r\u1ed9ng r\u00e3i trong\u00a0<strong>kh\u00f4ng ch\u1ee9a gluten<\/strong>\u00a0V\u00e0\u00a0<strong>gi\u1ea3m m\u1ee1<\/strong>\u00a0s\u1ea3n ph\u1ea9m th\u1ef1c ph\u1ea9m.<\/p>\n<p>&nbsp;<\/p>\n<p><em><strong>Trong ch\u1ea5t t\u1ea9y r\u1eeda<\/strong><\/em>, Natri Carboxymethyl Cellulose CMC \u0111\u01b0\u1ee3c s\u1eed d\u1ee5ng nh\u01b0 m\u1ed9t lo\u1ea1i polyme huy\u1ec1n ph\u00f9 trong \u0111\u1ea5t \u0111\u01b0\u1ee3c thi\u1ebft k\u1ebf \u0111\u1ec3 l\u1eafng \u0111\u1ecdng tr\u00ean v\u1ea3i cotton v\u00e0 c\u00e1c lo\u1ea1i v\u1ea3i xenlulo kh\u00e1c, t\u1ea1o ra m\u1ed9t l\u1edbp r\u00e0o c\u1ea3n t\u00edch \u0111i\u1ec7n \u00e2m \u0111\u1ed1i v\u1edbi \u0111\u1ea5t trong dung d\u1ecbch gi\u1eb7t.<\/p>\n<p>&nbsp;<\/p>\n<p>&nbsp;<\/p>\n<p><em><strong>Trong khoan d\u1ea7u<\/strong><\/em> c\u00f4ng nghi\u1ec7p nh\u01b0 m\u1ed9t th\u00e0nh ph\u1ea7n c\u1ee7a b\u00f9n khoan, n\u01a1i n\u00f3 ho\u1ea1t \u0111\u1ed9ng nh\u01b0 m\u1ed9t ch\u1ea5t \u0111i\u1ec1u ch\u1ec9nh \u0111\u1ed9 nh\u1edbt v\u00e0 ch\u1ea5t gi\u1eef n\u01b0\u1edbc.<\/p>","protected":false},"excerpt":{"rendered":"<p>T\u00ean s\u1ea3n ph\u1ea9m: MU\u1ed0I NATRI CARBOXYMETHYLCELLULOSE<br \/>\nS\u1ed1 CAS: 9085-26-1<br \/>\nMF:C8H16NaO8<br \/>\nNgo\u1ea1i quan: b\u1ed9t m\u00e0u tr\u1eafng<\/p>","protected":false},"featured_media":2181,"template":"","meta":{"_acf_changed":false,"_gspb_post_css":""},"product_brand":[],"product_cat":[55,58],"product_tag":[],"class_list":{"0":"post-3401","1":"product","2":"type-product","3":"status-publish","4":"has-post-thumbnail","6":"product_cat-food-additives","7":"product_cat-thicknerstablizer","9":"first","10":"instock","11":"shipping-taxable","12":"product-type-simple"},"acf":[],"_links":{"self":[{"href":"https:\/\/wpachem.com\/vi\/wp-json\/wp\/v2\/product\/3401","targetHints":{"allow":["GET"]}}],"collection":[{"href":"https:\/\/wpachem.com\/vi\/wp-json\/wp\/v2\/product"}],"about":[{"href":"https:\/\/wpachem.com\/vi\/wp-json\/wp\/v2\/types\/product"}],"version-history":[{"count":0,"href":"https:\/\/wpachem.com\/vi\/wp-json\/wp\/v2\/product\/3401\/revisions"}],"wp:featuredmedia":[{"embeddable":true,"href":"https:\/\/wpachem.com\/vi\/wp-json\/wp\/v2\/media\/2181"}],"wp:attachment":[{"href":"https:\/\/wpachem.com\/vi\/wp-json\/wp\/v2\/media?parent=3401"}],"wp:term":[{"taxonomy":"product_brand","embeddable":true,"href":"https:\/\/wpachem.com\/vi\/wp-json\/wp\/v2\/product_brand?post=3401"},{"taxonomy":"product_cat","embeddable":true,"href":"https:\/\/wpachem.com\/vi\/wp-json\/wp\/v2\/product_cat?post=3401"},{"taxonomy":"product_tag","embeddable":true,"href":"https:\/\/wpachem.com\/vi\/wp-json\/wp\/v2\/product_tag?post=3401"}],"curies":[{"name":"wp","href":"https:\/\/api.w.org\/{rel}","templated":true}]}}