{"id":3404,"date":"2023-03-20T07:48:16","date_gmt":"2023-03-20T07:48:16","guid":{"rendered":"http:\/\/site2.easyceotech.com\/?post_type=product&#038;p=3404"},"modified":"2024-03-12T07:55:14","modified_gmt":"2024-03-12T07:55:14","slug":"agar-powe","status":"publish","type":"product","link":"https:\/\/wpachem.com\/vi\/product\/agar-powe\/","title":{"rendered":"B\u1ed9t Agar"},"content":{"rendered":"<p><strong data-spm-anchor-id=\"a2700.details.0.i7.359867f32AwPU2\">M\u00f4 t\u1ea3 v\u1ec1 b\u1ed9t Agar:<\/strong><\/p>\n<p>Agar c\u00f3 ngu\u1ed3n g\u1ed1c t\u1eeb polysaccharide agarose, t\u1ea1o th\u00e0nh c\u1ea5u tr\u00fac h\u1ed7 tr\u1ee3 trong th\u00e0nh t\u1ebf b\u00e0o c\u1ee7a m\u1ed9t s\u1ed1 lo\u00e0i t\u1ea3o, v\u00e0 \u0111\u01b0\u1ee3c gi\u1ea3i ph\u00f3ng khi \u0111un s\u00f4i. Nh\u1eefng lo\u1ea1i t\u1ea3o n\u00e0y \u0111\u01b0\u1ee3c g\u1ecdi l\u00e0 agarophytes v\u00e0 thu\u1ed9c ng\u00e0nh Rhodophyta (t\u1ea3o \u0111\u1ecf). Agar th\u1ef1c ch\u1ea5t l\u00e0 h\u1ed7n h\u1ee3p thu \u0111\u01b0\u1ee3c t\u1eeb hai th\u00e0nh ph\u1ea7n: polysaccharide agarose tuy\u1ebfn t\u00ednh v\u00e0 h\u1ed7n h\u1ee3p kh\u00f4ng \u0111\u1ed3ng nh\u1ea5t c\u1ee7a c\u00e1c ph\u00e2n t\u1eed nh\u1ecf h\u01a1n \u0111\u01b0\u1ee3c g\u1ecdi l\u00e0 agaropectin.<\/p>\n<div>\n<div>\n<div>\n<div>\n<div>\n<div><strong>Ch\u1ee9c n\u0103ng c\u1ee7a b\u1ed9t Agar:<\/strong><\/div>\n<div><span data-spm-anchor-id=\"a2700.details.0.i8.359867f32AwPU2\">Trong c\u00f4ng nghi\u1ec7p th\u1ef1c ph\u1ea9m: L\u00e0 ch\u1ea5t t\u1ea1o gelatin v\u00e0 \u1ed5n \u0111\u1ecbnh d\u00f9ng trong k\u1eb9o, th\u1ea1ch, yokan, th\u1ef1c ph\u1ea9m \u0111\u00f3ng h\u1ed9p, gi\u0103m b\u00f4ng v\u00e0 x\u00fac x\u00edch; L\u00e0 ch\u1ea5t l\u00e0m \u0111\u1eb7c v\u00e0 \u1ed5n \u0111\u1ecbnh d\u00f9ng trong m\u1ee9t, b\u01a1 \u0111\u1eadu ph\u1ed9ng, \u0111\u1eadu n\u00e0nh m\u00e8; L\u00e0 ch\u1ea5t \u1ed5n \u0111\u1ecbnh d\u00f9ng trong kem, kem que, v.v.; L\u00e0 ch\u1ea5t ch\u1ed1ng \u0111\u00f4ng t\u1ee5 d\u00f9ng trong n\u01b0\u1edbc tr\u00e1i c\u00e2y v\u00e0 \u0111\u1ed3 u\u1ed1ng; L\u00e0 ch\u1ea5t l\u00e0m trong d\u00f9ng trong r\u01b0\u1ee3u, n\u01b0\u1edbc t\u01b0\u01a1ng, gi\u1ea5m.<br \/>\nTrong ng\u00e0nh d\u01b0\u1ee3c ph\u1ea9m: H\u1ea1 lipid m\u00e1u, \u0111\u00e0o th\u1ea3i \u0111\u1ed9c t\u1ed1, l\u00e0m \u0111\u1eb9p da.<br \/>\nTrong ng\u00e0nh c\u00f4ng ngh\u1ec7 sinh h\u1ecdc: M\u00f4i tr\u01b0\u1eddng nu\u00f4i c\u1ea5y vi khu\u1ea9n v\u00e0 v\u1eadt mang vi sinh v\u1eadt, v.v.<\/span><\/div>\n<div><\/div>\n<div><strong>\u1ee8ng d\u1ee5ng c\u1ee7a b\u1ed9t Agar:<\/strong><br \/>\n1. L\u00e0 v\u1eadt li\u1ec7u l\u1ea5y d\u1ea5u trong nha khoa.<br \/>\n2. T\u1ea1o c\u1ea7u mu\u1ed1i v\u00e0 n\u00fat gel \u0111\u1ec3 s\u1eed d\u1ee5ng trong \u0111i\u1ec7n h\u00f3a.<br \/>\n3. D\u00f9ng trong h\u1ed3 nu\u00f4i c\u00e1 nh\u01b0 m\u1ed9t ch\u1ea5t thay th\u1ebf trong su\u1ed1t cho c\u00e1t v\u00e0 l\u00e0 ngu\u1ed3n dinh d\u01b0\u1ee1ng.<br \/>\n4. L\u00e0 th\u00e0nh ph\u1ea7n t\u1ef1 nhi\u00ean \u0111\u1ec3 t\u1ea1o th\u00e0nh \u0111\u1ea5t s\u00e9t n\u1eb7n cho tr\u1ebb nh\u1ecf ch\u01a1i.<br \/>\n5. L\u00e0 th\u00e0nh ph\u1ea7n ph\u00e2n b\u00f3n sinh h\u1ecdc \u0111\u01b0\u1ee3c ph\u00e9p s\u1eed d\u1ee5ng trong canh t\u00e1c h\u1eefu c\u01a1.<\/p>\n<div>t\u1eeb kh\u00f3a: B\u1ed9t th\u1ea1ch Agar; CAS 9002-18-0; B\u1ed9t th\u1ea1ch Agar;<\/div>\n<\/div>\n<\/div>\n<\/div>\n<\/div>\n<\/div>\n<\/div>\n<p>&nbsp;<\/p>","protected":false},"excerpt":{"rendered":"<p>T\u00ean s\u1ea3n ph\u1ea9m: Agar<br \/>\nS\u1ed1 CAS: 9002-18-0<br \/>\nMF: C14H24O9<br \/>\nNgo\u1ea1i h\u00ecnh: White Power<\/p>","protected":false},"featured_media":2180,"template":"","meta":{"_acf_changed":false,"_gspb_post_css":""},"product_brand":[],"product_cat":[55,58],"product_tag":[],"class_list":{"0":"post-3404","1":"product","2":"type-product","3":"status-publish","4":"has-post-thumbnail","6":"product_cat-food-additives","7":"product_cat-thicknerstablizer","9":"first","10":"instock","11":"shipping-taxable","12":"product-type-simple"},"acf":[],"_links":{"self":[{"href":"https:\/\/wpachem.com\/vi\/wp-json\/wp\/v2\/product\/3404","targetHints":{"allow":["GET"]}}],"collection":[{"href":"https:\/\/wpachem.com\/vi\/wp-json\/wp\/v2\/product"}],"about":[{"href":"https:\/\/wpachem.com\/vi\/wp-json\/wp\/v2\/types\/product"}],"version-history":[{"count":0,"href":"https:\/\/wpachem.com\/vi\/wp-json\/wp\/v2\/product\/3404\/revisions"}],"wp:featuredmedia":[{"embeddable":true,"href":"https:\/\/wpachem.com\/vi\/wp-json\/wp\/v2\/media\/2180"}],"wp:attachment":[{"href":"https:\/\/wpachem.com\/vi\/wp-json\/wp\/v2\/media?parent=3404"}],"wp:term":[{"taxonomy":"product_brand","embeddable":true,"href":"https:\/\/wpachem.com\/vi\/wp-json\/wp\/v2\/product_brand?post=3404"},{"taxonomy":"product_cat","embeddable":true,"href":"https:\/\/wpachem.com\/vi\/wp-json\/wp\/v2\/product_cat?post=3404"},{"taxonomy":"product_tag","embeddable":true,"href":"https:\/\/wpachem.com\/vi\/wp-json\/wp\/v2\/product_tag?post=3404"}],"curies":[{"name":"wp","href":"https:\/\/api.w.org\/{rel}","templated":true}]}}