{"id":3410,"date":"2023-03-20T08:07:27","date_gmt":"2023-03-20T08:07:27","guid":{"rendered":"http:\/\/site2.easyceotech.com\/?post_type=product&#038;p=3410"},"modified":"2024-03-12T07:55:06","modified_gmt":"2024-03-12T07:55:06","slug":"benzoic-acid","status":"publish","type":"product","link":"https:\/\/wpachem.com\/vi\/product\/benzoic-acid\/","title":{"rendered":"Axit Benzoic"},"content":{"rendered":"<p>Axit benzoic l\u00e0 m\u1ed9t ch\u1ea5t c\u00f3 trong t\u1ef1 nhi\u00ean v\u00e0 \u0111\u01b0\u1ee3c t\u1ed5ng h\u1ee3p; n\u00f3 \u0111\u01b0\u1ee3c s\u1eed d\u1ee5ng trong th\u1ef1c ph\u1ea9m v\u00e0 m\u1ef9 ph\u1ea9m nh\u01b0 m\u1ed9t ch\u1ea5t b\u1ea3o qu\u1ea3n.<\/p>\n<p>&nbsp;<\/p>\n<p>\u1ee8ng d\u1ee5ng<\/p>\n<p>Axit benzoic l\u00e0 m\u1ed9t axit romatic \u0111\u01a1n ch\u1ee9c, \u0111\u01b0\u1ee3c s\u1eed d\u1ee5ng r\u1ed9ng r\u00e3i nh\u01b0 m\u1ed9t kh\u1ed1i x\u00e2y d\u1ef1ng \u0111\u1ec3 t\u1ed5ng h\u1ee3p nh\u1ef1a alkyd. N\u00f3 c\u0169ng \u0111\u01b0\u1ee3c s\u1eed d\u1ee5ng nh\u01b0 m\u1ed9t ch\u1ea5t b\u1ea3o qu\u1ea3n trong nhi\u1ec1u \u1ee9ng d\u1ee5ng c\u00f4ng nghi\u1ec7p, ch\u1eb3ng h\u1ea1n nh\u01b0 ch\u1ea5t kh\u00e1ng khu\u1ea9n c\u1ee7a m\u1ee7 cao su, kem \u0111\u00e1nh r\u0103ng, m\u1ee9t, thu\u1ed1c nhu\u1ed9m v\u00e0 ch\u1ea5t g\u1eafn m\u00e0u in, v\u00e0 thu\u1ed1c nhu\u1ed9m trung gian \u0111\u1ec3 ch\u1ebf t\u1ea1o ch\u1ea5t d\u1ebbo, gia v\u1ecb v\u00e0 c\u00e1c lo\u1ea1i t\u01b0\u01a1ng t\u1ef1, ch\u1ea5t \u1ee9c ch\u1ebf g\u1ec9 c\u1ee7a thi\u1ebft b\u1ecb th\u00e9p, v.v.<\/p>","protected":false},"excerpt":{"rendered":"<p>T\u00ean s\u1ea3n ph\u1ea9m:<a class=\"blue\"><span style=\"color: #ff0000;\">Axit Benzoic<\/span><\/a><br \/>\nS\u1ed1 CAS: 65-85-0<br \/>\nMF: Axit benzoic<br \/>\nNgo\u1ea1i quan: B\u1ed9t m\u00e0u tr\u1eafng<\/p>","protected":false},"featured_media":2159,"template":"","meta":{"_acf_changed":false,"_gspb_post_css":""},"product_brand":[],"product_cat":[55,57],"product_tag":[],"class_list":{"0":"post-3410","1":"product","2":"type-product","3":"status-publish","4":"has-post-thumbnail","6":"product_cat-food-additives","7":"product_cat-preservative","9":"first","10":"instock","11":"shipping-taxable","12":"product-type-simple"},"acf":[],"_links":{"self":[{"href":"https:\/\/wpachem.com\/vi\/wp-json\/wp\/v2\/product\/3410","targetHints":{"allow":["GET"]}}],"collection":[{"href":"https:\/\/wpachem.com\/vi\/wp-json\/wp\/v2\/product"}],"about":[{"href":"https:\/\/wpachem.com\/vi\/wp-json\/wp\/v2\/types\/product"}],"version-history":[{"count":0,"href":"https:\/\/wpachem.com\/vi\/wp-json\/wp\/v2\/product\/3410\/revisions"}],"wp:featuredmedia":[{"embeddable":true,"href":"https:\/\/wpachem.com\/vi\/wp-json\/wp\/v2\/media\/2159"}],"wp:attachment":[{"href":"https:\/\/wpachem.com\/vi\/wp-json\/wp\/v2\/media?parent=3410"}],"wp:term":[{"taxonomy":"product_brand","embeddable":true,"href":"https:\/\/wpachem.com\/vi\/wp-json\/wp\/v2\/product_brand?post=3410"},{"taxonomy":"product_cat","embeddable":true,"href":"https:\/\/wpachem.com\/vi\/wp-json\/wp\/v2\/product_cat?post=3410"},{"taxonomy":"product_tag","embeddable":true,"href":"https:\/\/wpachem.com\/vi\/wp-json\/wp\/v2\/product_tag?post=3410"}],"curies":[{"name":"wp","href":"https:\/\/api.w.org\/{rel}","templated":true}]}}