{"id":3413,"date":"2023-03-20T08:19:45","date_gmt":"2023-03-20T08:19:45","guid":{"rendered":"http:\/\/site2.easyceotech.com\/?post_type=product&#038;p=3413"},"modified":"2024-03-12T07:55:03","modified_gmt":"2024-03-12T07:55:03","slug":"calcium-propionate","status":"publish","type":"product","link":"https:\/\/wpachem.com\/vi\/product\/calcium-propionate\/","title":{"rendered":"Canxi Propionat"},"content":{"rendered":"<div class=\"magic-6\"><b class=\"magic-24\"><span data-spm-anchor-id=\"a2700.details.0.i12.38da3ac3MKB5ot\">Canxi Propionat<\/span> \/ <\/b><b class=\"magic-24\">S\u1ed1 CAS 4075-81-4<\/b><\/div>\n<div class=\"magic-25\"><\/div>\n<div class=\"magic-25\">Canxi propionate \u0111\u01b0\u1ee3c s\u1eed d\u1ee5ng nh\u01b0 m\u1ed9t ch\u1ea5t b\u1ea3o qu\u1ea3n trong nhi\u1ec1u lo\u1ea1i s\u1ea3n ph\u1ea9m, bao g\u1ed3m nh\u01b0ng kh\u00f4ng gi\u1edbi h\u1ea1n \u1edf b\u00e1nh m\u00ec, c\u00e1c lo\u1ea1i b\u00e1nh n\u01b0\u1edbng kh\u00e1c, th\u1ecbt ch\u1ebf bi\u1ebfn, v\u00e1ng s\u1eefa v\u00e0 c\u00e1c s\u1ea3n ph\u1ea9m t\u1eeb s\u1eefa kh\u00e1c. Trong n\u00f4ng nghi\u1ec7p, n\u00f3 \u0111\u01b0\u1ee3c s\u1eed d\u1ee5ng, trong s\u1ed1 nh\u1eefng th\u1ee9 kh\u00e1c, \u0111\u1ec3 ng\u0103n ng\u1eeba s\u1ed1t s\u1eefa \u1edf b\u00f2 v\u00e0 nh\u01b0 m\u1ed9t ch\u1ea5t b\u1ed5 sung th\u1ee9c \u0103n, propionate ng\u0103n vi khu\u1ea9n s\u1ea3n xu\u1ea5t n\u0103ng l\u01b0\u1ee3ng m\u00e0 ch\u00fang c\u1ea7n, gi\u1ed1ng nh\u01b0 benzoate. Tuy nhi\u00ean, kh\u00f4ng gi\u1ed1ng nh\u01b0 benzoate, propionate kh\u00f4ng y\u00eau c\u1ea7u m\u00f4i tr\u01b0\u1eddng c\u00f3 t\u00ednh axit.<\/div>\n<div><\/div>\n<div>\u1ee8ng d\u1ee5ng<\/div>\n<div><\/div>\n<div>\u0110\u01b0\u1ee3c s\u1eed d\u1ee5ng l\u00e0m ch\u1ea5t kh\u1eed tr\u00f9ng v\u00e0 ch\u1ed1ng n\u1ea5m trong th\u1ef1c ph\u1ea9m, d\u00f9ng trong b\u00e1nh ng\u1ecdt, b\u00e1nh m\u00ec, n\u01b0\u1edbc t\u01b0\u01a1ng, gi\u1ea5m, m\u00ec c\u1eaft nh\u1ecf, v.v.<\/div>\n<p>&nbsp;<\/p>","protected":false},"excerpt":{"rendered":"<p>T\u00ean s\u1ea3n ph\u1ea9m:Canxi Propionate<br \/>\nS\u1ed1 CAS: 4075-81-4<br \/>\nMF:C3H8CaO2<br \/>\nNgo\u1ea1i h\u00ecnh: s\u1ee9c m\u1ea1nh tr\u1eafng tr\u1ebbo<\/p>","protected":false},"featured_media":2631,"template":"","meta":{"_acf_changed":false,"_gspb_post_css":""},"product_brand":[],"product_cat":[55,57],"product_tag":[],"class_list":{"0":"post-3413","1":"product","2":"type-product","3":"status-publish","4":"has-post-thumbnail","6":"product_cat-food-additives","7":"product_cat-preservative","9":"first","10":"instock","11":"shipping-taxable","12":"product-type-simple"},"acf":[],"_links":{"self":[{"href":"https:\/\/wpachem.com\/vi\/wp-json\/wp\/v2\/product\/3413","targetHints":{"allow":["GET"]}}],"collection":[{"href":"https:\/\/wpachem.com\/vi\/wp-json\/wp\/v2\/product"}],"about":[{"href":"https:\/\/wpachem.com\/vi\/wp-json\/wp\/v2\/types\/product"}],"version-history":[{"count":0,"href":"https:\/\/wpachem.com\/vi\/wp-json\/wp\/v2\/product\/3413\/revisions"}],"wp:featuredmedia":[{"embeddable":true,"href":"https:\/\/wpachem.com\/vi\/wp-json\/wp\/v2\/media\/2631"}],"wp:attachment":[{"href":"https:\/\/wpachem.com\/vi\/wp-json\/wp\/v2\/media?parent=3413"}],"wp:term":[{"taxonomy":"product_brand","embeddable":true,"href":"https:\/\/wpachem.com\/vi\/wp-json\/wp\/v2\/product_brand?post=3413"},{"taxonomy":"product_cat","embeddable":true,"href":"https:\/\/wpachem.com\/vi\/wp-json\/wp\/v2\/product_cat?post=3413"},{"taxonomy":"product_tag","embeddable":true,"href":"https:\/\/wpachem.com\/vi\/wp-json\/wp\/v2\/product_tag?post=3413"}],"curies":[{"name":"wp","href":"https:\/\/api.w.org\/{rel}","templated":true}]}}