{"id":3417,"date":"2023-03-20T08:21:29","date_gmt":"2023-03-20T08:21:29","guid":{"rendered":"http:\/\/site2.easyceotech.com\/?post_type=product&#038;p=3417"},"modified":"2024-03-12T07:54:59","modified_gmt":"2024-03-12T07:54:59","slug":"sodium-propionate","status":"publish","type":"product","link":"https:\/\/wpachem.com\/vi\/product\/sodium-propionate\/","title":{"rendered":"Natri propionat"},"content":{"rendered":"<p>Natri propionat d\u1ea1ng tinh th\u1ec3 m\u00e0u tr\u1eafng, d\u1ea1ng h\u1ea1t ho\u1eb7c b\u1ed9t tinh th\u1ec3, kh\u00f4ng m\u00f9i ho\u1eb7c \u00edt m\u00f9i axit propionic, d\u1ec5 tan trong n\u01b0\u1edbc, tan trong etanol, tan \u00edt trong axeton.<\/p>\n<p>&nbsp;<\/p>\n<div id=\"ali-title-AliPostDhMb-25z8h\">\u1ee8ng d\u1ee5ng<\/div>\n<div>\n<p data-spm-anchor-id=\"a2700.details.0.i7.290e1c3fhhkTUS\">\u00a0[1] L\u00e0 m\u1ed9t ch\u1ea5t ph\u1ee5 gia th\u1ef1c ph\u1ea9m, n\u00f3 \u0111\u01b0\u1ee3c li\u1ec7t k\u00ea l\u00e0 s\u1ed1 E 282 trong Codex Alimentarius. Natri propionat \u0111\u01b0\u1ee3c s\u1eed d\u1ee5ng l\u00e0m ch\u1ea5t b\u1ea3o qu\u1ea3n trong nhi\u1ec1u lo\u1ea1i s\u1ea3n ph\u1ea9m, bao g\u1ed3m nh\u01b0ng kh\u00f4ng gi\u1edbi h\u1ea1n \u1edf b\u00e1nh m\u00ec, c\u00e1c lo\u1ea1i b\u00e1nh n\u01b0\u1edbng kh\u00e1c, th\u1ecbt ch\u1ebf bi\u1ebfn, v\u00e1ng s\u1eefa v\u00e0 c\u00e1c s\u1ea3n ph\u1ea9m t\u1eeb s\u1eefa kh\u00e1c. M\u1ee9c s\u1eed d\u1ee5ng t\u1ed1i \u0111a (ti\u00eau chu\u1ea9n Nh\u1eadt B\u1ea3n): 3,15g\/kg<br \/>\n[2] Trong n\u00f4ng nghi\u1ec7p, n\u00f3 \u0111\u01b0\u1ee3c s\u1eed d\u1ee5ng, trong s\u1ed1 nh\u1eefng th\u1ee9 kh\u00e1c, \u0111\u1ec3 ng\u0103n ng\u1eeba s\u1ed1t s\u1eefa \u1edf b\u00f2 v\u00e0 nh\u01b0 m\u1ed9t ch\u1ea5t b\u1ed5 sung th\u1ee9c \u0103n<br \/>\n[3] natri propionat \u0111\u01b0\u1ee3c s\u1eed d\u1ee5ng trong c\u00e1c s\u1ea3n ph\u1ea9m b\u00e1nh m\u00ec nh\u01b0 m\u1ed9t ch\u1ea5t \u1ee9c ch\u1ebf n\u1ea5m m\u1ed1c, th\u01b0\u1eddng \u1edf m\u1ee9c 0,1-0,4%<br \/>\n[4] natri propionat c\u00f3 th\u1ec3 \u0111\u01b0\u1ee3c s\u1eed d\u1ee5ng nh\u01b0 m\u1ed9t lo\u1ea1i thu\u1ed1c tr\u1eeb s\u00e2u.<\/p>\n<\/div>\n<p>&nbsp;<\/p>","protected":false},"excerpt":{"rendered":"<p>T\u00ean s\u1ea3n ph\u1ea9m: Natri propionat<br \/>\nS\u1ed1 CAS: 137-40-6<br \/>\nMF:C3H6O2.Na<br \/>\nNgo\u1ea1i h\u00ecnh: s\u1ee9c m\u1ea1nh m\u00e0u tr\u1eafng<\/p>","protected":false},"featured_media":3146,"template":"","meta":{"_acf_changed":false,"_gspb_post_css":""},"product_brand":[],"product_cat":[55,57],"product_tag":[],"class_list":{"0":"post-3417","1":"product","2":"type-product","3":"status-publish","4":"has-post-thumbnail","6":"product_cat-food-additives","7":"product_cat-preservative","9":"first","10":"instock","11":"shipping-taxable","12":"product-type-simple"},"acf":[],"_links":{"self":[{"href":"https:\/\/wpachem.com\/vi\/wp-json\/wp\/v2\/product\/3417","targetHints":{"allow":["GET"]}}],"collection":[{"href":"https:\/\/wpachem.com\/vi\/wp-json\/wp\/v2\/product"}],"about":[{"href":"https:\/\/wpachem.com\/vi\/wp-json\/wp\/v2\/types\/product"}],"version-history":[{"count":0,"href":"https:\/\/wpachem.com\/vi\/wp-json\/wp\/v2\/product\/3417\/revisions"}],"wp:featuredmedia":[{"embeddable":true,"href":"https:\/\/wpachem.com\/vi\/wp-json\/wp\/v2\/media\/3146"}],"wp:attachment":[{"href":"https:\/\/wpachem.com\/vi\/wp-json\/wp\/v2\/media?parent=3417"}],"wp:term":[{"taxonomy":"product_brand","embeddable":true,"href":"https:\/\/wpachem.com\/vi\/wp-json\/wp\/v2\/product_brand?post=3417"},{"taxonomy":"product_cat","embeddable":true,"href":"https:\/\/wpachem.com\/vi\/wp-json\/wp\/v2\/product_cat?post=3417"},{"taxonomy":"product_tag","embeddable":true,"href":"https:\/\/wpachem.com\/vi\/wp-json\/wp\/v2\/product_tag?post=3417"}],"curies":[{"name":"wp","href":"https:\/\/api.w.org\/{rel}","templated":true}]}}