{"id":3420,"date":"2023-03-20T08:23:34","date_gmt":"2023-03-20T08:23:34","guid":{"rendered":"http:\/\/site2.easyceotech.com\/?post_type=product&#038;p=3420"},"modified":"2024-03-12T07:54:57","modified_gmt":"2024-03-12T07:54:57","slug":"natamycin","status":"publish","type":"product","link":"https:\/\/wpachem.com\/vi\/product\/natamycin\/","title":{"rendered":"Natamycin"},"content":{"rendered":"<p><strong>Natamycin E235<\/strong>\u00a0l\u00e0 ch\u1ea5t b\u1ea3o qu\u1ea3n th\u1ef1c ph\u1ea9m t\u1ef1 nhi\u00ean m\u1edbi, hi\u1ec7u qu\u1ea3 cao v\u00e0 l\u00e0 ch\u1ea5t b\u1ea3o qu\u1ea3n ch\u1ed1ng n\u1ea5m duy nh\u1ea5t \u0111\u01b0\u1ee3c ch\u1ea5p thu\u1eadn tr\u00ean ph\u1ea1m vi qu\u1ed1c t\u1ebf. Natamycin kh\u00f4ng ch\u1ec9 \u1ee9c ch\u1ebf s\u1ef1 ph\u00e1t tri\u1ec3n c\u1ee7a n\u1ea5m m\u00e0 c\u00f2n \u1ee9c ch\u1ebf qu\u00e1 tr\u00ecnh s\u1ea3n xu\u1ea5t \u0111\u1ed9c t\u1ed1 c\u1ee7a ch\u00fang. Natamycin kh\u00f4ng c\u00f3 t\u00e1c d\u1ee5ng \u0111\u1ed1i v\u1edbi vi khu\u1ea9n, do \u0111\u00f3 kh\u00f4ng ng\u0103n c\u1ea3n qu\u00e1 tr\u00ecnh tr\u01b0\u1edfng th\u00e0nh t\u1ef1 nhi\u00ean c\u1ee7a s\u1eefa chua, pho m\u00e1t, \u0111\u1ed3 t\u01b0\u01a1i s\u1ed1ng, x\u00fac x\u00edch, v.v. N\u00f3 s\u1ebd kh\u00f4ng \u1ea3nh h\u01b0\u1edfng \u0111\u1ebfn h\u01b0\u01a1ng v\u1ecb th\u1ef1c ph\u1ea9m. Trong khi \u0111\u00f3, natamycin kh\u00f3 \u0111\u01b0\u1ee3c h\u1ea5p th\u1ee5 b\u1edfi \u0111\u01b0\u1eddng ti\u00eau h\u00f3a c\u1ee7a con ng\u01b0\u1eddi n\u00ean an to\u00e0n cho con ng\u01b0\u1eddi. Cho \u0111\u1ebfn nay, Natamycin \u0111\u00e3 \u0111\u01b0\u1ee3c ch\u1ea5p thu\u1eadn l\u00e0m ch\u1ea5t b\u1ea3o qu\u1ea3n th\u1ef1c ph\u1ea9m t\u1ea1i h\u01a1n 40 qu\u1ed1c gia v\u00e0 \u0111\u01b0\u1ee3c \u1ee9ng d\u1ee5ng r\u1ed9ng r\u00e3i trong pho m\u00e1t, th\u1ef1c ph\u1ea9m t\u1eeb th\u1ecbt, b\u00e1nh ng\u1ecdt, n\u01b0\u1edbc \u00e9p tr\u00e1i c\u00e2y, n\u01b0\u1edbc s\u1ed1t, th\u1ea1ch, s\u1ea3n ph\u1ea9m mu\u1ed1i v\u00e0 c\u00e1c lo\u1ea1i th\u1ef1c ph\u1ea9m kh\u00e1c.<\/p>\n<p>&nbsp;<\/p>\n<p><strong>\u00a0C\u00e1ch s\u1eed d\u1ee5ng &amp; Li\u1ec1u d\u00f9ng\u00a0<\/strong><\/p>\n<table border=\"1\">\n<tbody>\n<tr>\n<td>\u00a0\u00a0<span data-spm-anchor-id=\"a2700.details.0.i9.642c2922LmHRji\">Natamycin tinh khi\u1ebft-natamycin 95%<\/span><\/td>\n<td>\u00a0\u00a0th\u00edch h\u1ee3p cho t\u1ea5t c\u1ea3 c\u00e1c lo\u1ea1i th\u1ef1c ph\u1ea9m<\/td>\n<\/tr>\n<tr>\n<td>\u00a0\u00a0Natamycin 50% trong Nacl<\/td>\n<td>\u00a0\u00a0th\u00edch h\u1ee3p cho c\u00e1c s\u1ea3n ph\u1ea9m th\u1ecbt v\u00e0 mu\u1ed1i<\/td>\n<\/tr>\n<tr>\n<td>\u00a0\u00a0Natamycin 50% trong Glucose<\/td>\n<td data-spm-anchor-id=\"a2700.details.0.i10.642c2922LmHRji\">\u00a0\u00a0th\u00edch h\u1ee3p cho \u0111\u1ed3 u\u1ed1ng v\u00e0 \u0111\u1ed3 u\u1ed1ng<\/td>\n<\/tr>\n<tr>\n<td>\u00a0\u00a0Natamycin 50% trong Lactose<\/td>\n<td data-spm-anchor-id=\"a2700.details.0.i11.642c2922LmHRji\">\u00a0\u00a0th\u00edch h\u1ee3p cho c\u00e1c s\u1ea3n ph\u1ea9m t\u1eeb s\u1eefa.<\/td>\n<\/tr>\n<\/tbody>\n<\/table>\n<p>&nbsp;<\/p>","protected":false},"excerpt":{"rendered":"<p>T\u00ean s\u1ea3n ph\u1ea9m: Natamycin<br \/>\nS\u1ed1 CAS: 7681-93-8<br \/>\nMF:C33H47NO13<br \/>\nNgo\u1ea1i h\u00ecnh: s\u1ee9c m\u1ea1nh m\u00e0u tr\u1eafng<\/p>","protected":false},"featured_media":2179,"template":"","meta":{"_acf_changed":false,"_gspb_post_css":""},"product_brand":[],"product_cat":[55,57],"product_tag":[],"class_list":{"0":"post-3420","1":"product","2":"type-product","3":"status-publish","4":"has-post-thumbnail","6":"product_cat-food-additives","7":"product_cat-preservative","9":"first","10":"instock","11":"shipping-taxable","12":"product-type-simple"},"acf":[],"_links":{"self":[{"href":"https:\/\/wpachem.com\/vi\/wp-json\/wp\/v2\/product\/3420","targetHints":{"allow":["GET"]}}],"collection":[{"href":"https:\/\/wpachem.com\/vi\/wp-json\/wp\/v2\/product"}],"about":[{"href":"https:\/\/wpachem.com\/vi\/wp-json\/wp\/v2\/types\/product"}],"version-history":[{"count":0,"href":"https:\/\/wpachem.com\/vi\/wp-json\/wp\/v2\/product\/3420\/revisions"}],"wp:featuredmedia":[{"embeddable":true,"href":"https:\/\/wpachem.com\/vi\/wp-json\/wp\/v2\/media\/2179"}],"wp:attachment":[{"href":"https:\/\/wpachem.com\/vi\/wp-json\/wp\/v2\/media?parent=3420"}],"wp:term":[{"taxonomy":"product_brand","embeddable":true,"href":"https:\/\/wpachem.com\/vi\/wp-json\/wp\/v2\/product_brand?post=3420"},{"taxonomy":"product_cat","embeddable":true,"href":"https:\/\/wpachem.com\/vi\/wp-json\/wp\/v2\/product_cat?post=3420"},{"taxonomy":"product_tag","embeddable":true,"href":"https:\/\/wpachem.com\/vi\/wp-json\/wp\/v2\/product_tag?post=3420"}],"curies":[{"name":"wp","href":"https:\/\/api.w.org\/{rel}","templated":true}]}}