{"id":3430,"date":"2023-03-20T08:34:31","date_gmt":"2023-03-20T08:34:31","guid":{"rendered":"http:\/\/site2.easyceotech.com\/?post_type=product&#038;p=3430"},"modified":"2024-03-12T07:52:59","modified_gmt":"2024-03-12T07:52:59","slug":"calcium-acetate-monohydrate","status":"publish","type":"product","link":"https:\/\/wpachem.com\/vi\/product\/calcium-acetate-monohydrate\/","title":{"rendered":"Canxi axetat monohydrat"},"content":{"rendered":"<p>Canxi axetat l\u00e0 m\u1ed9t lo\u1ea1i b\u1ed9t ho\u1eb7c h\u1ea1t m\u00e0u tr\u1eafng, n\u00f3 l\u00e0 ch\u1ea5t \u1ee9c ch\u1ebf s\u1ef1 ph\u00e1t tri\u1ec3n hi\u1ec7u qu\u1ea3 c\u1ee7a m\u1ed9t s\u1ed1 lo\u1ea1i vi khu\u1ea9n.<\/p>\n<p>&nbsp;<\/p>\n<p>\u1ee8ng d\u1ee5ng<\/p>\n<p>[1]N\u00f3 \u0111\u01b0\u1ee3c s\u1eed d\u1ee5ng r\u1ed9ng r\u00e3i trong b\u00e1nh m\u00ec \u0111\u1ec3 ng\u0103n ng\u1eeba s\u1ef1 h\u00ecnh th\u00e0nh s\u1ee3i do \u0111\u00f3 k\u00e9o d\u00e0i th\u1eddi h\u1ea1n s\u1eed d\u1ee5ng c\u1ee7a s\u1ea3n ph\u1ea9m. H\u00e0m l\u01b0\u1ee3ng \u1ea9m cao c\u1ee7a b\u00e1nh m\u00ec th\u00fac \u0111\u1ea9y s\u1ef1 ph\u00e1t tri\u1ec3n c\u1ee7a vi khu\u1ea9n g\u00e2y ra s\u1ee3i. Nh\u1eefng vi khu\u1ea9n n\u00e0y c\u00f3 kh\u1ea3 n\u0103ng ch\u1ecbu nhi\u1ec7t v\u00e0 t\u1ed3n t\u1ea1i \u1edf nhi\u1ec7t \u0111\u1ed9 \u0111\u1ea1t \u0111\u01b0\u1ee3c trong qu\u00e1 tr\u00ecnh l\u00f3t.\u0110i\u1ec1u n\u00e0y c\u00f3 ngh\u0129a l\u00e0 c\u00e1c \u0111i\u1ec1u ki\u1ec7n thu\u1eadn l\u1ee3i cho s\u1ef1 ph\u00e1t tri\u1ec3n c\u1ee7a s\u1ee3i, c\u00e1c bi\u1ec7n ph\u00e1p th\u00edch h\u1ee3p ph\u1ea3i \u0111\u01b0\u1ee3c th\u1ef1c hi\u1ec7n \u0111\u1ec3 ng\u0103n ng\u1eeba s\u1ef1 h\u00ecnh th\u00e0nh s\u1ee3i.<br \/>\n[2]Canxi axetat l\u00e0 ch\u1ea5t ch\u1ed1ng d\u00ednh hi\u1ec7u qu\u1ea3 v\u00e0 kh\u00f4ng \u1ea3nh h\u01b0\u1edfng \u0111\u1ebfn qu\u00e1 tr\u00ecnh l\u00ean men, h\u01b0\u01a1ng v\u1ecb c\u1ee7a b\u00e1nh m\u00ec. N\u1ed3ng \u0111\u1ed9 khuy\u1ebfn ngh\u1ecb l\u00e0 0,2-0,5% d\u1ef1a tr\u00ean l\u01b0\u1ee3ng b\u1ed9t m\u00ec.<br \/>\n[3]Canxi axetat c\u0169ng \u0111\u01b0\u1ee3c \u1ee9ng d\u1ee5ng trong s\u1ea3n xu\u1ea5t c\u1ed9ng h\u01b0\u1edfng cho m\u1ef1c in.<br \/>\n[4]Canxi axetat c\u00f3 th\u1ec3 \u0111\u01b0\u1ee3c s\u1eed d\u1ee5ng \u0111\u1ec3 t\u0103ng s\u1ea3n l\u01b0\u1ee3ng ch\u1ea5t b\u00e9o s\u1eefa c\u1ee7a b\u00f2 s\u1eefa.<br \/>\n[5]n\u00f3 \u0111\u01b0\u1ee3c s\u1eed d\u1ee5ng trong s\u1ea3n xu\u1ea5t x\u00e0 ph\u00f2ng canxi, trong s\u1ea3n xu\u1ea5t m\u1ee1 b\u00f4i tr\u01a1n nhi\u1ec7t \u0111\u1ed9 cao v\u00e0 ch\u1ea5t x\u00fac t\u00e1c cho s\u1ea3n xu\u1ea5t polyester<\/p>","protected":false},"excerpt":{"rendered":"<p>T\u00ean s\u1ea3n ph\u1ea9m: Canxi Acetate Monohydrate<\/p>\n<p>S\u1ed1 CAS: 5743-26-0<br \/>\nMF:C4H8CaO5<br \/>\nNgo\u1ea1i h\u00ecnh: s\u1ee9c m\u1ea1nh m\u00e0u tr\u1eafng<\/p>","protected":false},"featured_media":2179,"template":"","meta":{"_acf_changed":false,"_gspb_post_css":""},"product_brand":[],"product_cat":[55,57],"product_tag":[],"class_list":{"0":"post-3430","1":"product","2":"type-product","3":"status-publish","4":"has-post-thumbnail","6":"product_cat-food-additives","7":"product_cat-preservative","9":"first","10":"instock","11":"shipping-taxable","12":"product-type-simple"},"acf":[],"_links":{"self":[{"href":"https:\/\/wpachem.com\/vi\/wp-json\/wp\/v2\/product\/3430","targetHints":{"allow":["GET"]}}],"collection":[{"href":"https:\/\/wpachem.com\/vi\/wp-json\/wp\/v2\/product"}],"about":[{"href":"https:\/\/wpachem.com\/vi\/wp-json\/wp\/v2\/types\/product"}],"version-history":[{"count":0,"href":"https:\/\/wpachem.com\/vi\/wp-json\/wp\/v2\/product\/3430\/revisions"}],"wp:featuredmedia":[{"embeddable":true,"href":"https:\/\/wpachem.com\/vi\/wp-json\/wp\/v2\/media\/2179"}],"wp:attachment":[{"href":"https:\/\/wpachem.com\/vi\/wp-json\/wp\/v2\/media?parent=3430"}],"wp:term":[{"taxonomy":"product_brand","embeddable":true,"href":"https:\/\/wpachem.com\/vi\/wp-json\/wp\/v2\/product_brand?post=3430"},{"taxonomy":"product_cat","embeddable":true,"href":"https:\/\/wpachem.com\/vi\/wp-json\/wp\/v2\/product_cat?post=3430"},{"taxonomy":"product_tag","embeddable":true,"href":"https:\/\/wpachem.com\/vi\/wp-json\/wp\/v2\/product_tag?post=3430"}],"curies":[{"name":"wp","href":"https:\/\/api.w.org\/{rel}","templated":true}]}}