{"id":3433,"date":"2023-03-20T09:34:51","date_gmt":"2023-03-20T09:34:51","guid":{"rendered":"http:\/\/site2.easyceotech.com\/?post_type=product&#038;p=3433"},"modified":"2024-03-12T07:52:56","modified_gmt":"2024-03-12T07:52:56","slug":"sodium-diacetate","status":"publish","type":"product","link":"https:\/\/wpachem.com\/vi\/product\/sodium-diacetate\/","title":{"rendered":"Natri diacetate"},"content":{"rendered":"<h3 class=\"magic-2\"><span class=\"magic-3\">Natri diacetate<\/span><\/h3>\n<div class=\"magic-4\">\n<div class=\"magic-5\">\n<div class=\"magic-6\" data-spm-anchor-id=\"a2700.details.0.i7.60431225pTHdI0\"><span class=\"magic-7\">Natri diacetate l\u00e0 m\u1ed9t lo\u1ea1i ph\u1ee5 gia th\u1ef1c ph\u1ea9m m\u1edbi cho th\u1ef1c ph\u1ea9m v\u00e0 \u0111\u1ed3 u\u1ed1ng, \u0111\u01b0\u1ee3c s\u1eed d\u1ee5ng r\u1ed9ng r\u00e3i trong c\u00e1c ch\u1ea5t ph\u1ee5 gia th\u1ef1c ph\u1ea9m nh\u01b0 th\u1ef1c ph\u1ea9m n\u01b0\u1edbng,<br \/>\nk\u1eb9o, m\u1ee1, s\u1ea3n ph\u1ea9m th\u1ecbt, d\u1ea7u, n\u01b0\u1edbc t\u01b0\u01a1ng, gia v\u1ecb, b\u00e1nh ng\u1ecdt, th\u1ee9c \u0103n nhanh, s\u00fap v\u00e0 b\u1ed9t, v.v.; Th\u1ee9c \u0103n ng\u0169 c\u1ed1c v\u00e0 th\u1ee9c \u0103n xanh<br \/>\nph\u1ee5 gia; Natri diacetate, c\u00f4ng th\u1ee9c h\u00f3a h\u1ecdc C4H7NaO4, c\u00f2n \u0111\u01b0\u1ee3c g\u1ecdi l\u00e0 natri axetat, l\u00e0 m\u1ed9t lo\u1ea1i ch\u1ea5t b\u1ea3o qu\u1ea3n th\u1ef1c ph\u1ea9m m\u1edbi v\u1edbi<br \/>\nt\u00ednh ch\u1ea5t \u1ed5n \u0111\u1ecbnh v\u00e0 gi\u00e1 th\u1ea5p<\/span><\/div>\n<\/div>\n<\/div>\n<p>&nbsp;<\/p>","protected":false},"excerpt":{"rendered":"<p>T\u00ean s\u1ea3n ph\u1ea9m: Natri diacetate<br \/>\nS\u1ed1 CAS: 126-96-5<br \/>\nMF:C2H5NaO2<br \/>\nNgo\u1ea1i h\u00ecnh: s\u1ee9c m\u1ea1nh m\u00e0u tr\u1eafng<\/p>","protected":false},"featured_media":2160,"template":"","meta":{"_acf_changed":false,"_gspb_post_css":""},"product_brand":[],"product_cat":[55,57],"product_tag":[],"class_list":{"0":"post-3433","1":"product","2":"type-product","3":"status-publish","4":"has-post-thumbnail","6":"product_cat-food-additives","7":"product_cat-preservative","9":"first","10":"instock","11":"shipping-taxable","12":"product-type-simple"},"acf":[],"_links":{"self":[{"href":"https:\/\/wpachem.com\/vi\/wp-json\/wp\/v2\/product\/3433","targetHints":{"allow":["GET"]}}],"collection":[{"href":"https:\/\/wpachem.com\/vi\/wp-json\/wp\/v2\/product"}],"about":[{"href":"https:\/\/wpachem.com\/vi\/wp-json\/wp\/v2\/types\/product"}],"version-history":[{"count":0,"href":"https:\/\/wpachem.com\/vi\/wp-json\/wp\/v2\/product\/3433\/revisions"}],"wp:featuredmedia":[{"embeddable":true,"href":"https:\/\/wpachem.com\/vi\/wp-json\/wp\/v2\/media\/2160"}],"wp:attachment":[{"href":"https:\/\/wpachem.com\/vi\/wp-json\/wp\/v2\/media?parent=3433"}],"wp:term":[{"taxonomy":"product_brand","embeddable":true,"href":"https:\/\/wpachem.com\/vi\/wp-json\/wp\/v2\/product_brand?post=3433"},{"taxonomy":"product_cat","embeddable":true,"href":"https:\/\/wpachem.com\/vi\/wp-json\/wp\/v2\/product_cat?post=3433"},{"taxonomy":"product_tag","embeddable":true,"href":"https:\/\/wpachem.com\/vi\/wp-json\/wp\/v2\/product_tag?post=3433"}],"curies":[{"name":"wp","href":"https:\/\/api.w.org\/{rel}","templated":true}]}}