{"id":3436,"date":"2023-03-21T03:45:56","date_gmt":"2023-03-21T03:45:56","guid":{"rendered":"http:\/\/site2.easyceotech.com\/?post_type=product&#038;p=3436"},"modified":"2024-03-12T07:52:52","modified_gmt":"2024-03-12T07:52:52","slug":"aspartame","status":"publish","type":"product","link":"https:\/\/wpachem.com\/vi\/product\/aspartame\/","title":{"rendered":"Aspartam"},"content":{"rendered":"<p>Aspartame l\u00e0 b\u1ed9t tinh th\u1ec3 m\u00e0u tr\u1eafng, kh\u00f4ng m\u00f9i, tan \u00edt trong n\u01b0\u1edbc v\u00e0 ng\u1ecdt h\u01a1n \u0111\u01b0\u1eddng 200 l\u1ea7n v\u1ec1 \u0111\u1ed9 ng\u1ecdt. Insen Biotech Aspartame kh\u00f4ng g\u00e2y ra h\u1eadu v\u1ecb \u0111\u1eafng. C\u00f3 th\u1ec3 c\u1ea3m nh\u1eadn \u0111\u01b0\u1ee3c trong th\u1eddi gian ng\u1eafn v\u00e0 c\u0169ng t\u1ed3n t\u1ea1i trong th\u1eddi gian ng\u1eafn. Ch\u1ea5t t\u1ea1o ng\u1ecdt Insen Biotech Aspartame c\u00f3 v\u1ecb t\u01b0\u01a1i v\u00e0 gi\u1ed1ng nh\u1ea5t v\u1edbi sucrose. Kh\u00f4ng \u1ed5n \u0111\u1ecbnh d\u01b0\u1edbi \u00e1nh s\u00e1ng v\u00e0 nhi\u1ec7t.<\/p>\n<p>Aspartame s\u1ebd ph\u00e2n h\u1ee7y v\u00e0 m\u1ea5t v\u1ecb ng\u1ecdt sau khi \u0111un n\u00f3ng l\u00e2u v\u00e0 c\u0169ng \u1ed5n \u0111\u1ecbnh \u1edf nhi\u1ec7t \u0111\u1ed9 th\u1ea5p v\u00e0 \u0111\u1ed9 PH d\u01b0\u1edbi 3 \u0111\u1ebfn 5, th\u00edch h\u1ee3p cho \u0111\u1ed3 u\u1ed1ng t\u01b0\u01a1i v\u00e0 th\u1ef1c ph\u1ea9m m\u00e0 kh\u00f4ng c\u1ea7n \u0111un n\u00f3ng.<\/p>\n<p>&nbsp;<\/p>\n<p>(1) Aspartame l\u00e0 m\u1ed9t oligosaccharides ch\u1ee9c n\u0103ng t\u1ef1 nhi\u00ean, kh\u00f4ng g\u00e2y s\u00e2u r\u0103ng, c\u00f3 v\u1ecb ng\u1ecdt tinh khi\u1ebft, \u0111\u1ed9 h\u00fat \u1ea9m th\u1ea5p, kh\u00f4ng c\u00f3 hi\u1ec7n t\u01b0\u1ee3ng d\u00ednh.<\/p>\n<p>(2) Aspartame c\u00f3 v\u1ecb ng\u1ecdt tinh khi\u1ebft v\u00e0 r\u1ea5t gi\u1ed1ng v\u1edbi sucrose, c\u00f3 v\u1ecb ng\u1ecdt thanh m\u00e1t, kh\u00f4ng c\u00f3 v\u1ecb \u0111\u1eafng sau khi u\u1ed1ng v\u00e0 v\u1ecb kim lo\u1ea1i.<\/p>\n<p>(3) Aspartame c\u00f3 th\u1ec3 \u0111\u01b0\u1ee3c s\u1eed d\u1ee5ng trong b\u00e1nh ng\u1ecdt, b\u00e1nh quy, b\u00e1nh m\u00ec, ch\u1ebf bi\u1ebfn r\u01b0\u1ee3u, kem, kem que, \u0111\u1ed3 u\u1ed1ng, k\u1eb9o, v.v. Kh\u00f4ng th\u1ec3 l\u00e0m l\u01b0\u1ee3ng \u0111\u01b0\u1eddng trong m\u00e1u t\u0103ng cao \u0111\u00e1ng k\u1ec3 \u0111\u1ed1i v\u1edbi b\u1ec7nh nh\u00e2n ti\u1ec3u \u0111\u01b0\u1eddng.<\/p>\n<p>(4) Aspartame v\u00e0 c\u00e1c ch\u1ea5t t\u1ea1o ng\u1ecdt kh\u00e1c ho\u1eb7c h\u1ed7n h\u1ee3p sucrose c\u00f3 t\u00e1c d\u1ee5ng hi\u1ec7p \u0111\u1ed3ng, ch\u1eb3ng h\u1ea1n nh\u01b0 2% \u0111\u1ebfn 3% c\u1ee7a aspartame, c\u00f3 th\u1ec3 che gi\u1ea5u \u0111\u00e1ng k\u1ec3 m\u00f9i v\u1ecb kh\u00f3 ch\u1ecbu c\u1ee7a saccharin.<\/p>","protected":false},"excerpt":{"rendered":"<p>T\u00ean s\u1ea3n ph\u1ea9m: Aspartame<br \/>\nS\u1ed1 CAS: 22839-47-0<br \/>\nM\u1ea0NG: C14H18N2O5<br \/>\nNgo\u1ea1i h\u00ecnh: s\u1ee9c m\u1ea1nh m\u00e0u tr\u1eafng<\/p>","protected":false},"featured_media":2151,"template":"","meta":{"_acf_changed":false,"_gspb_post_css":""},"product_brand":[],"product_cat":[55,56],"product_tag":[],"class_list":{"0":"post-3436","1":"product","2":"type-product","3":"status-publish","4":"has-post-thumbnail","6":"product_cat-food-additives","7":"product_cat-sweetener","9":"first","10":"instock","11":"shipping-taxable","12":"product-type-simple"},"acf":[],"_links":{"self":[{"href":"https:\/\/wpachem.com\/vi\/wp-json\/wp\/v2\/product\/3436","targetHints":{"allow":["GET"]}}],"collection":[{"href":"https:\/\/wpachem.com\/vi\/wp-json\/wp\/v2\/product"}],"about":[{"href":"https:\/\/wpachem.com\/vi\/wp-json\/wp\/v2\/types\/product"}],"version-history":[{"count":0,"href":"https:\/\/wpachem.com\/vi\/wp-json\/wp\/v2\/product\/3436\/revisions"}],"wp:featuredmedia":[{"embeddable":true,"href":"https:\/\/wpachem.com\/vi\/wp-json\/wp\/v2\/media\/2151"}],"wp:attachment":[{"href":"https:\/\/wpachem.com\/vi\/wp-json\/wp\/v2\/media?parent=3436"}],"wp:term":[{"taxonomy":"product_brand","embeddable":true,"href":"https:\/\/wpachem.com\/vi\/wp-json\/wp\/v2\/product_brand?post=3436"},{"taxonomy":"product_cat","embeddable":true,"href":"https:\/\/wpachem.com\/vi\/wp-json\/wp\/v2\/product_cat?post=3436"},{"taxonomy":"product_tag","embeddable":true,"href":"https:\/\/wpachem.com\/vi\/wp-json\/wp\/v2\/product_tag?post=3436"}],"curies":[{"name":"wp","href":"https:\/\/api.w.org\/{rel}","templated":true}]}}