{"id":3439,"date":"2023-03-21T05:30:47","date_gmt":"2023-03-21T05:30:47","guid":{"rendered":"http:\/\/site2.easyceotech.com\/?post_type=product&#038;p=3439"},"modified":"2024-03-12T07:52:48","modified_gmt":"2024-03-12T07:52:48","slug":"acesulfame","status":"publish","type":"product","link":"https:\/\/wpachem.com\/vi\/product\/acesulfame\/","title":{"rendered":"Acesulfame"},"content":{"rendered":"<p>Acesulfame K l\u00e0 ch\u1ea5t t\u1ea1o ng\u1ecdt th\u00edch h\u1ee3p nh\u1ea5t cho \u0111\u1ed3 u\u1ed1ng nh\u1eb9 v\u00ec \u0111\u1ed9 \u1ed5n \u0111\u1ecbnh cao v\u00e0 h\u01b0\u01a1ng v\u1ecb t\u1ed1t. N\u00f3 c\u00f3 th\u1ec3 \u0111\u01b0\u1ee3c s\u1eed d\u1ee5ng trong<br \/>\nc\u00e1c lo\u1ea1i th\u1ef1c ph\u1ea9m nh\u01b0 ch\u1ea5t t\u1ea1o ng\u1ecdt: n\u01b0\u1edbc ng\u1ecdt, k\u1eb9o cao su, c\u00e0 ph\u00ea (h\u00f2a tan), tr\u00e0 (h\u00f2a tan), c\u00e1c s\u1ea3n ph\u1ea9m t\u01b0\u01a1ng t\u1ef1 t\u1eeb s\u1eefa, gelatin, b\u00e1nh pudding<br \/>\nm\u00f3n tr\u00e1ng mi\u1ec7ng, ch\u1ea5t t\u1ea1o ng\u1ecdt \u0111\u1ec3 b\u00e0n v\u00e0 th\u1ef1c ph\u1ea9m n\u01b0\u1edbng. Acesulfame c\u0169ng c\u00f3 th\u1ec3 \u0111\u01b0\u1ee3c s\u1eed d\u1ee5ng trong m\u1ef9 ph\u1ea9m.<\/p>\n<p>&nbsp;<\/p>\n<p>\u1ee8ng d\u1ee5ng<\/p>\n<p><span data-spm-anchor-id=\"a2700.details.0.i8.3f8f5a50vOafAD\">Acesulfame K th\u01b0\u1eddng \u0111\u01b0\u1ee3c pha tr\u1ed9n v\u1edbi c\u00e1c ch\u1ea5t t\u1ea1o ng\u1ecdt kh\u00e1c (th\u01b0\u1eddng l\u00e0 sucralose ho\u1eb7c aspartame). Nh\u1eefng h\u1ed7n h\u1ee3p n\u00e0y \u0111\u01b0\u1ee3c cho l\u00e0 t\u1ea1o ra h\u01b0\u01a1ng v\u1ecb gi\u1ed1ng sucrose h\u01a1n, trong \u0111\u00f3 m\u1ed7i ch\u1ea5t t\u1ea1o ng\u1ecdt che \u0111i v\u1ecb ng\u1ecdt c\u00f2n l\u1ea1i v\u00e0\/ho\u1eb7c th\u1ec3 hi\u1ec7n t\u00e1c d\u1ee5ng hi\u1ec7p \u0111\u1ed3ng khi\u1ebfn h\u1ed7n h\u1ee3p ng\u1ecdt h\u01a1n c\u00e1c th\u00e0nh ph\u1ea7n c\u1ee7a n\u00f3.<\/span><\/p>\n<p>Kh\u00f4ng gi\u1ed1ng nh\u01b0 aspartame, acesulfame K \u1ed5n \u0111\u1ecbnh d\u01b0\u1edbi nhi\u1ec7t, ngay c\u1ea3 trong \u0111i\u1ec1u ki\u1ec7n c\u00f3 t\u00ednh axit ho\u1eb7c ki\u1ec1m v\u1eeba ph\u1ea3i, cho ph\u00e9p n\u00f3 \u0111\u01b0\u1ee3c s\u1eed d\u1ee5ng nh\u01b0 m\u1ed9t ch\u1ea5t ph\u1ee5 gia th\u1ef1c ph\u1ea9m trong qu\u00e1 tr\u00ecnh n\u01b0\u1edbng b\u00e1nh ho\u1eb7c trong c\u00e1c s\u1ea3n ph\u1ea9m c\u1ea7n th\u1eddi h\u1ea1n s\u1eed d\u1ee5ng d\u00e0i. Trong \u0111\u1ed3 u\u1ed1ng c\u00f3 ga, n\u00f3 h\u1ea7u nh\u01b0 lu\u00f4n \u0111\u01b0\u1ee3c s\u1eed d\u1ee5ng k\u1ebft h\u1ee3p v\u1edbi m\u1ed9t ch\u1ea5t t\u1ea1o ng\u1ecdt kh\u00e1c, ch\u1eb3ng h\u1ea1n nh\u01b0 aspartame ho\u1eb7c sucralose. N\u00f3 c\u0169ng \u0111\u01b0\u1ee3c s\u1eed d\u1ee5ng nh\u01b0 m\u1ed9t ch\u1ea5t t\u1ea1o ng\u1ecdt trong c\u00e1c lo\u1ea1i s\u1eefa l\u1eafc protein, n\u01a1i n\u00f3 c\u00f3 th\u1ec3 l\u00e0m cho c\u00e1c th\u00e0nh ph\u1ea7n ho\u1ea1t t\u00ednh d\u1ec5 u\u1ed1ng h\u01a1n.<\/p>","protected":false},"excerpt":{"rendered":"<p>T\u00ean s\u1ea3n ph\u1ea9m: Acesulfame<br \/>\nS\u1ed1 CAS: 33665-90-6<br \/>\nMF:C4H5NO4S<br \/>\nNgo\u1ea1i h\u00ecnh: s\u1ee9c m\u1ea1nh m\u00e0u tr\u1eafng<\/p>","protected":false},"featured_media":2161,"template":"","meta":{"_acf_changed":false,"_gspb_post_css":""},"product_brand":[],"product_cat":[55,56],"product_tag":[],"class_list":{"0":"post-3439","1":"product","2":"type-product","3":"status-publish","4":"has-post-thumbnail","6":"product_cat-food-additives","7":"product_cat-sweetener","9":"first","10":"instock","11":"shipping-taxable","12":"product-type-simple"},"acf":[],"_links":{"self":[{"href":"https:\/\/wpachem.com\/vi\/wp-json\/wp\/v2\/product\/3439","targetHints":{"allow":["GET"]}}],"collection":[{"href":"https:\/\/wpachem.com\/vi\/wp-json\/wp\/v2\/product"}],"about":[{"href":"https:\/\/wpachem.com\/vi\/wp-json\/wp\/v2\/types\/product"}],"version-history":[{"count":0,"href":"https:\/\/wpachem.com\/vi\/wp-json\/wp\/v2\/product\/3439\/revisions"}],"wp:featuredmedia":[{"embeddable":true,"href":"https:\/\/wpachem.com\/vi\/wp-json\/wp\/v2\/media\/2161"}],"wp:attachment":[{"href":"https:\/\/wpachem.com\/vi\/wp-json\/wp\/v2\/media?parent=3439"}],"wp:term":[{"taxonomy":"product_brand","embeddable":true,"href":"https:\/\/wpachem.com\/vi\/wp-json\/wp\/v2\/product_brand?post=3439"},{"taxonomy":"product_cat","embeddable":true,"href":"https:\/\/wpachem.com\/vi\/wp-json\/wp\/v2\/product_cat?post=3439"},{"taxonomy":"product_tag","embeddable":true,"href":"https:\/\/wpachem.com\/vi\/wp-json\/wp\/v2\/product_tag?post=3439"}],"curies":[{"name":"wp","href":"https:\/\/api.w.org\/{rel}","templated":true}]}}