{"id":3442,"date":"2023-03-21T05:35:17","date_gmt":"2023-03-21T05:35:17","guid":{"rendered":"http:\/\/site2.easyceotech.com\/?post_type=product&#038;p=3442"},"modified":"2024-03-12T07:52:44","modified_gmt":"2024-03-12T07:52:44","slug":"sodium-saccharin","status":"publish","type":"product","link":"https:\/\/wpachem.com\/vi\/product\/sodium-saccharin\/","title":{"rendered":"Natri Saccharin"},"content":{"rendered":"<p><strong><span data-spm-anchor-id=\"a2700.details.0.i7.29665f8dnfzpSm\">S\u1ef1 mi\u00eau t\u1ea3:<\/span><\/strong><\/p>\n<p>Natri saccharin l\u00e0 ch\u1ea5t t\u1ea1o ng\u1ecdt t\u1ed5ng h\u1ee3p th\u01b0\u1eddng \u0111\u01b0\u1ee3c s\u1eed d\u1ee5ng trong ng\u00e0nh th\u1ef1c ph\u1ea9m v\u00e0 c\u00f3 l\u1ecbch s\u1eed s\u1eed d\u1ee5ng l\u00e2u \u0111\u1eddi nh\u1ea5t, nh\u01b0ng n\u00f3 c\u0169ng l\u00e0 ch\u1ea5t t\u1ea1o ng\u1ecdt t\u1ed5ng h\u1ee3p g\u00e2y nhi\u1ec1u tranh c\u00e3i nh\u1ea5t.<br \/>\nS\u1ea3n ph\u1ea9m l\u00e0 ch\u1ea5t t\u1ea1o v\u1ecb ng\u1ecdt. \u0110\u1ed9 ng\u1ecdt c\u1ee7a n\u00f3 ng\u1ecdt h\u01a1n \u0111\u01b0\u1eddng kho\u1ea3ng 500 l\u1ea7n.<\/p>\n<p>&nbsp;<\/p>\n<p><strong>L\u1ee3i \u00edch c\u1ee7a Saccharin natri<\/strong><\/p>\n<p>Natri saccharin l\u00e0 ch\u1ea5t t\u1ea1o ng\u1ecdt, c\u00f3 \u0111\u1ed9 ng\u1ecdt cao kh\u00f4ng c\u00f3 calo, c\u00f3 vai tr\u00f2 r\u1ea5t l\u1edbn trong ng\u00e0nh th\u1ef1c ph\u1ea9m. S\u1ea3n ph\u1ea9m n\u00e0y c\u0169ng l\u00e0 nguy\u00ean li\u1ec7u th\u00f4 trung gian cho thu\u1ed1c tr\u1eeb s\u00e2u v\u00e0 c\u00e1c s\u1ea3n ph\u1ea9m h\u00f3a h\u1ecdc kh\u00e1c. Nh\u00e0 m\u00e1y c\u00f3 quy tr\u00ecnh s\u1ea3n xu\u1ea5t t\u1ef1 \u0111\u1ed9ng ti\u00ean ti\u1ebfn, n\u0103ng l\u1ef1c cung \u1ee9ng m\u1ea1nh m\u1ebd v\u00e0 ch\u1ea5t l\u01b0\u1ee3ng t\u1ed1t. Hoan ngh\u00eanh s\u1ef1 t\u01b0 v\u1ea5n v\u00e0 \u0111\u1eb7t h\u00e0ng c\u1ee7a b\u1ea1n.<\/p>\n<p>&nbsp;<\/p>\n<p><strong>\u1ee8ng d\u1ee5ng c\u1ee7a Saccharin natri<\/strong><\/p>\n<p>\u0110\u01b0\u1ee3c s\u1eed d\u1ee5ng r\u1ed9ng r\u00e3i trong th\u1ef1c ph\u1ea9m, \u0111\u1ed3 u\u1ed1ng, thu\u1ed1c, th\u1ee9c \u0103n ch\u0103n nu\u00f4i, m\u1ea1 \u0111i\u1ec7n thay cho \u0111\u01b0\u1eddng. S\u1ea3n ph\u1ea9m c\u00f3 t\u00ednh ch\u1ea5t \u1ed5n \u0111\u1ecbnh v\u00e0 c\u00f3 th\u1ec3 \u0111\u01b0\u1ee3c s\u1eed d\u1ee5ng l\u00e0m ch\u1ea5t th\u1eed tu\u1ea7n ho\u00e0n m\u00e1u v\u00e0 ch\u1ea5t l\u00e0m s\u00e1ng m\u1ea1 niken.<\/p>","protected":false},"excerpt":{"rendered":"<p>T\u00ean s\u1ea3n ph\u1ea9m: Natri Saccharin<br \/>\nS\u1ed1 CAS: 128-44-9<br \/>\nMF:C7H5NNaO3S<br \/>\nNgo\u1ea1i h\u00ecnh: s\u1ee9c m\u1ea1nh m\u00e0u tr\u1eafng<\/p>","protected":false},"featured_media":2155,"template":"","meta":{"_acf_changed":false,"_gspb_post_css":""},"product_brand":[],"product_cat":[55,56],"product_tag":[],"class_list":{"0":"post-3442","1":"product","2":"type-product","3":"status-publish","4":"has-post-thumbnail","6":"product_cat-food-additives","7":"product_cat-sweetener","9":"first","10":"instock","11":"shipping-taxable","12":"product-type-simple"},"acf":[],"_links":{"self":[{"href":"https:\/\/wpachem.com\/vi\/wp-json\/wp\/v2\/product\/3442","targetHints":{"allow":["GET"]}}],"collection":[{"href":"https:\/\/wpachem.com\/vi\/wp-json\/wp\/v2\/product"}],"about":[{"href":"https:\/\/wpachem.com\/vi\/wp-json\/wp\/v2\/types\/product"}],"version-history":[{"count":0,"href":"https:\/\/wpachem.com\/vi\/wp-json\/wp\/v2\/product\/3442\/revisions"}],"wp:featuredmedia":[{"embeddable":true,"href":"https:\/\/wpachem.com\/vi\/wp-json\/wp\/v2\/media\/2155"}],"wp:attachment":[{"href":"https:\/\/wpachem.com\/vi\/wp-json\/wp\/v2\/media?parent=3442"}],"wp:term":[{"taxonomy":"product_brand","embeddable":true,"href":"https:\/\/wpachem.com\/vi\/wp-json\/wp\/v2\/product_brand?post=3442"},{"taxonomy":"product_cat","embeddable":true,"href":"https:\/\/wpachem.com\/vi\/wp-json\/wp\/v2\/product_cat?post=3442"},{"taxonomy":"product_tag","embeddable":true,"href":"https:\/\/wpachem.com\/vi\/wp-json\/wp\/v2\/product_tag?post=3442"}],"curies":[{"name":"wp","href":"https:\/\/api.w.org\/{rel}","templated":true}]}}