{"id":3445,"date":"2023-03-21T05:40:00","date_gmt":"2023-03-21T05:40:00","guid":{"rendered":"http:\/\/site2.easyceotech.com\/?post_type=product&#038;p=3445"},"modified":"2024-03-12T07:52:41","modified_gmt":"2024-03-12T07:52:41","slug":"sodium-n-cyclohexylsulfamate","status":"publish","type":"product","link":"https:\/\/wpachem.com\/vi\/product\/sodium-n-cyclohexylsulfamate\/","title":{"rendered":"Natri N-cyclohexylsulfamate"},"content":{"rendered":"<div class=\"J_module\">\n<div class=\"icbu-pc-images magic-8\">\n<div>\n<div class=\"flex-layout-h\">\n<div class=\"text-wrapper magic-12\">\n<div class=\"text-wrapper-right text-theme-light text-align-left\">\n<div class=\"text-title\"><span class=\"magic-3\" style=\"color: #23a193;\" data-spm-anchor-id=\"a2700.details.0.i8.2b78183eUcMdWR\">\u1ee8ng d\u1ee5ng\u00a0<\/span><\/div>\n<div class=\"text-content\">\n<p><span class=\"magic-13\"> <span class=\"magic-7\">Natri cyclamate l\u00e0 ch\u1ea5t t\u1ea1o ng\u1ecdt t\u1ed5ng h\u1ee3p kh\u00f4ng c\u00f3 gi\u00e1 tr\u1ecb dinh d\u01b0\u1ee1ng.<\/span><\/span><\/p>\n<div><span class=\"magic-7\"><span class=\"magic-13\">\u0110\u1ed9 ng\u1ecdt g\u1ea5p 50 l\u1ea7n sucrose, L\u00e0 ch\u1ea5t t\u1ea1o ng\u1ecdt kh\u00f4ng dinh d\u01b0\u1ee1ng, \u0110\u01b0\u1ee3c s\u1eed d\u1ee5ng r\u1ed9ng r\u00e3i trong nhi\u1ec1u lo\u1ea1i th\u1ef1c ph\u1ea9m. D\u1ef1a tr\u00ean GB2760-90 c\u1ee7a Trung Qu\u1ed1c, C\u00f3 th\u1ec3 s\u1eed d\u1ee5ng cho \u0111\u1ed3 u\u1ed1ng d\u1ea1ng l\u1ecfng v\u00e0 r\u1eafn, kem, b\u00e1nh ng\u1ecdt, lo\u1ea1i m\u1ee9t, lo\u1ea1i d\u01b0a chua, tr\u00e1i c\u00e2y b\u1ea3o qu\u1ea3n, k\u1eb9o cao su..v.v.<\/span><\/span><\/div>\n<div><span class=\"magic-7\"><span class=\"magic-13\">\u00a0<\/span><\/span><\/div>\n<div><span class=\"magic-7\"><span class=\"magic-13\"> H\u01b0\u1edbng d\u1eabn s\u1eed d\u1ee5ng: li\u1ec1u d\u00f9ng t\u1ed1t nh\u1ea5t l\u00e0m ch\u1ea5t t\u1ea1o ng\u1ecdt th\u1ef1c ph\u1ea9m l\u00e0 0,3g\/kg.<\/span><\/span><\/div>\n<\/div>\n<\/div>\n<\/div>\n<\/div>\n<\/div>\n<\/div>\n<\/div>\n<div class=\"J_module\">\n<div class=\"detail-decorate-json-renderer-container\">\n<div class=\"magic-1\">\n<h3 class=\"magic-2\"><span class=\"magic-3\" style=\"color: #23a193;\">T\u00ednh ch\u1ea5t c\u1ee7a Natri Cyclamate<\/span><\/h3>\n<div class=\"magic-4\">\n<div class=\"magic-5\">\n<div class=\"magic-6\">\n<div><span class=\"magic-7\">*\u0110\u1ed9 tinh khi\u1ebft cao (98,5-101%), ng\u1ecdt h\u01a1n sucrose 50 l\u1ea7n<\/span><\/div>\n<div><span class=\"magic-13\"><span class=\"magic-7\">* \u0110\u1ed9 h\u00f2a tan trong n\u01b0\u1edbc cao, d\u1ec5 tan trong n\u01b0\u1edbc n\u00f3ng v\u00e0 n\u01b0\u1edbc l\u1ea1nh<\/span><\/span><\/div>\n<div><span class=\"magic-7\">* \u0110\u1ed9 \u1ed5n \u0111\u1ecbnh h\u00f3a h\u1ecdc cao, kh\u00f4ng b\u1ecb ph\u00e2n ly trong \u0111i\u1ec1u ki\u1ec7n nhi\u1ec7t \u0111\u1ed9, axit v\u00e0 ki\u1ec1m<\/span><\/div>\n<div><span class=\"magic-7\">*Kh\u00f4ng ch\u1ee9a calo v\u00e0 kh\u00f4ng \u0111\u01b0\u1eddng, ph\u00f9 h\u1ee3p v\u1edbi ng\u01b0\u1eddi ti\u1ec3u \u0111\u01b0\u1eddng v\u00e0 b\u00e9o ph\u00ec<\/span><\/div>\n<div><span class=\"magic-7\">* L\u00e0nh m\u1ea1nh, kh\u00f4ng \u0111\u1ed9c h\u1ea1i v\u00e0 v\u00f4 h\u1ea1i v\u1edbi con ng\u01b0\u1eddi<\/span><\/div>\n<div><span class=\"magic-13\"><span class=\"magic-7\">*Kinh t\u1ebf, gi\u00e1 b\u1eb1ng 1\/3 surcose, m\u1ed9t \u00edt c\u00f3 th\u1ec3 t\u1ea1o ra hi\u1ec7u \u1ee9ng ng\u1ecdt<\/span><\/span><\/div>\n<div><span class=\"magic-7\">*\u1ee8ng d\u1ee5ng r\u1ed9ng r\u00e3i trong th\u1ef1c ph\u1ea9m, d\u01b0\u1ee3c ph\u1ea9m, m\u1ef9 ph\u1ea9m, v.v.<\/span><\/div>\n<\/div>\n<\/div>\n<\/div>\n<\/div>\n<\/div>\n<\/div>\n<p>&nbsp;<\/p>","protected":false},"excerpt":{"rendered":"<p>T\u00ean s\u1ea3n ph\u1ea9m: Natri N-cyclohexylsulfamate<br \/>\nS\u1ed1 CAS: 139-05-9<br \/>\nMF:C6H14NNaO3S<br \/>\nNgo\u1ea1i quan: B\u1ed9t m\u00e0u tr\u1eafng<\/p>","protected":false},"featured_media":2150,"template":"","meta":{"_acf_changed":false,"_gspb_post_css":""},"product_brand":[],"product_cat":[55,56],"product_tag":[],"class_list":{"0":"post-3445","1":"product","2":"type-product","3":"status-publish","4":"has-post-thumbnail","6":"product_cat-food-additives","7":"product_cat-sweetener","9":"first","10":"instock","11":"shipping-taxable","12":"product-type-simple"},"acf":[],"_links":{"self":[{"href":"https:\/\/wpachem.com\/vi\/wp-json\/wp\/v2\/product\/3445","targetHints":{"allow":["GET"]}}],"collection":[{"href":"https:\/\/wpachem.com\/vi\/wp-json\/wp\/v2\/product"}],"about":[{"href":"https:\/\/wpachem.com\/vi\/wp-json\/wp\/v2\/types\/product"}],"version-history":[{"count":0,"href":"https:\/\/wpachem.com\/vi\/wp-json\/wp\/v2\/product\/3445\/revisions"}],"wp:featuredmedia":[{"embeddable":true,"href":"https:\/\/wpachem.com\/vi\/wp-json\/wp\/v2\/media\/2150"}],"wp:attachment":[{"href":"https:\/\/wpachem.com\/vi\/wp-json\/wp\/v2\/media?parent=3445"}],"wp:term":[{"taxonomy":"product_brand","embeddable":true,"href":"https:\/\/wpachem.com\/vi\/wp-json\/wp\/v2\/product_brand?post=3445"},{"taxonomy":"product_cat","embeddable":true,"href":"https:\/\/wpachem.com\/vi\/wp-json\/wp\/v2\/product_cat?post=3445"},{"taxonomy":"product_tag","embeddable":true,"href":"https:\/\/wpachem.com\/vi\/wp-json\/wp\/v2\/product_tag?post=3445"}],"curies":[{"name":"wp","href":"https:\/\/api.w.org\/{rel}","templated":true}]}}