{"id":3451,"date":"2023-03-21T06:05:16","date_gmt":"2023-03-21T06:05:16","guid":{"rendered":"http:\/\/site2.easyceotech.com\/?post_type=product&#038;p=3451"},"modified":"2024-03-12T07:52:01","modified_gmt":"2024-03-12T07:52:01","slug":"maltodextrin","status":"publish","type":"product","link":"https:\/\/wpachem.com\/vi\/product\/maltodextrin\/","title":{"rendered":"Maltodextrin"},"content":{"rendered":"<div class=\"J_module\">\n<div class=\"ife-detail-decorate-table\">\n<table class=\"all magic-1\">\n<tbody>\n<tr>\n<td colspan=\"1\" rowspan=\"1\">\n<div class=\"magic-2\" data-spm-anchor-id=\"a2700.details.0.i6.70995ce8AG8dgp\">M\u1ee4C<\/div>\n<\/td>\n<td colspan=\"1\" rowspan=\"1\">\n<div class=\"magic-3\">TI\u00caU CHU\u1ea8N<\/div>\n<\/td>\n<td colspan=\"1\" rowspan=\"1\">\n<div class=\"magic-4\">K\u1ebeT QU\u1ea2<\/div>\n<\/td>\n<\/tr>\n<tr>\n<td colspan=\"1\" rowspan=\"1\">\n<div class=\"magic-2\">V\u1ebb b\u1ec1 ngo\u00e0i<\/div>\n<\/td>\n<td colspan=\"1\" rowspan=\"1\">\n<div class=\"magic-3\">B\u1ed9t m\u00e0u tr\u1eafng ho\u1eb7c v\u00e0ng nh\u1ea1t<\/div>\n<\/td>\n<td colspan=\"1\" rowspan=\"1\">\n<div class=\"magic-4\">Theo<\/div>\n<\/td>\n<\/tr>\n<tr>\n<td colspan=\"1\" rowspan=\"1\">\n<div class=\"magic-2\">M\u00e0u s\u1eafc trong dung d\u1ecbch<\/div>\n<\/td>\n<td colspan=\"1\" rowspan=\"1\">\n<div class=\"magic-3\">Kh\u00f4ng m\u00e0u<\/div>\n<\/td>\n<td colspan=\"1\" rowspan=\"1\">\n<div class=\"magic-4\">Theo<\/div>\n<\/td>\n<\/tr>\n<tr>\n<td colspan=\"1\" rowspan=\"1\">\n<div class=\"magic-2\">Gi\u00e1 tr\u1ecb DE<\/div>\n<\/td>\n<td colspan=\"1\" rowspan=\"1\">\n<div class=\"magic-3\">10-12,10-15,15-20,18-20, 20-25<\/div>\n<\/td>\n<td colspan=\"1\" rowspan=\"1\">\n<div class=\"magic-4\">17.6<\/div>\n<\/td>\n<\/tr>\n<tr>\n<td colspan=\"1\" rowspan=\"1\">\n<div class=\"magic-5\">\u0110\u1ed9 \u1ea9m<\/div>\n<\/td>\n<td colspan=\"1\" rowspan=\"1\">\n<div class=\"magic-6\">6.0% t\u1ed1i \u0111a<\/div>\n<\/td>\n<td colspan=\"1\" rowspan=\"1\">\n<div class=\"magic-7\">5.5%<\/div>\n<\/td>\n<\/tr>\n<tr>\n<td colspan=\"1\" rowspan=\"1\">\n<div class=\"magic-5\">\u0110\u1ed9 h\u00f2a tan<\/div>\n<\/td>\n<td colspan=\"1\" rowspan=\"1\">\n<div class=\"magic-6\">98% ph\u00fat<\/div>\n<\/td>\n<td colspan=\"1\" rowspan=\"1\">\n<div class=\"magic-7\">99.1%<\/div>\n<\/td>\n<\/tr>\n<tr>\n<td colspan=\"1\" rowspan=\"1\">\n<div class=\"magic-5\">Tro sunfat<\/div>\n<\/td>\n<td colspan=\"1\" rowspan=\"1\">\n<div class=\"magic-6\">0,6% t\u1ed1i \u0111a<\/div>\n<\/td>\n<td colspan=\"1\" rowspan=\"1\">\n<div class=\"magic-7\">0.2%<\/div>\n<\/td>\n<\/tr>\n<tr>\n<td colspan=\"1\" rowspan=\"1\">\n<div class=\"magic-5\">Th\u00ed nghi\u1ec7m v\u1ec1 i\u1ed1t<\/div>\n<\/td>\n<td colspan=\"1\" rowspan=\"1\">\n<div class=\"magic-6\">Kh\u00f4ng \u0111\u1ed5i m\u00e0u xanh<\/div>\n<\/td>\n<td colspan=\"1\" rowspan=\"1\">\n<div class=\"magic-7\">Theo<\/div>\n<\/td>\n<\/tr>\n<tr>\n<td colspan=\"1\" rowspan=\"1\">\n<div class=\"magic-5\">PH (dung d\u1ecbch 5%)<\/div>\n<\/td>\n<td colspan=\"1\" rowspan=\"1\">\n<div class=\"magic-6\">4.0-6.0<\/div>\n<\/td>\n<td colspan=\"1\" rowspan=\"1\">\n<div class=\"magic-7\">5.0<\/div>\n<\/td>\n<\/tr>\n<tr>\n<td colspan=\"1\" rowspan=\"1\">\n<div class=\"magic-5\">M\u1eadt \u0111\u1ed9 kh\u1ed1i (n\u00e9n ch\u1eb7t)<\/div>\n<\/td>\n<td colspan=\"1\" rowspan=\"1\">\n<div class=\"magic-6\">500-650g\/l\u00edt<\/div>\n<\/td>\n<td colspan=\"1\" rowspan=\"1\">\n<div class=\"magic-7\">568g\/l<\/div>\n<\/td>\n<\/tr>\n<tr>\n<td colspan=\"1\" rowspan=\"1\">\n<div class=\"magic-5\">\u0110\u1ed9 b\u00e9o %<\/div>\n<\/td>\n<td colspan=\"1\" rowspan=\"1\">\n<div class=\"magic-6\">5% t\u1ed1i \u0111a<\/div>\n<\/td>\n<td colspan=\"1\" rowspan=\"1\">\n<div class=\"magic-7\">Ph\u00f9 h\u1ee3p<\/div>\n<\/td>\n<\/tr>\n<tr>\n<td colspan=\"1\" rowspan=\"1\">\n<div class=\"magic-5\">Asen<\/div>\n<\/td>\n<td colspan=\"1\" rowspan=\"1\">\n<div class=\"magic-6\">T\u1ed1i \u0111a 5ppm<\/div>\n<\/td>\n<td colspan=\"1\" rowspan=\"1\">\n<div class=\"magic-7\">Theo<\/div>\n<\/td>\n<\/tr>\n<tr>\n<td colspan=\"1\" rowspan=\"1\">\n<div class=\"magic-5\">Ch\u1ec9 huy<\/div>\n<\/td>\n<td colspan=\"1\" rowspan=\"1\">\n<div class=\"magic-6\">T\u1ed1i \u0111a 5ppm<\/div>\n<\/td>\n<td colspan=\"1\" rowspan=\"1\">\n<div class=\"magic-7\">Theo<\/div>\n<\/td>\n<\/tr>\n<tr>\n<td colspan=\"1\" rowspan=\"1\">\n<div class=\"magic-5\">L\u01b0u hu\u1ef3nh \u0111ioxit<\/div>\n<\/td>\n<td colspan=\"1\" rowspan=\"1\">\n<div class=\"magic-6\">T\u1ed1i \u0111a 100ppm<\/div>\n<\/td>\n<td colspan=\"1\" rowspan=\"1\">\n<div class=\"magic-7\">Theo<\/div>\n<\/td>\n<\/tr>\n<tr>\n<td colspan=\"1\" rowspan=\"1\">\n<div class=\"magic-5\">T\u1ed5ng s\u1ed1 \u0111\u0129a<\/div>\n<\/td>\n<td colspan=\"1\" rowspan=\"1\">\n<div class=\"magic-6\">T\u1ed1i \u0111a 3000cfu\/g<\/div>\n<\/td>\n<td colspan=\"1\" rowspan=\"1\">\n<div class=\"magic-7\">Theo<\/div>\n<\/td>\n<\/tr>\n<tr>\n<td colspan=\"1\" rowspan=\"1\">\n<div class=\"magic-5\">E.coli (tr\u00ean 100g)<\/div>\n<\/td>\n<td colspan=\"1\" rowspan=\"1\">\n<div class=\"magic-6\">30 t\u1ed1i \u0111a<\/div>\n<\/td>\n<td colspan=\"1\" rowspan=\"1\">\n<div class=\"magic-7\">Theo<\/div>\n<\/td>\n<\/tr>\n<tr>\n<td colspan=\"1\" rowspan=\"1\">\n<div class=\"magic-5\">T\u00e1c nh\u00e2n g\u00e2y b\u1ec7nh<\/div>\n<\/td>\n<td colspan=\"1\" rowspan=\"1\">\n<div class=\"magic-6\">Ti\u00eau c\u1ef1c<\/div>\n<\/td>\n<td colspan=\"1\" rowspan=\"1\">\n<div class=\"magic-7\">Ti\u00eau c\u1ef1c<\/div>\n<\/td>\n<\/tr>\n<\/tbody>\n<\/table>\n<\/div>\n<\/div>\n<div class=\"J_module\">\n<div class=\"detail-decorate-json-renderer-container\">\n<div class=\"magic-8\">\n<div class=\"magic-9\">\n<div class=\"magic-10\">\n<div class=\"magic-11\">\n<div><\/div>\n<div><span class=\"magic-13\"><span class=\"magic-12\">Maltodextrin c\u1ea5p th\u1ef1c ph\u1ea9m<br \/>\n\u0110\u00f3ng g\u00f3i: 25 KG\/T\u00daI<br \/>\nB\u1ea3o qu\u1ea3n: N\u01a1i kh\u00f4 r\u00e1o, tho\u00e1ng m\u00e1t, c\u00f3 b\u00f3ng r\u00e2m, trong bao b\u00ec g\u1ed1c, tr\u00e1nh \u1ea9m, b\u1ea3o qu\u1ea3n \u1edf nhi\u1ec7t \u0111\u1ed9 ph\u00f2ng.<br \/>\nTh\u1eddi h\u1ea1n s\u1eed d\u1ee5ng: 24 th\u00e1ng<\/span><br \/>\n<\/span><\/div>\n<\/div>\n<\/div>\n<\/div>\n<\/div>\n<\/div>\n<\/div>\n<div class=\"J_module\">\n<div class=\"detail-decorate-json-renderer-container\">\n<div class=\"magic-8\">\n<div class=\"magic-9\">\n<div class=\"magic-10\">\n<div class=\"magic-11\"><span class=\"magic-12\">\u1ee8ng d\u1ee5ng c\u1ee7a Maltodextrin<br \/>\n1. C\u1ea3i thi\u1ec7n m\u00f9i v\u1ecb, \u0111\u1ed9 dai v\u00e0 c\u1ea5u tr\u00fac c\u1ee7a th\u1ef1c ph\u1ea9m; Ng\u0103n ng\u1eeba hi\u1ec7n t\u01b0\u1ee3ng k\u1ebft tinh l\u1ea1i v\u00e0 k\u00e9o d\u00e0i th\u1eddi h\u1ea1n s\u1eed d\u1ee5ng.<br \/>\n2. C\u00e1c lo\u1ea1i \u0111\u1ed3 u\u1ed1ng \u0111\u01b0\u1ee3c pha ch\u1ebf khoa h\u1ecdc v\u1edbi Maltodextrin, gi\u00fap t\u0103ng th\u00eam h\u01b0\u01a1ng v\u1ecb, d\u1ec5 h\u00f2a tan, \u0111\u1ed3ng nh\u1ea5t v\u00e0 ngon mi\u1ec7ng, gi\u1ea3m v\u1ecb ng\u1ecdt v\u00e0 gi\u00e1 th\u00e0nh. C\u00e1c lo\u1ea1i \u0111\u1ed3 u\u1ed1ng n\u00e0y c\u00f3 nhi\u1ec1u \u01b0u \u0111i\u1ec3m h\u01a1n so v\u1edbi c\u00e1c lo\u1ea1i \u0111\u1ed3 u\u1ed1ng v\u00e0 th\u1ef1c ph\u1ea9m truy\u1ec1n th\u1ed1ng nh\u01b0 kem, tr\u00e0 v\u00e0 c\u00e0 ph\u00ea nhanh, v.v.<br \/>\n3. L\u00e0 m\u1ed9t ch\u1ea5t nh\u1ed3i ho\u1eb7c v\u1eadt mang t\u1ed1t, n\u00f3 c\u00f3 th\u1ec3 \u0111\u01b0\u1ee3c s\u1eed d\u1ee5ng trong th\u1ef1c ph\u1ea9m d\u00e0nh cho tr\u1ebb s\u01a1 sinh \u0111\u1ec3 c\u1ea3i thi\u1ec7n ch\u1ea5t l\u01b0\u1ee3ng v\u00e0 ch\u1ee9c n\u0103ng ch\u0103m s\u00f3c s\u1ee9c kh\u1ecfe c\u1ee7a ch\u00fang. N\u00f3 l\u00e0<br \/>\nc\u00f3 l\u1ee3i cho tr\u1ebb em.<br \/>\n4. T\u0103ng \u0111\u1ed9 \u0111\u1eb7c, c\u1ea3i thi\u1ec7n h\u00ecnh d\u1ea1ng, c\u1ea5u tr\u00fac v\u00e0 ch\u1ea5t l\u01b0\u1ee3ng.<\/span><\/div>\n<\/div>\n<\/div>\n<\/div>\n<\/div>\n<\/div>\n<p>&nbsp;<\/p>","protected":false},"excerpt":{"rendered":"<p>T\u00ean s\u1ea3n ph\u1ea9m: Maltodextrin<br \/>\nS\u1ed1 CAS: 9050-36-6<br \/>\nMF:C12H22O11<br \/>\nNgo\u1ea1i h\u00ecnh: s\u1ee9c m\u1ea1nh m\u00e0u tr\u1eafng<\/p>","protected":false},"featured_media":2182,"template":"","meta":{"_acf_changed":false,"_gspb_post_css":""},"product_brand":[],"product_cat":[55,56],"product_tag":[],"class_list":{"0":"post-3451","1":"product","2":"type-product","3":"status-publish","4":"has-post-thumbnail","6":"product_cat-food-additives","7":"product_cat-sweetener","9":"first","10":"instock","11":"shipping-taxable","12":"product-type-simple"},"acf":[],"_links":{"self":[{"href":"https:\/\/wpachem.com\/vi\/wp-json\/wp\/v2\/product\/3451","targetHints":{"allow":["GET"]}}],"collection":[{"href":"https:\/\/wpachem.com\/vi\/wp-json\/wp\/v2\/product"}],"about":[{"href":"https:\/\/wpachem.com\/vi\/wp-json\/wp\/v2\/types\/product"}],"version-history":[{"count":0,"href":"https:\/\/wpachem.com\/vi\/wp-json\/wp\/v2\/product\/3451\/revisions"}],"wp:featuredmedia":[{"embeddable":true,"href":"https:\/\/wpachem.com\/vi\/wp-json\/wp\/v2\/media\/2182"}],"wp:attachment":[{"href":"https:\/\/wpachem.com\/vi\/wp-json\/wp\/v2\/media?parent=3451"}],"wp:term":[{"taxonomy":"product_brand","embeddable":true,"href":"https:\/\/wpachem.com\/vi\/wp-json\/wp\/v2\/product_brand?post=3451"},{"taxonomy":"product_cat","embeddable":true,"href":"https:\/\/wpachem.com\/vi\/wp-json\/wp\/v2\/product_cat?post=3451"},{"taxonomy":"product_tag","embeddable":true,"href":"https:\/\/wpachem.com\/vi\/wp-json\/wp\/v2\/product_tag?post=3451"}],"curies":[{"name":"wp","href":"https:\/\/api.w.org\/{rel}","templated":true}]}}