{"id":3454,"date":"2023-03-21T06:10:13","date_gmt":"2023-03-21T06:10:13","guid":{"rendered":"http:\/\/site2.easyceotech.com\/?post_type=product&#038;p=3454"},"modified":"2024-03-12T07:51:56","modified_gmt":"2024-03-12T07:51:56","slug":"corn-syrup","status":"publish","type":"product","link":"https:\/\/wpachem.com\/vi\/product\/corn-syrup\/","title":{"rendered":"Xi-r\u00f4 ng\u00f4"},"content":{"rendered":"<div class=\"text-title\"><strong>Xi-r\u00f4 m\u1ea1ch nha<\/strong><\/div>\n<div><\/div>\n<div class=\"text-content\">\n<div>Xi-r\u00f4 m\u1ea1ch nha \u0111\u01b0\u1ee3c l\u00e0m t\u1eeb tinh b\u1ed9t ch\u1ea5t l\u01b0\u1ee3ng cao l\u00e0m nguy\u00ean li\u1ec7u th\u00f4, th\u00f4ng qua qu\u00e1 tr\u00ecnh h\u00f3a l\u1ecfng, \u0111\u01b0\u1eddng h\u00f3a, kh\u1eed m\u00e0u, l\u1ecdc v\u00e0<br \/>\nn\u1ed3ng \u0111\u1ed9 m\u1ecbn, v\u1edbi th\u00e0nh ph\u1ea7n ch\u00ednh l\u00e0 maltose.<\/div>\n<div><\/div>\n<p>N\u00f3 \u0111\u01b0\u1ee3c s\u1eed d\u1ee5ng r\u1ed9ng r\u00e3i trong b\u00e1nh k\u1eb9o, s\u1ea3n ph\u1ea9m \u0111\u1ed3 u\u1ed1ng l\u1ea1nh, s\u1ea3n ph\u1ea9m t\u1eeb s\u1eefa, bia, th\u1ea1ch, th\u1ef1c ph\u1ea9m n\u01b0\u1edbng, gia v\u1ecb, ch\u1ebf bi\u1ebfn enzyme,<br \/>\nth\u1ef1c ph\u1ea9m ti\u1ec7n l\u1ee3i, s\u1ea3n ph\u1ea9m t\u1eeb th\u1ecbt v\u00e0 c\u00e1c ng\u00e0nh c\u00f4ng nghi\u1ec7p kh\u00e1c.<\/p>\n<\/div>\n<div class=\"text-content\">\u0110\u1ed9 h\u00fat \u1ea9m th\u1ea5p v\u00e0 kh\u1ea3 n\u0103ng gi\u1eef \u1ea9m cao, v\u1ecb ng\u1ecdt nh\u1eb9 v\u00e0 v\u1eeba ph\u1ea3i, ch\u1ed1ng k\u1ebft tinh, ch\u1ed1ng oxy h\u00f3a t\u1ed1t,<br \/>\n\u0111\u1ed9 nh\u1edbt v\u1eeba ph\u1ea3i, t\u00ednh \u1ed5n \u0111\u1ecbnh h\u00f3a h\u1ecdc t\u1ed1t, \u0111\u1eb7c t\u00ednh \u0111i\u1ec3m \u0111\u00f3ng b\u0103ng th\u1ea5p n\u00ean \u0111\u01b0\u1ee3c s\u1eed d\u1ee5ng r\u1ed9ng r\u00e3i trong b\u00e1nh k\u1eb9o, l\u1ea1nh<br \/>\nng\u00e0nh \u0111\u1ed3 u\u1ed1ng v\u00e0 s\u1ea3n ph\u1ea9m t\u1eeb s\u1eefa.<\/div>\n<p>&nbsp;<\/p>","protected":false},"excerpt":{"rendered":"<p>T\u00ean s\u1ea3n ph\u1ea9m: XI-R\u00d4 NG\u00d4<br \/>\nS\u1ed1 CAS: 8029-43-4<br \/>\nMF:C6H12O6<br \/>\nNgo\u1ea1i h\u00ecnh: l\u1ecfng, l\u1ecfng<\/p>","protected":false},"featured_media":2109,"template":"","meta":{"_acf_changed":false,"_gspb_post_css":""},"product_brand":[],"product_cat":[55,56],"product_tag":[],"class_list":{"0":"post-3454","1":"product","2":"type-product","3":"status-publish","4":"has-post-thumbnail","6":"product_cat-food-additives","7":"product_cat-sweetener","9":"first","10":"instock","11":"shipping-taxable","12":"product-type-simple"},"acf":[],"_links":{"self":[{"href":"https:\/\/wpachem.com\/vi\/wp-json\/wp\/v2\/product\/3454","targetHints":{"allow":["GET"]}}],"collection":[{"href":"https:\/\/wpachem.com\/vi\/wp-json\/wp\/v2\/product"}],"about":[{"href":"https:\/\/wpachem.com\/vi\/wp-json\/wp\/v2\/types\/product"}],"version-history":[{"count":0,"href":"https:\/\/wpachem.com\/vi\/wp-json\/wp\/v2\/product\/3454\/revisions"}],"wp:featuredmedia":[{"embeddable":true,"href":"https:\/\/wpachem.com\/vi\/wp-json\/wp\/v2\/media\/2109"}],"wp:attachment":[{"href":"https:\/\/wpachem.com\/vi\/wp-json\/wp\/v2\/media?parent=3454"}],"wp:term":[{"taxonomy":"product_brand","embeddable":true,"href":"https:\/\/wpachem.com\/vi\/wp-json\/wp\/v2\/product_brand?post=3454"},{"taxonomy":"product_cat","embeddable":true,"href":"https:\/\/wpachem.com\/vi\/wp-json\/wp\/v2\/product_cat?post=3454"},{"taxonomy":"product_tag","embeddable":true,"href":"https:\/\/wpachem.com\/vi\/wp-json\/wp\/v2\/product_tag?post=3454"}],"curies":[{"name":"wp","href":"https:\/\/api.w.org\/{rel}","templated":true}]}}