{"id":3460,"date":"2023-03-21T06:19:32","date_gmt":"2023-03-21T06:19:32","guid":{"rendered":"http:\/\/site2.easyceotech.com\/?post_type=product&#038;p=3460"},"modified":"2024-03-12T07:51:33","modified_gmt":"2024-03-12T07:51:33","slug":"xylitol","status":"publish","type":"product","link":"https:\/\/wpachem.com\/vi\/product\/xylitol\/","title":{"rendered":"Xylitol"},"content":{"rendered":"<div class=\"J_module\">\n<div class=\"icbu-pc-images magic-1\">\n<div>\n<div class=\"flex-layout-h\">\n<div class=\"text-wrapper magic-5\">\n<div class=\"text-wrapper-right text-theme-light text-align-left\">\n<div class=\"text-title\">\n<h3 class=\"magic-6\"><span data-spm-anchor-id=\"a2700.details.0.i24.182d5166z1um1W\">Ph\u1ee5 gia th\u1ef1c ph\u1ea9m Ch\u1ea5t t\u1ea1o ng\u1ecdt t\u1ef1 nhi\u00ean Xylitol v\u1edbi gi\u00e1 xu\u1ea5t x\u01b0\u1edfng<\/span><\/h3>\n<\/div>\n<div class=\"text-content\">\n<p>T\u00ean s\u1ea3n ph\u1ea9m: XYLITOL<br \/>\nS\u1ed1 \u0111\u0103ng k\u00fd CAS: [87-99-0]<br \/>\nC\u00f4ng th\u1ee9c ph\u00e2n t\u1eed: C5H12O5<br \/>\nKh\u1ed1i l\u01b0\u1ee3ng ph\u00e2n t\u1eed: 152,15<\/p>\n<p class=\"magic-7\">T\u00ednh ch\u1ea5t: B\u1ed9t tinh th\u1ec3 m\u00e0u tr\u1eafng, ng\u1ecdt nh\u01b0 sucrose, d\u1ec5 tan trong n\u01b0\u1edbc, tan \u00edt trong Ethanol &amp; Methanol, n\u00f3ng ch\u1ea3y<br \/>\n\u0111i\u1ec3m 92\u2103-96\u2103, \u0111i\u1ec3m s\u00f4i 216\u2103 v\u00e0 gi\u00e1 tr\u1ecb calo t\u01b0\u01a1ng \u0111\u01b0\u01a1ng v\u1edbi sucrose 16,72kj\/g. H\u1ea5p th\u1ee5 nhi\u1ec7t khi h\u00f2a tan v\u00e0 mang l\u1ea1i c\u1ea3m gi\u00e1c m\u00e1t l\u1ea1nh t\u1ef1 nhi\u00ean trong mi\u1ec7ng. 10% Gi\u00e1 tr\u1ecb pH c\u1ee7a dung d\u1ecbch n\u01b0\u1edbc 5,0-7,0.<\/p>\n<\/div>\n<\/div>\n<\/div>\n<\/div>\n<\/div>\n<\/div>\n<\/div>\n<div class=\"J_module\">\n<div class=\"detail-decorate-json-renderer-container\">\n<div class=\"magic-8\">\n<div class=\"magic-9\">\n<div class=\"magic-10\">\n<div class=\"magic-11\"><b>T\u00ednh n\u0103ng s\u1ea3n ph\u1ea9m:<\/b><br \/>\n1. C\u1eeda v\u00e0o t\u1ea1o c\u1ea3m gi\u00e1c m\u00e1t m\u1ebb d\u1ec5 ch\u1ecbu;<br \/>\n2. Kh\u00f4ng \u0111\u01b0\u1ee3c s\u1eed d\u1ee5ng cho vi khu\u1ea9n \u0111\u01b0\u1eddng mi\u1ec7ng v\u00e0 kh\u00e1c v\u1edbi sucroso c\u00f3 th\u1ec3 g\u00e2y s\u00e2u r\u0103ng.<br \/>\n3. Ch\u1ec9 c\u00f3 2,4 calo cho m\u1ed7i gam xylitol.<br \/>\n4. Gi\u1eef b\u00e1nh m\u1ec1m trong th\u1eddi gian d\u00e0i v\u00e0 d\u00f9ng l\u00e0m ch\u1ea5t d\u01b0\u1ee1ng \u1ea9m cho m\u1ef9 ph\u1ea9m.<\/div>\n<\/div>\n<\/div>\n<\/div>\n<\/div>\n<\/div>\n<p>&nbsp;<\/p>","protected":false},"excerpt":{"rendered":"<p>T\u00ean s\u1ea3n ph\u1ea9m: Xylitol<br \/>\nS\u1ed1 CAS: 87-99-0<br \/>\nMF: C5H12O5<br \/>\nNgo\u1ea1i quan: B\u1ed9t tinh th\u1ec3 m\u00e0u tr\u1eafng<\/p>","protected":false},"featured_media":2150,"template":"","meta":{"_acf_changed":false,"_gspb_post_css":""},"product_brand":[],"product_cat":[55,56],"product_tag":[],"class_list":{"0":"post-3460","1":"product","2":"type-product","3":"status-publish","4":"has-post-thumbnail","6":"product_cat-food-additives","7":"product_cat-sweetener","9":"first","10":"instock","11":"shipping-taxable","12":"product-type-simple"},"acf":[],"_links":{"self":[{"href":"https:\/\/wpachem.com\/vi\/wp-json\/wp\/v2\/product\/3460","targetHints":{"allow":["GET"]}}],"collection":[{"href":"https:\/\/wpachem.com\/vi\/wp-json\/wp\/v2\/product"}],"about":[{"href":"https:\/\/wpachem.com\/vi\/wp-json\/wp\/v2\/types\/product"}],"version-history":[{"count":0,"href":"https:\/\/wpachem.com\/vi\/wp-json\/wp\/v2\/product\/3460\/revisions"}],"wp:featuredmedia":[{"embeddable":true,"href":"https:\/\/wpachem.com\/vi\/wp-json\/wp\/v2\/media\/2150"}],"wp:attachment":[{"href":"https:\/\/wpachem.com\/vi\/wp-json\/wp\/v2\/media?parent=3460"}],"wp:term":[{"taxonomy":"product_brand","embeddable":true,"href":"https:\/\/wpachem.com\/vi\/wp-json\/wp\/v2\/product_brand?post=3460"},{"taxonomy":"product_cat","embeddable":true,"href":"https:\/\/wpachem.com\/vi\/wp-json\/wp\/v2\/product_cat?post=3460"},{"taxonomy":"product_tag","embeddable":true,"href":"https:\/\/wpachem.com\/vi\/wp-json\/wp\/v2\/product_tag?post=3460"}],"curies":[{"name":"wp","href":"https:\/\/api.w.org\/{rel}","templated":true}]}}