{"id":3461,"date":"2023-03-21T06:21:55","date_gmt":"2023-03-21T06:21:55","guid":{"rendered":"http:\/\/site2.easyceotech.com\/?post_type=product&#038;p=3461"},"modified":"2024-03-12T07:51:29","modified_gmt":"2024-03-12T07:51:29","slug":"erythritol-2","status":"publish","type":"product","link":"https:\/\/wpachem.com\/vi\/product\/erythritol-2\/","title":{"rendered":"Erythritol"},"content":{"rendered":"<div class=\"J_module\">\n<div class=\"detail-decorate-json-renderer-container\">\n<div class=\"magic-1\">\n<h3 class=\"magic-16\" data-spm-anchor-id=\"a2700.details.0.i26.15373bd79P7Rcm\"><span class=\"magic-17\" style=\"font-family: Arial;\">Ch\u1ee9c n\u0103ng<\/span><\/h3>\n<div class=\"magic-2\">\n<div class=\"magic-3\">\n<div class=\"magic-4\">\n<div><span class=\"magic-18\" style=\"font-family: Arial;\">1. Erythritol c\u00f3 t\u00e1c d\u1ee5ng l\u00e0m m\u00e1t m\u1ea1nh khi h\u00f2a tan trong n\u01b0\u1edbc (thu nhi\u1ec7t ho\u1eb7c nhi\u1ec7t d\u01b0\u01a1ng c\u1ee7a dung d\u1ecbch), th\u01b0\u1eddng k\u1ebft h\u1ee3p v\u1edbi t\u00e1c d\u1ee5ng l\u00e0m m\u00e1t c\u1ee7a h\u01b0\u01a1ng b\u1ea1c h\u00e0. <\/span><\/div>\n<div><span class=\"magic-18\" style=\"font-family: Arial;\">2. Erythritol th\u01b0\u1eddng \u0111\u01b0\u1ee3c s\u1eed d\u1ee5ng nh\u01b0 m\u1ed9t ch\u1ea5t trung gian \u0111\u1ec3 cung c\u1ea5p ch\u1ea5t t\u1ea1o ng\u1ecdt c\u01b0\u1eddng \u0111\u1ed9 cao<br \/>\n(\u0111\u1eb7c bi\u1ec7t l\u00e0 c\u00e1c d\u1eabn xu\u1ea5t c\u1ee7a stevia). N\u00f3 c\u00f3 ch\u1ee9c n\u0103ng k\u00e9p, cung c\u1ea5p c\u1ea3 kh\u1ed1i l\u01b0\u1ee3ng v\u00e0 h\u01b0\u01a1ng v\u1ecb t\u01b0\u01a1ng t\u1ef1 nh\u01b0 \u0111\u01b0\u1eddng \u0103n \u0111\u01b0\u1ee3c. <\/span><\/div>\n<div><span class=\"magic-18\" style=\"font-family: Arial;\">3. Erythritol th\u00e2n thi\u1ec7n v\u1edbi r\u0103ng; n\u00f3 kh\u00f4ng b\u1ecb chuy\u1ec3n h\u00f3a b\u1edfi vi khu\u1ea9n trong mi\u1ec7ng, do \u0111\u00f3 kh\u00f4ng g\u00e2y s\u00e2u r\u0103ng.<\/span><\/div>\n<\/div>\n<\/div>\n<\/div>\n<\/div>\n<\/div>\n<\/div>\n<div class=\"J_module\">\n<div class=\"detail-decorate-json-renderer-container\">\n<div class=\"magic-1\">\n<h3 class=\"magic-16\"><span class=\"magic-17\" style=\"font-family: Arial;\">\u1ee8ng d\u1ee5ng<\/span><\/h3>\n<div class=\"magic-2\">\n<div class=\"magic-3\">\n<div class=\"magic-4\">\n<p><span class=\"magic-18\" style=\"font-family: Arial;\">1. D\u00f9ng \u0111\u1ec3 n\u01b0\u1edbng v\u00e0 n\u1ea5u \u0103n (b\u00e1nh quy, ph\u1ee5 gia) <\/span><\/p>\n<div><span class=\"magic-18\" style=\"font-family: Arial;\">2. \u0110\u1ed3 u\u1ed1ng. <\/span><\/div>\n<div><span class=\"magic-18\" style=\"font-family: Arial;\">3. K\u1eb9o (k\u1eb9o c\u1ee9ng, k\u1eb9o m\u1ec1m, \u0111\u01b0\u1eddng vi\u00ean, k\u1eb9o cao su, s\u00f4 c\u00f4 la, v.v.) <\/span><\/div>\n<div><span class=\"magic-18\" style=\"font-family: Arial;\">4. \u0110\u01b0\u1ee3c s\u1eed d\u1ee5ng trong ng\u00e0nh d\u01b0\u1ee3c ph\u1ea9m.<\/span><\/div>\n<\/div>\n<\/div>\n<\/div>\n<\/div>\n<\/div>\n<\/div>\n<p>&nbsp;<\/p>","protected":false},"excerpt":{"rendered":"<p>T\u00ean s\u1ea3n ph\u1ea9m: Erythritol<br \/>\nS\u1ed1 CAS: 149-32-6<br \/>\nMF:C4H10O4<br \/>\nNgo\u1ea1i quan: B\u1ed9t tinh th\u1ec3 m\u00e0u tr\u1eafng<\/p>","protected":false},"featured_media":2151,"template":"","meta":{"_acf_changed":false,"_gspb_post_css":""},"product_brand":[],"product_cat":[55,56],"product_tag":[],"class_list":{"0":"post-3461","1":"product","2":"type-product","3":"status-publish","4":"has-post-thumbnail","6":"product_cat-food-additives","7":"product_cat-sweetener","9":"first","10":"instock","11":"shipping-taxable","12":"product-type-simple"},"acf":[],"_links":{"self":[{"href":"https:\/\/wpachem.com\/vi\/wp-json\/wp\/v2\/product\/3461","targetHints":{"allow":["GET"]}}],"collection":[{"href":"https:\/\/wpachem.com\/vi\/wp-json\/wp\/v2\/product"}],"about":[{"href":"https:\/\/wpachem.com\/vi\/wp-json\/wp\/v2\/types\/product"}],"version-history":[{"count":0,"href":"https:\/\/wpachem.com\/vi\/wp-json\/wp\/v2\/product\/3461\/revisions"}],"wp:featuredmedia":[{"embeddable":true,"href":"https:\/\/wpachem.com\/vi\/wp-json\/wp\/v2\/media\/2151"}],"wp:attachment":[{"href":"https:\/\/wpachem.com\/vi\/wp-json\/wp\/v2\/media?parent=3461"}],"wp:term":[{"taxonomy":"product_brand","embeddable":true,"href":"https:\/\/wpachem.com\/vi\/wp-json\/wp\/v2\/product_brand?post=3461"},{"taxonomy":"product_cat","embeddable":true,"href":"https:\/\/wpachem.com\/vi\/wp-json\/wp\/v2\/product_cat?post=3461"},{"taxonomy":"product_tag","embeddable":true,"href":"https:\/\/wpachem.com\/vi\/wp-json\/wp\/v2\/product_tag?post=3461"}],"curies":[{"name":"wp","href":"https:\/\/api.w.org\/{rel}","templated":true}]}}