{"id":3464,"date":"2023-03-21T06:25:08","date_gmt":"2023-03-21T06:25:08","guid":{"rendered":"http:\/\/site2.easyceotech.com\/?post_type=product&#038;p=3464"},"modified":"2024-03-12T07:51:21","modified_gmt":"2024-03-12T07:51:21","slug":"maltitol","status":"publish","type":"product","link":"https:\/\/wpachem.com\/vi\/product\/maltitol\/","title":{"rendered":"Maltitol"},"content":{"rendered":"<p style=\"font-weight: 400;\"><b><strong style=\"font-style: inherit;\">Gi\u1edbi thi\u1ec7u:<\/strong><\/b><\/p>\n<p><span style=\"font-weight: 400;\">Maltitol, c\u00f2n \u0111\u01b0\u1ee3c g\u1ecdi l\u00e0 maltose hydro h\u00f3a, t\u00ean h\u00f3a h\u1ecdc l\u00e0 1,4-o-\u03b1-D-glucopyranosyl-D-sorbitol, l\u00e0 m\u1ed9t sorbitol \u0111\u01b0\u1ee3c li\u00ean k\u1ebft b\u1edfi m\u1ed9t ph\u00e2n t\u1eed glucose th\u00f4ng qua li\u00ean k\u1ebft \u03b1-1,4 bao g\u1ed3m c\u00e1c disaccharides. C\u00f4ng th\u1ee9c ph\u00e2n t\u1eed l\u00e0 C12H24O11 v\u00e0 kh\u1ed1i l\u01b0\u1ee3ng ph\u00e2n t\u1eed t\u01b0\u01a1ng \u0111\u1ed1i l\u00e0 344,31. Maltitol l\u00e0 m\u1ed9t tinh th\u1ec3 trong su\u1ed1t kh\u00f4ng m\u00e0u, d\u1ec5 tan trong n\u01b0\u1edbc, nh\u01b0ng kh\u00f4ng tan trong methanol v\u00e0 ethanol.<\/span><\/p>\n<p style=\"font-weight: 400;\" data-spm-anchor-id=\"a2700.details.0.i26.f09a7f3csghGBu\">Maltitol l\u00e0 m\u1ed9t lo\u1ea1i ch\u1ea5t t\u1ea1o ng\u1ecdt m\u1edbi c\u00f3 \u0111\u1ed9 ng\u1ecdt cao, \u00edt calo, an to\u00e0n, nguy\u00ean li\u1ec7u th\u00f4 \u0111\u1ea7y \u0111\u1ee7, quy tr\u00ecnh s\u1ea3n xu\u1ea5t \u0111\u01a1n gi\u1ea3n v\u00e0 c\u00f3 nh\u1eefng t\u00ednh ch\u1ea5t \u0111\u1ed9c \u0111\u00e1o m\u00e0 c\u00e1c ch\u1ea5t t\u1ea1o ng\u1ecdt kh\u00e1c kh\u00f4ng c\u00f3. \u0110\u01b0\u1ee3c s\u1eed d\u1ee5ng r\u1ed9ng r\u00e3i trong ch\u1ebf bi\u1ebfn th\u1ef1c ph\u1ea9m c\u00f3 h\u01b0\u01a1ng v\u1ecb \u0111\u01b0\u1eddng.<\/p>\n<p>&nbsp;<\/p>","protected":false},"excerpt":{"rendered":"<p>T\u00ean s\u1ea3n ph\u1ea9m:Maltitol<br \/>\nS\u1ed1 CAS: 585-88-6<br \/>\nM\u1ea0NG: C12H24O11<br \/>\nNgo\u1ea1i h\u00ecnh: s\u1ee9c m\u1ea1nh m\u00e0u tr\u1eafng<\/p>","protected":false},"featured_media":2131,"template":"","meta":{"_acf_changed":false,"_gspb_post_css":""},"product_brand":[],"product_cat":[55,56],"product_tag":[],"class_list":{"0":"post-3464","1":"product","2":"type-product","3":"status-publish","4":"has-post-thumbnail","6":"product_cat-food-additives","7":"product_cat-sweetener","9":"first","10":"instock","11":"shipping-taxable","12":"product-type-simple"},"acf":[],"_links":{"self":[{"href":"https:\/\/wpachem.com\/vi\/wp-json\/wp\/v2\/product\/3464","targetHints":{"allow":["GET"]}}],"collection":[{"href":"https:\/\/wpachem.com\/vi\/wp-json\/wp\/v2\/product"}],"about":[{"href":"https:\/\/wpachem.com\/vi\/wp-json\/wp\/v2\/types\/product"}],"version-history":[{"count":0,"href":"https:\/\/wpachem.com\/vi\/wp-json\/wp\/v2\/product\/3464\/revisions"}],"wp:featuredmedia":[{"embeddable":true,"href":"https:\/\/wpachem.com\/vi\/wp-json\/wp\/v2\/media\/2131"}],"wp:attachment":[{"href":"https:\/\/wpachem.com\/vi\/wp-json\/wp\/v2\/media?parent=3464"}],"wp:term":[{"taxonomy":"product_brand","embeddable":true,"href":"https:\/\/wpachem.com\/vi\/wp-json\/wp\/v2\/product_brand?post=3464"},{"taxonomy":"product_cat","embeddable":true,"href":"https:\/\/wpachem.com\/vi\/wp-json\/wp\/v2\/product_cat?post=3464"},{"taxonomy":"product_tag","embeddable":true,"href":"https:\/\/wpachem.com\/vi\/wp-json\/wp\/v2\/product_tag?post=3464"}],"curies":[{"name":"wp","href":"https:\/\/api.w.org\/{rel}","templated":true}]}}