{"id":3467,"date":"2023-03-21T06:30:02","date_gmt":"2023-03-21T06:30:02","guid":{"rendered":"http:\/\/site2.easyceotech.com\/?post_type=product&#038;p=3467"},"modified":"2024-03-12T07:51:18","modified_gmt":"2024-03-12T07:51:18","slug":"crystalline-fructose","status":"publish","type":"product","link":"https:\/\/wpachem.com\/vi\/product\/crystalline-fructose\/","title":{"rendered":"Fructose tinh th\u1ec3"},"content":{"rendered":"<p><strong><span data-spm-anchor-id=\"a2700.details.0.i18.5482671asdfT1l\">1. T\u00ean s\u1ea3n ph\u1ea9m:\u00a0\u00a0<\/span><\/strong>\u00a0Fructose tinh th\u1ec3<\/p>\n<p><strong>2.M\u00e3 s\u1ed1 CAS:\u00a0<\/strong>\u00a057-48-7<\/p>\n<p><strong>3. \u0110\u1ed9 tinh khi\u1ebft:\u00a0<\/strong>\u00a099.0%ph\u00fat<\/p>\n<p><strong>4.M\u00e3 HS: 1702500000<\/strong><\/p>\n<p><strong><span data-spm-anchor-id=\"a2700.details.0.i17.5482671asdfT1l\">5. \u1ee8ng d\u1ee5ng:<\/span><\/strong><\/p>\n<p><strong>Fructose tinh th\u1ec3 \u0111\u01b0\u1ee3c t\u1ea1o th\u00e0nh t\u1eeb glucose tinh th\u1ec3 tr\u1ea3i qua qu\u00e1 tr\u00ecnh \u0111\u1ed3ng ph\u00e2n h\u00f3a, k\u1ebft tinh v\u00e0 t\u00e1ch n\u01b0\u1edbc.<br \/>\n\u0110\u01b0\u1eddng fructose d\u1ea1ng tinh th\u1ec3 c\u00f3 v\u1ecb ng\u1ecdt nh\u1ea5t trong t\u1ea5t c\u1ea3 c\u00e1c lo\u1ea1i \u0111\u01b0\u1eddng. \u0110\u1ed9 ng\u1ecdt c\u1ee7a n\u00f3 g\u1ea5p 1,2 l\u1ea7n \u0111\u01b0\u1eddng m\u00eda, v\u00e0 t\u0103ng l\u00ean 1,8 l\u1ea7n \u1edf nhi\u1ec7t \u0111\u1ed9 th\u1ea5p h\u01a1n, do \u0111\u00f3 l\u00e0m gi\u1ea3m hi\u1ec7u qu\u1ea3 l\u01b0\u1ee3ng ti\u00eau th\u1ee5. \u0110\u01b0\u1eddng fructose d\u1ea1ng tinh th\u1ec3 c\u00f3 trong nhi\u1ec1u lo\u1ea1i th\u1ef1c ph\u1ea9m \u00edt calo, s\u1eefa chua.<br \/>\n\u0110\u01b0\u1eddng fructose d\u1ea1ng tinh th\u1ec3 c\u00f3 th\u1ec3 cung c\u1ea5p n\u0103ng l\u01b0\u1ee3ng cho c\u01a1 th\u1ec3 con ng\u01b0\u1eddi ngay khi h\u1ea5p th\u1ee5 v\u00ec kh\u00f4ng ph\u1ee5 thu\u1ed9c v\u00e0o insulin \u0111\u1ec3 h\u1ea5p th\u1ee5. Do \u0111\u00f3, n\u00f3 th\u00edch h\u1ee3p \u0111\u1ec3 pha ch\u1ebf \u0111\u1ed3 u\u1ed1ng th\u1ec3 thao v\u00e0 t\u0103ng c\u01b0\u1eddng n\u0103ng l\u01b0\u1ee3ng, gi\u00fap t\u0103ng c\u01b0\u1eddng s\u1ee9c b\u1ec1n cho c\u00e1c v\u1eadn \u0111\u1ed9ng vi\u00ean.<br \/>\n\u0110\u01b0\u1eddng fructose d\u1ea1ng tinh th\u1ec3 c\u00f3 ch\u1ec9 s\u1ed1 \u0111\u01b0\u1eddng huy\u1ebft th\u1ea5p nh\u1ea5t trong c\u00e1c lo\u1ea1i \u0111\u01b0\u1eddng th\u00f4ng th\u01b0\u1eddng. Ch\u1ec9 s\u1ed1 \u0111\u01b0\u1eddng huy\u1ebft theo d\u00f5i t\u1ed1c \u0111\u1ed9 t\u0103ng l\u01b0\u1ee3ng \u0111\u01b0\u1eddng huy\u1ebft sau b\u1eefa \u0103n. Gi\u00e1 tr\u1ecb c\u1ee7a Ch\u1ec9 s\u1ed1 \u0111\u01b0\u1eddng huy\u1ebft c\u00e0ng cao th\u00ec l\u01b0\u1ee3ng \u0111\u01b0\u1eddng huy\u1ebft t\u0103ng c\u00e0ng nhanh. Ch\u1ec9 s\u1ed1 \u0111\u01b0\u1eddng huy\u1ebft c\u1ee7a glucose l\u00e0 100, \u0111\u01b0\u1eddng m\u00eda l\u00e0 65, m\u1eadt ong l\u00e0 55 trong khi fructose ch\u1ec9 l\u00e0 19. Do \u0111\u00f3, fructose l\u00e0 l\u1ef1a ch\u1ecdn t\u1ed1t h\u01a1n cho b\u1ec7nh nh\u00e2n ti\u1ec3u \u0111\u01b0\u1eddng.<br \/>\nFructose tinh th\u1ec3 \u1edf d\u1ea1ng r\u1eafn n\u00ean thu\u1eadn ti\u1ec7n cho vi\u1ec7c v\u1eadn chuy\u1ec3n v\u00e0 b\u1ea3o qu\u1ea3n.<\/strong><\/p>","protected":false},"excerpt":{"rendered":"<p>T\u00ean s\u1ea3n ph\u1ea9m: Fructose tinh th\u1ec3<br \/>\nS\u1ed1 CAS: 57-48-7<br \/>\nMF:C6H12O6<br \/>\nNgo\u1ea1i quan: b\u1ed9t m\u00e0u tr\u1eafng<\/p>","protected":false},"featured_media":2149,"template":"","meta":{"_acf_changed":false,"_gspb_post_css":""},"product_brand":[],"product_cat":[55,56],"product_tag":[],"class_list":{"0":"post-3467","1":"product","2":"type-product","3":"status-publish","4":"has-post-thumbnail","6":"product_cat-food-additives","7":"product_cat-sweetener","9":"first","10":"instock","11":"shipping-taxable","12":"product-type-simple"},"acf":[],"_links":{"self":[{"href":"https:\/\/wpachem.com\/vi\/wp-json\/wp\/v2\/product\/3467","targetHints":{"allow":["GET"]}}],"collection":[{"href":"https:\/\/wpachem.com\/vi\/wp-json\/wp\/v2\/product"}],"about":[{"href":"https:\/\/wpachem.com\/vi\/wp-json\/wp\/v2\/types\/product"}],"version-history":[{"count":0,"href":"https:\/\/wpachem.com\/vi\/wp-json\/wp\/v2\/product\/3467\/revisions"}],"wp:featuredmedia":[{"embeddable":true,"href":"https:\/\/wpachem.com\/vi\/wp-json\/wp\/v2\/media\/2149"}],"wp:attachment":[{"href":"https:\/\/wpachem.com\/vi\/wp-json\/wp\/v2\/media?parent=3467"}],"wp:term":[{"taxonomy":"product_brand","embeddable":true,"href":"https:\/\/wpachem.com\/vi\/wp-json\/wp\/v2\/product_brand?post=3467"},{"taxonomy":"product_cat","embeddable":true,"href":"https:\/\/wpachem.com\/vi\/wp-json\/wp\/v2\/product_cat?post=3467"},{"taxonomy":"product_tag","embeddable":true,"href":"https:\/\/wpachem.com\/vi\/wp-json\/wp\/v2\/product_tag?post=3467"}],"curies":[{"name":"wp","href":"https:\/\/api.w.org\/{rel}","templated":true}]}}