{"id":3472,"date":"2023-03-21T06:50:45","date_gmt":"2023-03-21T06:50:45","guid":{"rendered":"http:\/\/site2.easyceotech.com\/?post_type=product&#038;p=3472"},"modified":"2024-03-12T07:51:14","modified_gmt":"2024-03-12T07:51:14","slug":"d-glucono-15-lactone","status":"publish","type":"product","link":"https:\/\/wpachem.com\/vi\/product\/d-glucono-15-lactone\/","title":{"rendered":"D-(+)-Glucono-1,5-lacton"},"content":{"rendered":"<h3><span data-spm-anchor-id=\"a2700.details.0.i17.2e5e2367ROB7ZQ\">Nh\u00e0 m\u00e1y cung c\u1ea5p D-(+)-Glucono-1,5-lactone CAS 90-80-2 ch\u1ea5t l\u01b0\u1ee3ng cao \u0111\u1ec3 b\u00e1n<\/span><\/h3>\n<p style=\"font-style: inherit; font-weight: inherit;\">\u1ee8ng d\u1ee5ng: 1. L\u00e0 ch\u1ea5t \u1ed5n \u0111\u1ecbnh v\u00e0 ch\u1ea5t \u0111\u00f4ng t\u1ee5, c\u00f3 th\u1ec3 s\u1eed d\u1ee5ng trong c\u00e1c s\u1ea3n ph\u1ea9m t\u1eeb \u0111\u1eadu n\u00e0nh (\u0111\u1eadu ph\u1ee5 v\u00e0 hoa \u0111\u1eadu), x\u00fac x\u00edch (x\u00fac x\u00edch th\u1ecbt), c\u00e1c s\u1ea3n ph\u1ea9m surimi v\u00e0 n\u01b0\u1edbc \u00e9p nho, li\u1ec1u d\u00f9ng t\u1ed1i \u0111a l\u00e0 3,0g\/kg;<\/p>\n<p>2. L\u00e0 ch\u1ea5t b\u1ea3o qu\u1ea3n, c\u00f3 th\u1ec3 d\u00f9ng \u0111\u1ec3 b\u1ea3o qu\u1ea3n c\u00e1, t\u00f4m, li\u1ec1u d\u00f9ng t\u1ed1i \u0111a l\u00e0 0,1g\/kg, l\u01b0\u1ee3ng d\u01b0 l\u00e0 0,01mg\/kg<\/p>\n<p>3. C\u0169ng c\u00f3 th\u1ec3 d\u00f9ng l\u00e0m ch\u1ea5t t\u1ea1o b\u1ecdt, \u0111\u1ec3 ch\u1ebf bi\u1ebfn b\u1ed9t n\u1edf h\u1ed7n h\u1ee3p, t\u00f9y theo nhu c\u1ea7u s\u1ea3n xu\u1ea5t m\u00e0 s\u1eed d\u1ee5ng cho ph\u00f9 h\u1ee3p.<\/p>\n<p>4. \u0110\u01b0\u1ee3c s\u1eed d\u1ee5ng r\u1ed9ng r\u00e3i nh\u01b0 ch\u1ea5t t\u1ea1o chua, ch\u1ea5t kh\u1edfi \u0111\u1ed9ng, ch\u1ea5t \u0111\u00f4ng t\u1ee5 protein, ch\u1ea5t kh\u1eed PH, ch\u1ea5t gi\u1eef \u0111\u1ed9 s\u0103n ch\u1eafc, ch\u1ea5t b\u1ea3o qu\u1ea3n th\u1ef1c ph\u1ea9m, v.v.<\/p>\n<p>&nbsp;<\/p>\n<p>&nbsp;<\/p>","protected":false},"excerpt":{"rendered":"<p>T\u00ean s\u1ea3n ph\u1ea9m: D-(+)-Glucono-1,5-lactone<br \/>\nS\u1ed1 CAS: 90-80-2<br \/>\nMF:C6H10O6<br \/>\nNgo\u1ea1i h\u00ecnh: s\u1ee9c m\u1ea1nh m\u00e0u tr\u1eafng<\/p>","protected":false},"featured_media":2177,"template":"","meta":{"_acf_changed":false,"_gspb_post_css":""},"product_brand":[],"product_cat":[24],"product_tag":[],"class_list":{"0":"post-3472","1":"product","2":"type-product","3":"status-publish","4":"has-post-thumbnail","6":"product_cat-uncategorized","8":"first","9":"instock","10":"shipping-taxable","11":"product-type-simple"},"acf":[],"_links":{"self":[{"href":"https:\/\/wpachem.com\/vi\/wp-json\/wp\/v2\/product\/3472","targetHints":{"allow":["GET"]}}],"collection":[{"href":"https:\/\/wpachem.com\/vi\/wp-json\/wp\/v2\/product"}],"about":[{"href":"https:\/\/wpachem.com\/vi\/wp-json\/wp\/v2\/types\/product"}],"version-history":[{"count":0,"href":"https:\/\/wpachem.com\/vi\/wp-json\/wp\/v2\/product\/3472\/revisions"}],"wp:featuredmedia":[{"embeddable":true,"href":"https:\/\/wpachem.com\/vi\/wp-json\/wp\/v2\/media\/2177"}],"wp:attachment":[{"href":"https:\/\/wpachem.com\/vi\/wp-json\/wp\/v2\/media?parent=3472"}],"wp:term":[{"taxonomy":"product_brand","embeddable":true,"href":"https:\/\/wpachem.com\/vi\/wp-json\/wp\/v2\/product_brand?post=3472"},{"taxonomy":"product_cat","embeddable":true,"href":"https:\/\/wpachem.com\/vi\/wp-json\/wp\/v2\/product_cat?post=3472"},{"taxonomy":"product_tag","embeddable":true,"href":"https:\/\/wpachem.com\/vi\/wp-json\/wp\/v2\/product_tag?post=3472"}],"curies":[{"name":"wp","href":"https:\/\/api.w.org\/{rel}","templated":true}]}}