{"id":3475,"date":"2023-03-21T06:56:21","date_gmt":"2023-03-21T06:56:21","guid":{"rendered":"http:\/\/site2.easyceotech.com\/?post_type=product&#038;p=3475"},"modified":"2024-03-12T07:51:11","modified_gmt":"2024-03-12T07:51:11","slug":"sodium-gluconate","status":"publish","type":"product","link":"https:\/\/wpachem.com\/vi\/product\/sodium-gluconate\/","title":{"rendered":"Natri gluconat"},"content":{"rendered":"<div class=\"J_module\">\n<div class=\"detail-decorate-json-renderer-container\">\n<div class=\"magic-4\">\n<div class=\"magic-5\" data-spm-anchor-id=\"a2700.details.0.i15.6e7e22ecOYJ1t9\">\n<div class=\"magic-6\">\n<div class=\"magic-7\">\n<p><b class=\"magic-8\">T\u00ean s\u1ea3n ph\u1ea9m:<\/b><span class=\"magic-9\"> Natri gluconat<\/span><\/p>\n<div><span class=\"magic-10\" style=\"font-family: Arial;\"><b>CAS:<\/b> 527-07-1<\/span><\/div>\n<div><span class=\"magic-10\" style=\"font-family: Arial;\"><b>C\u00f4ng ngh\u1ec7:<\/b>220.15<\/span><\/div>\n<div><span class=\"magic-10\" style=\"font-family: Arial;\"><b>M\u1ee5c l\u1ee5c:<\/b>C6H13NaO7<\/span><\/div>\n<div><span class=\"magic-10\" style=\"font-family: Arial;\"><b>V\u1ebb b\u1ec1 ngo\u00e0i:<\/b>B\u1ed9t tinh th\u1ec3 m\u00e0u tr\u1eafng ho\u1eb7c v\u00e0ng nh\u1ea1t<\/span><\/div>\n<div><span class=\"magic-10\" style=\"font-family: Arial;\"><b>\u0110\u1ed9 tinh khi\u1ebft:<\/b>98%<\/span><\/div>\n<\/div>\n<\/div>\n<\/div>\n<\/div>\n<\/div>\n<\/div>\n<div class=\"J_module\">\n<div id=\"ali-anchor-AliMagic-yn5sxv\" class=\"magic-0\" data-section=\"AliMagic-yn5sxv\" data-section-title=\"Specification\">\u0110\u1eb7c \u0111i\u1ec3m k\u1ef9 thu\u1eadt<\/div>\n<\/div>\n<div class=\"J_module\">\n<div class=\"ife-detail-decorate-table\">\n<table class=\"has-title is-zebra hight-light-first-column all magic-11\">\n<tbody>\n<tr>\n<td colspan=\"1\" rowspan=\"1\">\n<div class=\"magic-12\"><span class=\"magic-10\" style=\"font-family: Arial;\"><b>M\u1eb7t h\u00e0ng<\/b><\/span><\/div>\n<\/td>\n<td colspan=\"1\" rowspan=\"1\">\n<div class=\"magic-13\"><span class=\"magic-10\" style=\"font-family: Arial;\"><b>\u0110\u1eb7c \u0111i\u1ec3m k\u1ef9 thu\u1eadt (C\u1ea5p th\u1ef1c ph\u1ea9m)<\/b><\/span><\/div>\n<\/td>\n<td colspan=\"1\" rowspan=\"1\">\n<div class=\"magic-14\"><span class=\"magic-10\" style=\"font-family: Arial;\"><b>Ti\u00eau chu\u1ea9n k\u1ef9 thu\u1eadt (c\u1ea5p c\u00f4ng nghi\u1ec7p)<\/b><\/span><\/div>\n<\/td>\n<\/tr>\n<tr>\n<td colspan=\"1\" rowspan=\"1\">\n<div class=\"magic-12\"><span class=\"magic-10\" style=\"font-family: Arial;\"><b>S\u1ef1 mi\u00eau t\u1ea3<\/b><\/span><\/div>\n<\/td>\n<td colspan=\"1\" rowspan=\"1\">\n<div class=\"magic-13\"><span class=\"magic-10\" style=\"font-family: Arial;\">b\u1ed9t tinh th\u1ec3 m\u00e0u tr\u1eafng<\/span><\/div>\n<\/td>\n<td colspan=\"1\" rowspan=\"1\">\n<div class=\"magic-14\"><span class=\"magic-10\" style=\"font-family: Arial;\">b\u1ed9t tinh th\u1ec3 m\u00e0u tr\u1eafng ho\u1eb7c v\u00e0ng\u00a0<\/span><\/div>\n<\/td>\n<\/tr>\n<tr>\n<td colspan=\"1\" rowspan=\"1\">\n<div class=\"magic-12\"><span class=\"magic-10\" style=\"font-family: Arial;\"><b>Nh\u1eadn d\u1ea1ng<\/b><\/span><\/div>\n<\/td>\n<td colspan=\"1\" rowspan=\"1\">\n<div class=\"magic-13\"><span class=\"magic-10\" style=\"font-family: Arial;\">\u0111\u00e1p \u1ee9ng c\u00e1c y\u00eau c\u1ea7u<\/span><\/div>\n<\/td>\n<td colspan=\"1\" rowspan=\"1\">\n<div class=\"magic-14\"><span class=\"magic-10\" style=\"font-family: Arial;\">\u0111\u00e1p \u1ee9ng c\u00e1c y\u00eau c\u1ea7u<\/span><\/div>\n<\/td>\n<\/tr>\n<tr>\n<td colspan=\"1\" rowspan=\"1\">\n<div class=\"magic-12\"><span class=\"magic-10\" style=\"font-family: Arial;\"><b>T\u1ed5n th\u1ea5t tr\u00ean % kh\u00f4<\/b><\/span><\/div>\n<\/td>\n<td colspan=\"1\" rowspan=\"1\">\n<div class=\"magic-13\"><span class=\"magic-10\" style=\"font-family: Arial;\">0,40 t\u1ed1i \u0111a<\/span><\/div>\n<\/td>\n<td colspan=\"1\" rowspan=\"1\">\n<div class=\"magic-14\"><span class=\"magic-10\" style=\"font-family: Arial;\">0,40 t\u1ed1i \u0111a<\/span><\/div>\n<\/td>\n<\/tr>\n<tr>\n<td colspan=\"1\" rowspan=\"1\">\n<div class=\"magic-12\"><span class=\"magic-10\" style=\"font-family: Arial;\"><b>Ch\u1ea5t kh\u1eed, %<\/b><\/span><\/div>\n<\/td>\n<td colspan=\"1\" rowspan=\"1\">\n<div class=\"magic-13\"><span class=\"magic-10\" style=\"font-family: Arial;\">0,50 t\u1ed1i \u0111a<\/span><\/div>\n<\/td>\n<td colspan=\"1\" rowspan=\"1\">\n<div class=\"magic-14\"><span class=\"magic-10\" style=\"font-family: Arial;\">0,50 t\u1ed1i \u0111a<\/span><\/div>\n<\/td>\n<\/tr>\n<tr>\n<td colspan=\"1\" rowspan=\"1\">\n<div class=\"magic-12\"><span class=\"magic-10\" style=\"font-family: Arial;\"><b>PH<\/b><\/span><\/div>\n<\/td>\n<td colspan=\"1\" rowspan=\"1\">\n<div class=\"magic-13\"><span class=\"magic-10\" style=\"font-family: Arial;\">6.2 ~ 7.8<\/span><\/div>\n<\/td>\n<td colspan=\"1\" rowspan=\"1\">\n<div class=\"magic-14\"><span class=\"magic-10\" style=\"font-family: Arial;\">6.2 ~ 7.8<\/span><\/div>\n<\/td>\n<\/tr>\n<tr>\n<td colspan=\"1\" rowspan=\"1\">\n<div class=\"magic-12\"><span class=\"magic-10\" style=\"font-family: Arial;\"><b>Sunfat, %<\/b><\/span><\/div>\n<\/td>\n<td colspan=\"1\" rowspan=\"1\">\n<div class=\"magic-13\"><span class=\"magic-10\" style=\"font-family: Arial;\">0,02 t\u1ed1i \u0111a<\/span><\/div>\n<\/td>\n<td colspan=\"1\" rowspan=\"1\">\n<div class=\"magic-14\"><span class=\"magic-10\" style=\"font-family: Arial;\">0,05 t\u1ed1i \u0111a<\/span><\/div>\n<\/td>\n<\/tr>\n<tr>\n<td colspan=\"1\" rowspan=\"1\">\n<div class=\"magic-12\"><span class=\"magic-10\" style=\"font-family: Arial;\"><b>Clorua%<\/b><\/span><\/div>\n<\/td>\n<td colspan=\"1\" rowspan=\"1\">\n<div class=\"magic-13\"><span class=\"magic-10\" style=\"font-family: Arial;\">0,02 t\u1ed1i \u0111a<\/span><\/div>\n<\/td>\n<td colspan=\"1\" rowspan=\"1\">\n<div class=\"magic-14\"><span class=\"magic-10\" style=\"font-family: Arial;\">0,05 t\u1ed1i \u0111a<\/span><\/div>\n<\/td>\n<\/tr>\n<tr>\n<td colspan=\"1\" rowspan=\"1\">\n<div class=\"magic-12\"><span class=\"magic-10\" style=\"font-family: Arial;\"><b>Ch\u00ec, ppm<\/b><\/span><\/div>\n<\/td>\n<td colspan=\"1\" rowspan=\"1\">\n<div class=\"magic-13\"><span class=\"magic-10\" style=\"font-family: Arial;\">1 t\u1ed1i \u0111a<\/span><\/div>\n<\/td>\n<td colspan=\"1\" rowspan=\"1\">\n<div class=\"magic-14\"><span class=\"magic-10\" style=\"font-family: Arial;\">0,001 t\u1ed1i \u0111a<\/span><\/div>\n<\/td>\n<\/tr>\n<tr>\n<td colspan=\"1\" rowspan=\"1\">\n<div class=\"magic-12\"><span class=\"magic-10\" style=\"font-family: Arial;\"><b>Mu\u1ed1i asen, ppm<\/b><\/span><\/div>\n<\/td>\n<td colspan=\"1\" rowspan=\"1\">\n<div class=\"magic-13\"><span class=\"magic-10\" style=\"font-family: Arial;\">2 t\u1ed1i \u0111a<\/span><\/div>\n<\/td>\n<td colspan=\"1\" rowspan=\"1\">\n<div class=\"magic-14\"><\/div>\n<\/td>\n<\/tr>\n<tr>\n<td colspan=\"1\" rowspan=\"1\">\n<div class=\"magic-12\"><span class=\"magic-10\" style=\"font-family: Arial;\"><b>Kim lo\u1ea1i n\u1eb7ng, ppm<\/b><\/span><\/div>\n<\/td>\n<td colspan=\"1\" rowspan=\"1\">\n<div class=\"magic-13\"><span class=\"magic-10\" style=\"font-family: Arial;\">5 t\u1ed1i \u0111a<\/span><\/div>\n<\/td>\n<td colspan=\"1\" rowspan=\"1\">\n<div class=\"magic-14\"><span class=\"magic-10\" style=\"font-family: Arial;\">0,002 t\u1ed1i \u0111a<\/span><\/div>\n<\/td>\n<\/tr>\n<tr>\n<td colspan=\"1\" rowspan=\"1\">\n<div class=\"magic-12\"><span class=\"magic-10\" style=\"font-family: Arial;\"><b>X\u00e9t nghi\u1ec7m<\/b><\/span><\/div>\n<\/td>\n<td colspan=\"1\" rowspan=\"1\">\n<div class=\"magic-13\"><span class=\"magic-10\" style=\"font-family: Arial;\">98.0-102.0 ph\u00fat<\/span><\/div>\n<\/td>\n<td colspan=\"1\" rowspan=\"1\">\n<div class=\"magic-14\"><span class=\"magic-10\" style=\"font-family: Arial;\">\u226598.0 %<\/span><\/div>\n<\/td>\n<\/tr>\n<\/tbody>\n<\/table>\n<\/div>\n<\/div>\n<div class=\"J_module\">\n<div id=\"ali-anchor-AliMagic-kvmfrb\" class=\"magic-0\" data-section=\"AliMagic-kvmfrb\" data-section-title=\"Application\">\u1ee8ng d\u1ee5ng<\/div>\n<\/div>\n<div class=\"J_module\">\n<div class=\"detail-decorate-json-renderer-container\">\n<div class=\"magic-4\">\n<div class=\"magic-5\">\n<div class=\"magic-6\">\n<div class=\"magic-7\" data-spm-anchor-id=\"a2700.details.0.i14.6e7e22ecOYJ1t9\">\n<p><span class=\"magic-10\" style=\"font-family: Arial;\">1. D\u00f9ng l\u00e0m ch\u1ea5t t\u1ea9y r\u1eeda b\u1ec1 m\u1eb7t th\u00e9p, ch\u1ea5t t\u1ea9y r\u1eeda \u0111\u1eb7c bi\u1ec7t cho k\u00ednh. 2. D\u00f9ng l\u00e0m ph\u1ee5 gia xi m\u0103ng, th\u00eam m\u1ed9t l\u01b0\u1ee3ng natri gluconat nh\u1ea5t \u0111\u1ecbnh s\u1ebd l\u00e0m t\u0103ng \u0111\u1ed9 d\u1ebbo v\u00e0 c\u01b0\u1eddng \u0111\u1ed9 c\u1ee7a b\u00ea t\u00f4ng. 3. Ch\u1ea5t \u1ed5n \u0111\u1ecbnh, ch\u1eb3ng h\u1ea1n nh\u01b0 h\u1ec7 th\u1ed1ng n\u01b0\u1edbc l\u00e0m m\u00e1t chu tr\u00ecnh kinh doanh h\u00f3a d\u1ea7u, n\u1ed3i h\u01a1i \u00e1p su\u1ea5t th\u1ea5p, h\u00f3a ch\u1ea5t x\u1eed l\u00fd h\u1ec7 th\u1ed1ng n\u01b0\u1edbc l\u00e0m m\u00e1t \u0111\u1ed9ng c\u01a1.<\/span><\/p>\n<div><\/div>\n<div><span class=\"magic-10\" style=\"font-family: Arial;\">4. Ph\u1ee5 gia th\u1ef1c ph\u1ea9m<\/span><\/div>\n<\/div>\n<\/div>\n<\/div>\n<\/div>\n<\/div>\n<\/div>\n<p>&nbsp;<\/p>","protected":false},"excerpt":{"rendered":"<p>T\u00ean s\u1ea3n ph\u1ea9m: Natri gluconat<br \/>\nS\u1ed1 CAS: 527-07-1<br \/>\nMF:C6H13NaO7<br \/>\nNgo\u1ea1i h\u00ecnh: s\u1ee9c m\u1ea1nh m\u00e0u tr\u1eafng<\/p>","protected":false},"featured_media":2169,"template":"","meta":{"_acf_changed":false,"_gspb_post_css":""},"product_brand":[],"product_cat":[55,56],"product_tag":[],"class_list":{"0":"post-3475","1":"product","2":"type-product","3":"status-publish","4":"has-post-thumbnail","6":"product_cat-food-additives","7":"product_cat-sweetener","9":"first","10":"instock","11":"shipping-taxable","12":"product-type-simple"},"acf":[],"_links":{"self":[{"href":"https:\/\/wpachem.com\/vi\/wp-json\/wp\/v2\/product\/3475","targetHints":{"allow":["GET"]}}],"collection":[{"href":"https:\/\/wpachem.com\/vi\/wp-json\/wp\/v2\/product"}],"about":[{"href":"https:\/\/wpachem.com\/vi\/wp-json\/wp\/v2\/types\/product"}],"version-history":[{"count":0,"href":"https:\/\/wpachem.com\/vi\/wp-json\/wp\/v2\/product\/3475\/revisions"}],"wp:featuredmedia":[{"embeddable":true,"href":"https:\/\/wpachem.com\/vi\/wp-json\/wp\/v2\/media\/2169"}],"wp:attachment":[{"href":"https:\/\/wpachem.com\/vi\/wp-json\/wp\/v2\/media?parent=3475"}],"wp:term":[{"taxonomy":"product_brand","embeddable":true,"href":"https:\/\/wpachem.com\/vi\/wp-json\/wp\/v2\/product_brand?post=3475"},{"taxonomy":"product_cat","embeddable":true,"href":"https:\/\/wpachem.com\/vi\/wp-json\/wp\/v2\/product_cat?post=3475"},{"taxonomy":"product_tag","embeddable":true,"href":"https:\/\/wpachem.com\/vi\/wp-json\/wp\/v2\/product_tag?post=3475"}],"curies":[{"name":"wp","href":"https:\/\/api.w.org\/{rel}","templated":true}]}}