{"id":3478,"date":"2023-03-21T06:59:08","date_gmt":"2023-03-21T06:59:08","guid":{"rendered":"http:\/\/site2.easyceotech.com\/?post_type=product&#038;p=3478"},"modified":"2024-03-12T07:51:05","modified_gmt":"2024-03-12T07:51:05","slug":"polydextrose-2","status":"publish","type":"product","link":"https:\/\/wpachem.com\/vi\/product\/polydextrose-2\/","title":{"rendered":"\u0110\u01b0\u1eddng \u0111a"},"content":{"rendered":"<p>Polydextrose l\u00e0 m\u1ed9t lo\u1ea1i ch\u1ea5t x\u01a1 h\u00f2a tan tuy\u1ec7t v\u1eddi, t\u1ef7 l\u1ec7 ch\u1ea5t x\u01a1 c\u00f3 trong n\u00f3 l\u00e0 h\u01a1n 90%.<br \/>\nPolydextrose l\u00e0 m\u1ed9t ch\u1ea5t ph\u1ee5 gia \u0111a n\u0103ng \u0111\u01b0\u1ee3c t\u1ed5ng h\u1ee3p t\u1eeb dextrose, c\u1ed9ng v\u1edbi kho\u1ea3ng 10 ph\u1ea7n tr\u0103m Sorbitol v\u00e0 1 ph\u1ea7n tr\u0103m axit citric. S\u1ed1 E c\u1ee7a n\u00f3 l\u00e0 E1200.<\/p>\n<p>N\u00f3 th\u01b0\u1eddng \u0111\u01b0\u1ee3c d\u00f9ng thay th\u1ebf cho \u0111\u01b0\u1eddng, tinh b\u1ed9t v\u00e0 ch\u1ea5t b\u00e9o trong c\u00e1c lo\u1ea1i b\u00e1nh ng\u1ecdt, k\u1eb9o, h\u1ed7n h\u1ee3p tr\u00e1ng mi\u1ec7ng, gelatin, m\u00f3n tr\u00e1ng mi\u1ec7ng \u0111\u00f4ng l\u1ea1nh, b\u00e1nh pudding v\u00e0 n\u01b0\u1edbc s\u1ed1t tr\u1ed9n salad. Polydextrose th\u01b0\u1eddng \u0111\u01b0\u1ee3c d\u00f9ng l\u00e0m th\u00e0nh ph\u1ea7n trong c\u00e1c c\u00f4ng th\u1ee9c n\u1ea5u \u0103n \u00edt carbohydrate v\u00e0 d\u00e0nh cho ng\u01b0\u1eddi ti\u1ec3u \u0111\u01b0\u1eddng.<\/p>\n<p>Polydextrose \u0111\u01b0\u1ee3c s\u1eed d\u1ee5ng nh\u01b0 m\u1ed9t ch\u1ea5t gi\u1eef \u1ea9m, ch\u1ea5t \u1ed5n \u0111\u1ecbnh v\u00e0 ch\u1ea5t l\u00e0m \u0111\u1eb7c.<\/p>\n<p>Polydextrose l\u00e0 m\u1ed9t th\u00e0nh ph\u1ea7n c\u1ee7a ch\u1ea5t t\u1ea1o ng\u1ecdt ch\u1ee9c n\u0103ng.<\/p>\n<p>Tr\u1ea1ng th\u00e1i Polydextrose:<\/p>\n<p>B\u1ed9t v\u00f4 \u0111\u1ecbnh h\u00ecnh r\u1eafn m\u00e0u tr\u1eafng ho\u1eb7c g\u1ea7n tr\u1eafng, tan trong n\u01b0\u1edbc, \u0111\u1ed9 h\u00f2a tan 70%. Gi\u00e1 tr\u1ecb PH c\u1ee7a dung d\u1ecbch n\u01b0\u1edbc 10% l\u00e0 2,5-7,0.<\/p>","protected":false},"excerpt":{"rendered":"<p>T\u00ean s\u1ea3n ph\u1ea9m: Polydextrose<br \/>\nS\u1ed1 CAS: 68424-04-4<br \/>\nMF:C12H22O11<br \/>\nNgo\u1ea1i h\u00ecnh: s\u1ee9c m\u1ea1nh m\u00e0u tr\u1eafng<\/p>","protected":false},"featured_media":2155,"template":"","meta":{"_acf_changed":false,"_gspb_post_css":""},"product_brand":[],"product_cat":[55,56],"product_tag":[],"class_list":{"0":"post-3478","1":"product","2":"type-product","3":"status-publish","4":"has-post-thumbnail","6":"product_cat-food-additives","7":"product_cat-sweetener","9":"first","10":"instock","11":"shipping-taxable","12":"product-type-simple"},"acf":[],"_links":{"self":[{"href":"https:\/\/wpachem.com\/vi\/wp-json\/wp\/v2\/product\/3478","targetHints":{"allow":["GET"]}}],"collection":[{"href":"https:\/\/wpachem.com\/vi\/wp-json\/wp\/v2\/product"}],"about":[{"href":"https:\/\/wpachem.com\/vi\/wp-json\/wp\/v2\/types\/product"}],"version-history":[{"count":0,"href":"https:\/\/wpachem.com\/vi\/wp-json\/wp\/v2\/product\/3478\/revisions"}],"wp:featuredmedia":[{"embeddable":true,"href":"https:\/\/wpachem.com\/vi\/wp-json\/wp\/v2\/media\/2155"}],"wp:attachment":[{"href":"https:\/\/wpachem.com\/vi\/wp-json\/wp\/v2\/media?parent=3478"}],"wp:term":[{"taxonomy":"product_brand","embeddable":true,"href":"https:\/\/wpachem.com\/vi\/wp-json\/wp\/v2\/product_brand?post=3478"},{"taxonomy":"product_cat","embeddable":true,"href":"https:\/\/wpachem.com\/vi\/wp-json\/wp\/v2\/product_cat?post=3478"},{"taxonomy":"product_tag","embeddable":true,"href":"https:\/\/wpachem.com\/vi\/wp-json\/wp\/v2\/product_tag?post=3478"}],"curies":[{"name":"wp","href":"https:\/\/api.w.org\/{rel}","templated":true}]}}