{"id":3481,"date":"2023-03-21T07:13:03","date_gmt":"2023-03-21T07:13:03","guid":{"rendered":"http:\/\/site2.easyceotech.com\/?post_type=product&#038;p=3481"},"modified":"2024-03-12T07:51:01","modified_gmt":"2024-03-12T07:51:01","slug":"dextrose-anhydrous","status":"publish","type":"product","link":"https:\/\/wpachem.com\/vi\/product\/dextrose-anhydrous\/","title":{"rendered":"Dextrose khan"},"content":{"rendered":"<p><strong data-spm-anchor-id=\"a2700.details.0.i23.49f52ab0I4GB6w\">M\u00f4 t\u1ea3 v\u1ec1 Glucose khan:<\/strong><\/p>\n<p>Glucose, t\u00ean g\u1ecdi kh\u00e1c c\u1ee7a glucose l\u00e0 dextrose<br \/>\nglucose l\u00e0 D-glucose k\u1ebft tinh v\u1edbi m\u1ed9t ph\u00e2n t\u1eed n\u01b0\u1edbc. glucose l\u00e0 glucose c\u00f3 ngu\u1ed3n g\u1ed1c th\u1ef1c v\u1eadt, thu \u0111\u01b0\u1ee3c th\u00f4ng qua qu\u00e1 tr\u00ecnh th\u1ee7y ph\u00e2n b\u1eb1ng enzym c\u1ee7a tinh b\u1ed9t ng\u00f4 (Kh\u00f4ng bi\u1ebfn \u0111\u1ed5i gen, kh\u00f4ng c\u00f3 GMO). glucose l\u00e0 m\u1ed9t lo\u1ea1i ch\u1ea5t t\u1ea1o ng\u1ecdt (trong dung d\u1ecbch 10%m\/m) t\u01b0\u01a1ng \u0111\u01b0\u01a1ng v\u1edbi 75% c\u1ee7a sucrose..<\/p>\n<div>\n<div>\n<div>\n<div>\n<div>\n<div><strong>Ch\u1ee9c n\u0103ng c\u1ee7a Glucose khan:<\/strong><\/div>\n<div>Trong c\u00f4ng nghi\u1ec7p, Glucose \u0111\u01b0\u1ee3c s\u1ea3n xu\u1ea5t b\u1eb1ng c\u00e1ch th\u1ee7y ph\u00e2n tinh b\u1ed9t. V\u00e0o nh\u1eefng n\u0103m 1960, s\u1ea3n xu\u1ea5t glucose b\u1eb1ng enzyme vi khu\u1ea9n \u0111\u00e3 \u0111\u01b0\u1ee3c s\u1eed d\u1ee5ng. \u0110\u00e2y l\u00e0 m\u1ed9t c\u1ea3i ti\u1ebfn l\u1edbn c\u00f3 nh\u1eefng \u01b0u \u0111i\u1ec3m \u0111\u00e1ng k\u1ec3 so v\u1edbi qu\u00e1 tr\u00ecnh th\u1ee7y ph\u00e2n axit. Trong qu\u00e1 tr\u00ecnh s\u1ea3n xu\u1ea5t, nguy\u00ean li\u1ec7u th\u00f4 kh\u00f4ng c\u1ea7n ph\u1ea3i tinh ch\u1ebf, kh\u00f4ng c\u1ea7n thi\u1ebft b\u1ecb ch\u1ecbu axit v\u00e0 \u00e1p su\u1ea5t, v\u00e0 ch\u1ea5t l\u1ecfng \u0111\u01b0\u1eddng kh\u00f4ng c\u00f3 v\u1ecb \u0111\u1eafng v\u00e0 n\u0103ng su\u1ea5t \u0111\u01b0\u1eddng cao.<\/div>\n<\/div>\n<\/div>\n<\/div>\n<\/div>\n<\/div>\n<div>\n<div>\n<div>\n<div>\n<div>\n<div>\n<p><strong>\u1ee8ng d\u1ee5ng c\u1ee7a Glucose khan:<\/strong><\/p>\n<div>Glucose ch\u1ee7 y\u1ebfu \u0111\u01b0\u1ee3c s\u1eed d\u1ee5ng nh\u01b0 m\u1ed9t ch\u1ea5t dinh d\u01b0\u1ee1ng \u0111\u1ec3 ti\u00eam (ti\u00eam glucose) trong y h\u1ecdc. Glucose ch\u1ee7 y\u1ebfu \u0111\u01b0\u1ee3c s\u1eed d\u1ee5ng nh\u01b0 m\u1ed9t ch\u1ea5t dinh d\u01b0\u1ee1ng \u0111\u1ec3 ti\u00eam (ti\u00eam glucose) trong y h\u1ecdc.<\/div>\n<div>t\u1eeb kh\u00f3a: Glucose khan;B\u1ed9t Glucose khan;Gi\u00e1 Glucose khan;<\/div>\n<\/div>\n<\/div>\n<\/div>\n<\/div>\n<\/div>\n<\/div>\n<p>&nbsp;<\/p>","protected":false},"excerpt":{"rendered":"<p>T\u00ean s\u1ea3n ph\u1ea9m: Dextrose khan<br \/>\nS\u1ed1 CAS: 50-99-7<br \/>\nMF:C6H12O6<br \/>\nNgo\u1ea1i h\u00ecnh: s\u1ee9c m\u1ea1nh m\u00e0u tr\u1eafng<\/p>","protected":false},"featured_media":2153,"template":"","meta":{"_acf_changed":false,"_gspb_post_css":""},"product_brand":[],"product_cat":[55,56],"product_tag":[],"class_list":{"0":"post-3481","1":"product","2":"type-product","3":"status-publish","4":"has-post-thumbnail","6":"product_cat-food-additives","7":"product_cat-sweetener","9":"first","10":"instock","11":"shipping-taxable","12":"product-type-simple"},"acf":[],"_links":{"self":[{"href":"https:\/\/wpachem.com\/vi\/wp-json\/wp\/v2\/product\/3481","targetHints":{"allow":["GET"]}}],"collection":[{"href":"https:\/\/wpachem.com\/vi\/wp-json\/wp\/v2\/product"}],"about":[{"href":"https:\/\/wpachem.com\/vi\/wp-json\/wp\/v2\/types\/product"}],"version-history":[{"count":0,"href":"https:\/\/wpachem.com\/vi\/wp-json\/wp\/v2\/product\/3481\/revisions"}],"wp:featuredmedia":[{"embeddable":true,"href":"https:\/\/wpachem.com\/vi\/wp-json\/wp\/v2\/media\/2153"}],"wp:attachment":[{"href":"https:\/\/wpachem.com\/vi\/wp-json\/wp\/v2\/media?parent=3481"}],"wp:term":[{"taxonomy":"product_brand","embeddable":true,"href":"https:\/\/wpachem.com\/vi\/wp-json\/wp\/v2\/product_brand?post=3481"},{"taxonomy":"product_cat","embeddable":true,"href":"https:\/\/wpachem.com\/vi\/wp-json\/wp\/v2\/product_cat?post=3481"},{"taxonomy":"product_tag","embeddable":true,"href":"https:\/\/wpachem.com\/vi\/wp-json\/wp\/v2\/product_tag?post=3481"}],"curies":[{"name":"wp","href":"https:\/\/api.w.org\/{rel}","templated":true}]}}