{"id":3484,"date":"2023-03-21T07:17:12","date_gmt":"2023-03-21T07:17:12","guid":{"rendered":"http:\/\/site2.easyceotech.com\/?post_type=product&#038;p=3484"},"modified":"2024-03-12T07:50:29","modified_gmt":"2024-03-12T07:50:29","slug":"mannitol","status":"publish","type":"product","link":"https:\/\/wpachem.com\/vi\/product\/mannitol\/","title":{"rendered":"Mannitol"},"content":{"rendered":"<p><strong>Gi\u1edbi thi\u1ec7u:<\/strong><\/p>\n<div><strong>Tinh th\u1ec3 kim m\u00e0u tr\u1eafng. \u0110i\u1ec3m n\u00f3ng ch\u1ea3y 166, t\u1ef7 tr\u1ecdng t\u01b0\u01a1ng \u0111\u1ed1i 1,52, 1,489 (20\u2103), \u0111i\u1ec3m s\u00f4i 290-295\u2103 (467kPa). 1g s\u1ea3n ph\u1ea9m h\u00f2a tan trong kho\u1ea3ng 5,5ml n\u01b0\u1edbc (kho\u1ea3ng 18%, 25\u2103), 83ml r\u01b0\u1ee3u, h\u00f2a tan nhi\u1ec1u h\u01a1n trong n\u01b0\u1edbc n\u00f3ng, h\u00f2a tan trong pyridine v\u00e0 aniline, kh\u00f4ng h\u00f2a tan trong ete. Dung d\u1ecbch n\u01b0\u1edbc c\u00f3 t\u00ednh axit. S\u1ea3n ph\u1ea9m n\u00e0y l\u00e0 ch\u1ea5t \u0111\u1ed3ng ph\u00e2n sorbitol, sorbitol r\u1ea5t h\u00fat \u1ea9m, v\u00e0 s\u1ea3n ph\u1ea9m n\u00e0y kh\u00f4ng c\u00f3 t\u00ednh h\u00fat \u1ea9m. Mannitol c\u00f3 v\u1ecb ng\u1ecdt, t\u01b0\u01a1ng \u0111\u01b0\u01a1ng v\u1edbi 70% \u0111\u1ed9 ng\u1ecdt c\u1ee7a sucrose.<\/strong><\/div>\n<div><\/div>\n<div>\n<div><strong>\u1ee8ng d\u1ee5ng:<\/strong><\/div>\n<div><strong>\u0110\u1ed1i v\u1edbi th\u1ef1c ph\u1ea9m: L\u00e0 ch\u1ea5t nh\u0169 h\u00f3a th\u1ef1c ph\u1ea9m, ch\u1ea5t ph\u00e2n t\u00e1n c\u00f3 th\u1ec3 \u0111\u01b0\u1ee3c s\u1eed d\u1ee5ng r\u1ed9ng r\u00e3i trong b\u00e1nh ng\u1ecdt, k\u1eb9o, \u0111\u1ed3 u\u1ed1ng, v.v. s\u1ea3n ph\u1ea9m c\u00f3 \u0111\u1ed9 h\u1ea5p th\u1ee5 n\u01b0\u1edbc nh\u1ecf nh\u1ea5t trong \u0111\u01b0\u1eddng v\u00e0 r\u01b0\u1ee3u \u0111\u01b0\u1eddng, v\u00e0 c\u00f3 v\u1ecb ng\u1ecdt gi\u00f2n. N\u00f3 \u0111\u01b0\u1ee3c s\u1eed d\u1ee5ng \u0111\u1ec3 ch\u1ed1ng d\u00ednh maltose, k\u1eb9o cao su, b\u00e1nh g\u1ea1o v\u00e0 c\u00e1c lo\u1ea1i th\u1ef1c ph\u1ea9m kh\u00e1c, c\u0169ng nh\u01b0 b\u1ed9t ch\u1ed1ng d\u00ednh cho b\u00e1nh n\u00f3i chung. N\u00f3 c\u0169ng c\u00f3 th\u1ec3 \u0111\u01b0\u1ee3c s\u1eed d\u1ee5ng nh\u01b0 m\u1ed9t ch\u1ea5t t\u1ea1o ng\u1ecdt c\u00f3 gi\u00e1 tr\u1ecb calo th\u1ea5p v\u00e0 \u00edt \u0111\u01b0\u1eddng trong th\u1ef1c ph\u1ea9m cho b\u1ec7nh nh\u00e2n ti\u1ec3u \u0111\u01b0\u1eddng v\u00e0 th\u1ef1c ph\u1ea9m th\u1ec3 h\u00ecnh.\u00a0<\/strong><\/div>\n<div><strong>Trong c\u00f4ng nghi\u1ec7p: mannitol c\u00f3 th\u1ec3 \u0111\u01b0\u1ee3c s\u1eed d\u1ee5ng trong ng\u00e0nh c\u00f4ng nghi\u1ec7p nh\u1ef1a \u0111\u1ec3 s\u1ea3n xu\u1ea5t este nh\u1ef1a th\u00f4ng v\u00e0 nh\u1ef1a glycerol nh\u00e2n t\u1ea1o, v.v.<\/strong><\/div>\n<\/div>\n<p>&nbsp;<\/p>","protected":false},"excerpt":{"rendered":"<p>T\u00ean s\u1ea3n ph\u1ea9m:Manitol<br \/>\nS\u1ed1 CAS: 87-78-5<br \/>\nMF:C6H14O6<br \/>\nNgo\u1ea1i h\u00ecnh: s\u1ee9c m\u1ea1nh m\u00e0u tr\u1eafng<\/p>","protected":false},"featured_media":2177,"template":"","meta":{"_acf_changed":false,"_gspb_post_css":""},"product_brand":[],"product_cat":[55,56],"product_tag":[],"class_list":{"0":"post-3484","1":"product","2":"type-product","3":"status-publish","4":"has-post-thumbnail","6":"product_cat-food-additives","7":"product_cat-sweetener","9":"first","10":"instock","11":"shipping-taxable","12":"product-type-simple"},"acf":[],"_links":{"self":[{"href":"https:\/\/wpachem.com\/vi\/wp-json\/wp\/v2\/product\/3484","targetHints":{"allow":["GET"]}}],"collection":[{"href":"https:\/\/wpachem.com\/vi\/wp-json\/wp\/v2\/product"}],"about":[{"href":"https:\/\/wpachem.com\/vi\/wp-json\/wp\/v2\/types\/product"}],"version-history":[{"count":0,"href":"https:\/\/wpachem.com\/vi\/wp-json\/wp\/v2\/product\/3484\/revisions"}],"wp:featuredmedia":[{"embeddable":true,"href":"https:\/\/wpachem.com\/vi\/wp-json\/wp\/v2\/media\/2177"}],"wp:attachment":[{"href":"https:\/\/wpachem.com\/vi\/wp-json\/wp\/v2\/media?parent=3484"}],"wp:term":[{"taxonomy":"product_brand","embeddable":true,"href":"https:\/\/wpachem.com\/vi\/wp-json\/wp\/v2\/product_brand?post=3484"},{"taxonomy":"product_cat","embeddable":true,"href":"https:\/\/wpachem.com\/vi\/wp-json\/wp\/v2\/product_cat?post=3484"},{"taxonomy":"product_tag","embeddable":true,"href":"https:\/\/wpachem.com\/vi\/wp-json\/wp\/v2\/product_tag?post=3484"}],"curies":[{"name":"wp","href":"https:\/\/api.w.org\/{rel}","templated":true}]}}